{"id":7891,"date":"2026-01-26T11:17:49","date_gmt":"2026-01-26T10:17:49","guid":{"rendered":"https:\/\/www.shop.plumesdesetoiles.fr\/?post_type=product&#038;p=7891"},"modified":"2026-01-26T11:17:49","modified_gmt":"2026-01-26T10:17:49","slug":"coin-des-tresors-oublies-reves-de-lumiere","status":"publish","type":"product","link":"https:\/\/www.shop.plumesdesetoiles.fr\/en\/shop\/le-coin-des-tresors-oublies\/coin-des-tresors-oublies-reves-de-lumiere\/","title":{"rendered":"\ud83c\udf1f Le Coin des Tr\u00e9sors Oubli\u00e9s \u2013 Lot 5 : R\u00eaves de Lumi\u00e8re"},"content":{"rendered":"<p data-start=\"217\" data-end=\"394\">\ud83d\udd6f\ufe0f <em data-start=\"221\" data-end=\"310\">Certains tr\u00e9sors ont attendu, berc\u00e9s par les reflets des \u00e9toiles et la douceur du vent\u2026<\/em><br data-start=\"310\" data-end=\"313\" \/><em data-start=\"313\" data-end=\"392\">Ils portent la clart\u00e9 des r\u00eaves et l\u2019\u00e9clat d\u00e9licat des cr\u00e9ations artisanales.<\/em><\/p>\n<p data-start=\"396\" data-end=\"566\">Aujourd\u2019hui, ils s\u2019offrent une derni\u00e8re lumi\u00e8re avant de dispara\u00eetre pour toujours.<br data-start=\"479\" data-end=\"482\" \/>\u2728 Chaque pi\u00e8ce est unique, issue d\u2019anciennes collections, et ne sera plus recr\u00e9\u00e9e.<\/p>\n<h3 style=\"text-align: justify;\" data-start=\"726\" data-end=\"761\">\ud83c\udf1f R\u00eaves de Lumi\u00e8re r\u00e9unit :<\/h3>\n<p style=\"text-align: justify;\" data-start=\"763\" data-end=\"804\"><strong>\ud83d\udc8e\u00a0Bijoux &amp; cr\u00e9ations artisanales<\/strong><\/p>\n<ul>\n<li data-start=\"651\" data-end=\"723\">Collier <strong data-start=\"659\" data-end=\"694\">Dichro\u00efque aux Reflets Magiques<\/strong>, scintillant et myst\u00e9rieux<\/li>\n<li data-start=\"726\" data-end=\"792\">Collier <strong data-start=\"734\" data-end=\"769\">Multirangs \u2013 \u00c9l\u00e9gance m\u00e9di\u00e9vale<\/strong>, raffin\u00e9 et po\u00e9tique<\/li>\n<li data-start=\"795\" data-end=\"864\">Collier <strong data-start=\"803\" data-end=\"843\">Tiss\u00e9 \u00c9l\u00e9gant en Perles et Dentelles<\/strong>, unique et raffin\u00e9<\/li>\n<li data-start=\"867\" data-end=\"943\">Bracelets en <strong data-start=\"880\" data-end=\"919\">Cristal facett\u00e9 \u2013 \u00c9clat et \u00e9l\u00e9gance<\/strong>, lumineux et d\u00e9licats<\/li>\n<li data-start=\"946\" data-end=\"1012\">Boucles d\u2019oreilles <strong data-start=\"965\" data-end=\"989\">Elisabeth De Bavi\u00e8re<\/strong>, nobles et raffin\u00e9es<\/li>\n<\/ul>\n<p style=\"text-align: justify;\" data-start=\"1157\" data-end=\"1184\"><strong data-start=\"1157\" data-end=\"1184\">\u270f\ufe0f Papeterie &amp; \u00e9criture<\/strong><\/p>\n<ul>\n<li data-start=\"1047\" data-end=\"1113\">Bloc-notes <strong data-start=\"1058\" data-end=\"1077\">Fleurs de Lotus<\/strong>, pour vos pens\u00e9es et inspirations<\/li>\n<li data-start=\"1116\" data-end=\"1192\">Stylo-Bille <strong data-start=\"1128\" data-end=\"1170\">Fl\u00e8ches \u2013 R\u00eaves esquiss\u00e9s dans le vent<\/strong>, po\u00e9tique et pr\u00e9cis<\/li>\n<li data-start=\"1195\" data-end=\"1267\">Stylo-Bille <strong data-start=\"1207\" data-end=\"1245\">Crois\u00e9s \u2013 Voyage au fil des lignes<\/strong>, \u00e9l\u00e9gant et cr\u00e9atif<\/li>\n<\/ul>\n<p style=\"text-align: justify;\" data-start=\"1431\" data-end=\"1456\"><strong data-start=\"1431\" data-end=\"1456\">\ud83c\udf38 Accessoire textile<\/strong><\/p>\n<ul>\n<li data-start=\"1459\" data-end=\"1542\">Berlingot <strong data-start=\"1280\" data-end=\"1295\">Bord de Mer<\/strong>, cousu main, doux et pratique<\/li>\n<\/ul>\n<h3 style=\"text-align: justify;\" data-start=\"1549\" data-end=\"1599\">\u2728 <strong data-start=\"1555\" data-end=\"1599\">Chaque cr\u00e9ation est une derni\u00e8re \u00e9dition<\/strong><\/h3>\n<p data-start=\"1359\" data-end=\"1463\">Ces cr\u00e9ations uniques sont <strong data-start=\"1387\" data-end=\"1432\">disponibles jusqu\u2019\u00e0 \u00e9puisement des stocks<\/strong>, puis dispara\u00eetront doucement.<\/p>\n<ul>\n<li data-start=\"1467\" data-end=\"1603\">\ud83d\udc8c Livraison depuis l\u2019atelier, soigneusement pr\u00e9par\u00e9e<\/li>\n<li data-start=\"1467\" data-end=\"1603\">\ud83c\udf3f Cr\u00e9ations artisanales et uniques<\/li>\n<li data-start=\"1467\" data-end=\"1603\">\ud83c\udf19 Non reproduites une fois \u00e9puis\u00e9es<\/li>\n<\/ul>\n<blockquote>\n<h3 style=\"text-align: center;\" data-start=\"1961\" data-end=\"1987\">\ud83c\udf19 <strong data-start=\"1755\" data-end=\"1774\">\u00c9clat des R\u00eaves de Lumi\u00e8re<\/strong><\/h3>\n<p style=\"text-align: center;\" data-start=\"1990\" data-end=\"2122\"><em data-start=\"1777\" data-end=\"1901\">Offre \u00e0 ces cr\u00e9ations leur derni\u00e8re danse sous la lumi\u00e8re des \u00e9toiles,<br data-start=\"1848\" data-end=\"1851\" \/>et laisse-les briller dans le creux de tes mains.<\/em> \ud83c\udf1f<\/p>\n<\/blockquote>","protected":false},"excerpt":{"rendered":"<p>Tr\u00e9sors lumineux : bijoux, papeterie et accessoires artisanaux, derniers exemplaires.<br \/>\n\ud83c\udf1f R\u00eaves de Lumi\u00e8re illumine vos instants magiques.<\/p>","protected":false},"featured_media":7892,"comment_status":"open","ping_status":"closed","template":"","meta":{"_uag_custom_page_level_css":"","site-sidebar-layout":"default","site-content-layout":"","ast-site-content-layout":"default","site-content-style":"default","site-sidebar-style":"default","ast-global-header-display":"","ast-banner-title-visibility":"","ast-main-header-display":"","ast-hfb-above-header-display":"","ast-hfb-below-header-display":"","ast-hfb-mobile-header-display":"","site-post-title":"","ast-breadcrumbs-content":"","ast-featured-img":"","footer-sml-layout":"","ast-disable-related-posts":"","theme-transparent-header-meta":"default","adv-header-id-meta":"","stick-header-meta":"","header-above-stick-meta":"","header-main-stick-meta":"","header-below-stick-meta":"","astra-migrate-meta-layouts":"set","ast-page-background-enabled":"default","ast-page-background-meta":{"desktop":{"background-color":"","background-image":"","background-repeat":"repeat","background-position":"center center","background-size":"auto","background-attachment":"scroll","background-type":"","background-media":"","overlay-type":"","overlay-color":"","overlay-opacity":"","overlay-gradient":""},"tablet":{"background-color":"","background-image":"","background-repeat":"repeat","background-position":"center center","background-size":"auto","background-attachment":"scroll","background-type":"","background-media":"","overlay-type":"","overlay-color":"","overlay-opacity":"","overlay-gradient":""},"mobile":{"background-color":"","background-image":"","background-repeat":"repeat","background-position":"center center","background-size":"auto","background-attachment":"scroll","background-type":"","background-media":"","overlay-type":"","overlay-color":"","overlay-opacity":"","overlay-gradient":""}},"ast-content-background-meta":{"desktop":{"background-color":"var(--ast-global-color-5)","background-image":"","background-repeat":"repeat","background-position":"center center","background-size":"auto","background-attachment":"scroll","background-type":"","background-media":"","overlay-type":"","overlay-color":"","overlay-opacity":"","overlay-gradient":""},"tablet":{"background-color":"var(--ast-global-color-5)","background-image":"","background-repeat":"repeat","background-position":"center center","background-size":"auto","background-attachment":"scroll","background-type":"","background-media":"","overlay-type":"","overlay-color":"","overlay-opacity":"","overlay-gradient":""},"mobile":{"background-color":"var(--ast-global-color-5)","background-image":"","background-repeat":"repeat","background-position":"center center","background-size":"auto","background-attachment":"scroll","background-type":"","background-media":"","overlay-type":"","overlay-color":"","overlay-opacity":"","overlay-gradient":""}}},"product_brand":[],"product_cat":[984],"product_tag":[1519,1561,1509,1558,1557,1556,1554,1545,1555,1510,1511,1553,1410,1562,1560,1559,1508],"class_list":{"0":"post-7891","1":"product","2":"type-product","3":"status-publish","4":"has-post-thumbnail","6":"product_cat-le-coin-des-tresors-oublies","7":"product_tag-atelier-creatif","8":"product_tag-berlingot-bord-de-mer","9":"product_tag-bijoux-artisanaux","10":"product_tag-bloc-notes-lotus","11":"product_tag-boucles-doreilles-elisabeth-de-baviere","12":"product_tag-bracelets-cristal-facette","13":"product_tag-collier-dichroique","14":"product_tag-collier-multirangs","15":"product_tag-collier-perles-et-dentelles","16":"product_tag-creations-uniques","17":"product_tag-fin-de-collection","18":"product_tag-lumiere","19":"product_tag-papeterie-poetique","20":"product_tag-reves-de-lumiere","21":"product_tag-stylo-bille-croises","22":"product_tag-stylo-bille-fleches","23":"product_tag-tresors-oublies","24":"desktop-align-center","25":"tablet-align-center","26":"mobile-align-center","28":"first","29":"instock","30":"sale","31":"shipping-taxable","32":"product-type-grouped"},"yoast_head":"<!-- This site is optimized with the Yoast SEO plugin v27.3 - https:\/\/yoast.com\/product\/yoast-seo-wordpress\/ -->\n<title>\ud83c\udf1f Le Coin des Tr\u00e9sors Oubli\u00e9s \u2013 Lot 5 : R\u00eaves de Lumi\u00e8re - L\u2019Atelier des Mondes \u00c9toil\u00e9s<\/title>\n<meta name=\"description\" content=\"Tr\u00e9sors lumineux : bijoux, papeterie et accessoires artisanaux, derniers exemplaires. \ud83c\udf1f R\u00eaves de Lumi\u00e8re illumine vos instants magiques.\" \/>\n<meta name=\"robots\" content=\"index, follow, max-snippet:-1, max-image-preview:large, max-video-preview:-1\" \/>\n<link rel=\"canonical\" href=\"https:\/\/www.shop.plumesdesetoiles.fr\/en\/shop\/le-coin-des-tresors-oublies\/coin-des-tresors-oublies-reves-de-lumiere\/\" \/>\n<meta property=\"og:locale\" content=\"en_GB\" \/>\n<meta property=\"og:type\" content=\"article\" \/>\n<meta property=\"og:title\" content=\"\ud83c\udf1f Le Coin des Tr\u00e9sors Oubli\u00e9s \u2013 Lot 5 : R\u00eaves de Lumi\u00e8re - L\u2019Atelier des Mondes \u00c9toil\u00e9s\" \/>\n<meta property=\"og:description\" content=\"Tr\u00e9sors lumineux : bijoux, papeterie et accessoires artisanaux, derniers exemplaires. \ud83c\udf1f R\u00eaves de Lumi\u00e8re illumine vos instants magiques.\" \/>\n<meta property=\"og:url\" content=\"https:\/\/www.shop.plumesdesetoiles.fr\/en\/shop\/le-coin-des-tresors-oublies\/coin-des-tresors-oublies-reves-de-lumiere\/\" \/>\n<meta property=\"og:site_name\" content=\"L\u2019Atelier des Mondes \u00c9toil\u00e9s\" \/>\n<meta property=\"og:image\" content=\"https:\/\/www.shop.plumesdesetoiles.fr\/wp-content\/uploads\/2025\/10\/Lot-n\u00b05-Reves-de-Lumiere-1024x1024.png\" \/>\n\t<meta property=\"og:image:width\" content=\"1024\" \/>\n\t<meta property=\"og:image:height\" content=\"1024\" \/>\n\t<meta property=\"og:image:type\" content=\"image\/png\" \/>\n<meta name=\"twitter:card\" content=\"summary_large_image\" \/>\n<meta name=\"twitter:label1\" content=\"Estimated reading time\" \/>\n\t<meta name=\"twitter:data1\" content=\"2 minutes\" \/>\n<script type=\"application\/ld+json\" class=\"yoast-schema-graph\">{\"@context\":\"https:\\\/\\\/schema.org\",\"@graph\":[{\"@type\":\"WebPage\",\"@id\":\"https:\\\/\\\/www.shop.plumesdesetoiles.fr\\\/shop\\\/le-coin-des-tresors-oublies\\\/coin-des-tresors-oublies-reves-de-lumiere\\\/\",\"url\":\"https:\\\/\\\/www.shop.plumesdesetoiles.fr\\\/shop\\\/le-coin-des-tresors-oublies\\\/coin-des-tresors-oublies-reves-de-lumiere\\\/\",\"name\":\"\ud83c\udf1f Le Coin des Tr\u00e9sors Oubli\u00e9s \u2013 Lot 5 : R\u00eaves de Lumi\u00e8re - L\u2019Atelier des Mondes \u00c9toil\u00e9s\",\"isPartOf\":{\"@id\":\"https:\\\/\\\/www.shop.plumesdesetoiles.fr\\\/#website\"},\"primaryImageOfPage\":{\"@id\":\"https:\\\/\\\/www.shop.plumesdesetoiles.fr\\\/shop\\\/le-coin-des-tresors-oublies\\\/coin-des-tresors-oublies-reves-de-lumiere\\\/#primaryimage\"},\"image\":{\"@id\":\"https:\\\/\\\/www.shop.plumesdesetoiles.fr\\\/shop\\\/le-coin-des-tresors-oublies\\\/coin-des-tresors-oublies-reves-de-lumiere\\\/#primaryimage\"},\"thumbnailUrl\":\"https:\\\/\\\/www.shop.plumesdesetoiles.fr\\\/wp-content\\\/uploads\\\/2025\\\/10\\\/Lot-n\u00b05-Reves-de-Lumiere.png\",\"datePublished\":\"2026-01-26T10:17:49+00:00\",\"description\":\"Tr\u00e9sors lumineux : bijoux, papeterie et accessoires artisanaux, derniers exemplaires. \ud83c\udf1f R\u00eaves de Lumi\u00e8re illumine vos instants magiques.\",\"breadcrumb\":{\"@id\":\"https:\\\/\\\/www.shop.plumesdesetoiles.fr\\\/shop\\\/le-coin-des-tresors-oublies\\\/coin-des-tresors-oublies-reves-de-lumiere\\\/#breadcrumb\"},\"inLanguage\":\"en-GB\",\"potentialAction\":[{\"@type\":\"ReadAction\",\"target\":[\"https:\\\/\\\/www.shop.plumesdesetoiles.fr\\\/shop\\\/le-coin-des-tresors-oublies\\\/coin-des-tresors-oublies-reves-de-lumiere\\\/\"]}]},{\"@type\":\"ImageObject\",\"inLanguage\":\"en-GB\",\"@id\":\"https:\\\/\\\/www.shop.plumesdesetoiles.fr\\\/shop\\\/le-coin-des-tresors-oublies\\\/coin-des-tresors-oublies-reves-de-lumiere\\\/#primaryimage\",\"url\":\"https:\\\/\\\/www.shop.plumesdesetoiles.fr\\\/wp-content\\\/uploads\\\/2025\\\/10\\\/Lot-n\u00b05-Reves-de-Lumiere.png\",\"contentUrl\":\"https:\\\/\\\/www.shop.plumesdesetoiles.fr\\\/wp-content\\\/uploads\\\/2025\\\/10\\\/Lot-n\u00b05-Reves-de-Lumiere.png\",\"width\":1080,\"height\":1080,\"caption\":\"Tr\u00e9sors lumineux : bijoux, papeterie et accessoires artisanaux, derniers exemplaires. \ud83c\udf1f R\u00eaves de Lumi\u00e8re illumine vos instants magiques.\"},{\"@type\":\"BreadcrumbList\",\"@id\":\"https:\\\/\\\/www.shop.plumesdesetoiles.fr\\\/shop\\\/le-coin-des-tresors-oublies\\\/coin-des-tresors-oublies-reves-de-lumiere\\\/#breadcrumb\",\"itemListElement\":[{\"@type\":\"ListItem\",\"position\":1,\"name\":\"Accueil\",\"item\":\"https:\\\/\\\/www.shop.plumesdesetoiles.fr\\\/\"},{\"@type\":\"ListItem\",\"position\":2,\"name\":\"\ud83d\uded2 Ma Boutique\",\"item\":\"https:\\\/\\\/www.shop.plumesdesetoiles.fr\\\/shop\\\/\"},{\"@type\":\"ListItem\",\"position\":3,\"name\":\"\ud83c\udf1f Le Coin des Tr\u00e9sors Oubli\u00e9s \u2013 Lot 5 : R\u00eaves de Lumi\u00e8re\"}]},{\"@type\":\"WebSite\",\"@id\":\"https:\\\/\\\/www.shop.plumesdesetoiles.fr\\\/#website\",\"url\":\"https:\\\/\\\/www.shop.plumesdesetoiles.fr\\\/\",\"name\":\"L\u2019Atelier des Mondes \u00c9toil\u00e9s\",\"description\":\"\",\"publisher\":{\"@id\":\"https:\\\/\\\/www.shop.plumesdesetoiles.fr\\\/#organization\"},\"potentialAction\":[{\"@type\":\"SearchAction\",\"target\":{\"@type\":\"EntryPoint\",\"urlTemplate\":\"https:\\\/\\\/www.shop.plumesdesetoiles.fr\\\/?s={search_term_string}\"},\"query-input\":{\"@type\":\"PropertyValueSpecification\",\"valueRequired\":true,\"valueName\":\"search_term_string\"}}],\"inLanguage\":\"en-GB\"},{\"@type\":\"Organization\",\"@id\":\"https:\\\/\\\/www.shop.plumesdesetoiles.fr\\\/#organization\",\"name\":\"L\u2019Atelier des Mondes \u00c9toil\u00e9s\",\"url\":\"https:\\\/\\\/www.shop.plumesdesetoiles.fr\\\/\",\"logo\":{\"@type\":\"ImageObject\",\"inLanguage\":\"en-GB\",\"@id\":\"https:\\\/\\\/www.shop.plumesdesetoiles.fr\\\/#\\\/schema\\\/logo\\\/image\\\/\",\"url\":\"https:\\\/\\\/www.shop.plumesdesetoiles.fr\\\/wp-content\\\/uploads\\\/2026\\\/01\\\/Logo-site-2026.png\",\"contentUrl\":\"https:\\\/\\\/www.shop.plumesdesetoiles.fr\\\/wp-content\\\/uploads\\\/2026\\\/01\\\/Logo-site-2026.png\",\"width\":512,\"height\":512,\"caption\":\"L\u2019Atelier des Mondes \u00c9toil\u00e9s\"},\"image\":{\"@id\":\"https:\\\/\\\/www.shop.plumesdesetoiles.fr\\\/#\\\/schema\\\/logo\\\/image\\\/\"}}]}<\/script>\n<!-- \/ Yoast SEO plugin. -->","yoast_head_json":{"title":"\ud83c\udf1f Le Coin des Tr\u00e9sors Oubli\u00e9s \u2013 Lot 5 : R\u00eaves de Lumi\u00e8re - L\u2019Atelier des Mondes \u00c9toil\u00e9s","description":"Tr\u00e9sors lumineux : bijoux, papeterie et accessoires artisanaux, derniers exemplaires. \ud83c\udf1f R\u00eaves de Lumi\u00e8re illumine vos instants magiques.","robots":{"index":"index","follow":"follow","max-snippet":"max-snippet:-1","max-image-preview":"max-image-preview:large","max-video-preview":"max-video-preview:-1"},"canonical":"https:\/\/www.shop.plumesdesetoiles.fr\/en\/shop\/le-coin-des-tresors-oublies\/coin-des-tresors-oublies-reves-de-lumiere\/","og_locale":"en_GB","og_type":"article","og_title":"\ud83c\udf1f Le Coin des Tr\u00e9sors Oubli\u00e9s \u2013 Lot 5 : R\u00eaves de Lumi\u00e8re - L\u2019Atelier des Mondes \u00c9toil\u00e9s","og_description":"Tr\u00e9sors lumineux : bijoux, papeterie et accessoires artisanaux, derniers exemplaires. \ud83c\udf1f R\u00eaves de Lumi\u00e8re illumine vos instants magiques.","og_url":"https:\/\/www.shop.plumesdesetoiles.fr\/en\/shop\/le-coin-des-tresors-oublies\/coin-des-tresors-oublies-reves-de-lumiere\/","og_site_name":"L\u2019Atelier des Mondes \u00c9toil\u00e9s","og_image":[{"width":1024,"height":1024,"url":"https:\/\/www.shop.plumesdesetoiles.fr\/wp-content\/uploads\/2025\/10\/Lot-n\u00b05-Reves-de-Lumiere-1024x1024.png","type":"image\/png"}],"twitter_card":"summary_large_image","twitter_misc":{"Estimated reading time":"2 minutes"},"schema":{"@context":"https:\/\/schema.org","@graph":[{"@type":"WebPage","@id":"https:\/\/www.shop.plumesdesetoiles.fr\/shop\/le-coin-des-tresors-oublies\/coin-des-tresors-oublies-reves-de-lumiere\/","url":"https:\/\/www.shop.plumesdesetoiles.fr\/shop\/le-coin-des-tresors-oublies\/coin-des-tresors-oublies-reves-de-lumiere\/","name":"\ud83c\udf1f Le Coin des Tr\u00e9sors Oubli\u00e9s \u2013 Lot 5 : R\u00eaves de Lumi\u00e8re - L\u2019Atelier des Mondes \u00c9toil\u00e9s","isPartOf":{"@id":"https:\/\/www.shop.plumesdesetoiles.fr\/#website"},"primaryImageOfPage":{"@id":"https:\/\/www.shop.plumesdesetoiles.fr\/shop\/le-coin-des-tresors-oublies\/coin-des-tresors-oublies-reves-de-lumiere\/#primaryimage"},"image":{"@id":"https:\/\/www.shop.plumesdesetoiles.fr\/shop\/le-coin-des-tresors-oublies\/coin-des-tresors-oublies-reves-de-lumiere\/#primaryimage"},"thumbnailUrl":"https:\/\/www.shop.plumesdesetoiles.fr\/wp-content\/uploads\/2025\/10\/Lot-n\u00b05-Reves-de-Lumiere.png","datePublished":"2026-01-26T10:17:49+00:00","description":"Tr\u00e9sors lumineux : bijoux, papeterie et accessoires artisanaux, derniers exemplaires. \ud83c\udf1f R\u00eaves de Lumi\u00e8re illumine vos instants magiques.","breadcrumb":{"@id":"https:\/\/www.shop.plumesdesetoiles.fr\/shop\/le-coin-des-tresors-oublies\/coin-des-tresors-oublies-reves-de-lumiere\/#breadcrumb"},"inLanguage":"en-GB","potentialAction":[{"@type":"ReadAction","target":["https:\/\/www.shop.plumesdesetoiles.fr\/shop\/le-coin-des-tresors-oublies\/coin-des-tresors-oublies-reves-de-lumiere\/"]}]},{"@type":"ImageObject","inLanguage":"en-GB","@id":"https:\/\/www.shop.plumesdesetoiles.fr\/shop\/le-coin-des-tresors-oublies\/coin-des-tresors-oublies-reves-de-lumiere\/#primaryimage","url":"https:\/\/www.shop.plumesdesetoiles.fr\/wp-content\/uploads\/2025\/10\/Lot-n\u00b05-Reves-de-Lumiere.png","contentUrl":"https:\/\/www.shop.plumesdesetoiles.fr\/wp-content\/uploads\/2025\/10\/Lot-n\u00b05-Reves-de-Lumiere.png","width":1080,"height":1080,"caption":"Tr\u00e9sors lumineux : bijoux, papeterie et accessoires artisanaux, derniers exemplaires. \ud83c\udf1f R\u00eaves de Lumi\u00e8re illumine vos instants magiques."},{"@type":"BreadcrumbList","@id":"https:\/\/www.shop.plumesdesetoiles.fr\/shop\/le-coin-des-tresors-oublies\/coin-des-tresors-oublies-reves-de-lumiere\/#breadcrumb","itemListElement":[{"@type":"ListItem","position":1,"name":"Accueil","item":"https:\/\/www.shop.plumesdesetoiles.fr\/"},{"@type":"ListItem","position":2,"name":"\ud83d\uded2 Ma Boutique","item":"https:\/\/www.shop.plumesdesetoiles.fr\/shop\/"},{"@type":"ListItem","position":3,"name":"\ud83c\udf1f Le Coin des Tr\u00e9sors Oubli\u00e9s \u2013 Lot 5 : R\u00eaves de Lumi\u00e8re"}]},{"@type":"WebSite","@id":"https:\/\/www.shop.plumesdesetoiles.fr\/#website","url":"https:\/\/www.shop.plumesdesetoiles.fr\/","name":"L\u2019Atelier des Mondes \u00c9toil\u00e9s","description":"","publisher":{"@id":"https:\/\/www.shop.plumesdesetoiles.fr\/#organization"},"potentialAction":[{"@type":"SearchAction","target":{"@type":"EntryPoint","urlTemplate":"https:\/\/www.shop.plumesdesetoiles.fr\/?s={search_term_string}"},"query-input":{"@type":"PropertyValueSpecification","valueRequired":true,"valueName":"search_term_string"}}],"inLanguage":"en-GB"},{"@type":"Organization","@id":"https:\/\/www.shop.plumesdesetoiles.fr\/#organization","name":"L\u2019Atelier des Mondes \u00c9toil\u00e9s","url":"https:\/\/www.shop.plumesdesetoiles.fr\/","logo":{"@type":"ImageObject","inLanguage":"en-GB","@id":"https:\/\/www.shop.plumesdesetoiles.fr\/#\/schema\/logo\/image\/","url":"https:\/\/www.shop.plumesdesetoiles.fr\/wp-content\/uploads\/2026\/01\/Logo-site-2026.png","contentUrl":"https:\/\/www.shop.plumesdesetoiles.fr\/wp-content\/uploads\/2026\/01\/Logo-site-2026.png","width":512,"height":512,"caption":"L\u2019Atelier des Mondes \u00c9toil\u00e9s"},"image":{"@id":"https:\/\/www.shop.plumesdesetoiles.fr\/#\/schema\/logo\/image\/"}}]}},"uagb_featured_image_src":{"full":["https:\/\/www.shop.plumesdesetoiles.fr\/wp-content\/uploads\/2025\/10\/Lot-n\u00b05-Reves-de-Lumiere.png",1080,1080,false],"thumbnail":["https:\/\/www.shop.plumesdesetoiles.fr\/wp-content\/uploads\/2025\/10\/Lot-n\u00b05-Reves-de-Lumiere-150x150.png",150,150,true],"medium":["https:\/\/www.shop.plumesdesetoiles.fr\/wp-content\/uploads\/2025\/10\/Lot-n\u00b05-Reves-de-Lumiere-300x300.png",300,300,true],"medium_large":["https:\/\/www.shop.plumesdesetoiles.fr\/wp-content\/uploads\/2025\/10\/Lot-n\u00b05-Reves-de-Lumiere-768x768.png",768,768,true],"large":["https:\/\/www.shop.plumesdesetoiles.fr\/wp-content\/uploads\/2025\/10\/Lot-n\u00b05-Reves-de-Lumiere-1024x1024.png",1024,1024,true],"1536x1536":["https:\/\/www.shop.plumesdesetoiles.fr\/wp-content\/uploads\/2025\/10\/Lot-n\u00b05-Reves-de-Lumiere.png",1080,1080,false],"2048x2048":["https:\/\/www.shop.plumesdesetoiles.fr\/wp-content\/uploads\/2025\/10\/Lot-n\u00b05-Reves-de-Lumiere.png",1080,1080,false],"trp-custom-language-flag":["https:\/\/www.shop.plumesdesetoiles.fr\/wp-content\/uploads\/2025\/10\/Lot-n\u00b05-Reves-de-Lumiere.png",12,12,false],"woocommerce_thumbnail":["https:\/\/www.shop.plumesdesetoiles.fr\/wp-content\/uploads\/2025\/10\/Lot-n\u00b05-Reves-de-Lumiere-300x300.png",300,300,true],"woocommerce_single":["https:\/\/www.shop.plumesdesetoiles.fr\/wp-content\/uploads\/2025\/10\/Lot-n\u00b05-Reves-de-Lumiere-600x600.png",600,600,true],"woocommerce_gallery_thumbnail":["https:\/\/www.shop.plumesdesetoiles.fr\/wp-content\/uploads\/2025\/10\/Lot-n\u00b05-Reves-de-Lumiere-150x150.png",100,100,true]},"uagb_author_info":{"display_name":"Plumes des Etoiles","author_link":"https:\/\/www.shop.plumesdesetoiles.fr\/en\/author\/"},"uagb_comment_info":0,"uagb_excerpt":"Tr\u00e9sors lumineux : bijoux, papeterie et accessoires artisanaux, derniers exemplaires. \ud83c\udf1f R\u00eaves de Lumi\u00e8re illumine vos instants magiques.","_links":{"self":[{"href":"https:\/\/www.shop.plumesdesetoiles.fr\/en\/wp-json\/wp\/v2\/product\/7891","targetHints":{"allow":["GET"]}}],"collection":[{"href":"https:\/\/www.shop.plumesdesetoiles.fr\/en\/wp-json\/wp\/v2\/product"}],"about":[{"href":"https:\/\/www.shop.plumesdesetoiles.fr\/en\/wp-json\/wp\/v2\/types\/product"}],"replies":[{"embeddable":true,"href":"https:\/\/www.shop.plumesdesetoiles.fr\/en\/wp-json\/wp\/v2\/comments?post=7891"}],"wp:featuredmedia":[{"embeddable":true,"href":"https:\/\/www.shop.plumesdesetoiles.fr\/en\/wp-json\/wp\/v2\/media\/7892"}],"wp:attachment":[{"href":"https:\/\/www.shop.plumesdesetoiles.fr\/en\/wp-json\/wp\/v2\/media?parent=7891"}],"wp:term":[{"taxonomy":"product_brand","embeddable":true,"href":"https:\/\/www.shop.plumesdesetoiles.fr\/en\/wp-json\/wp\/v2\/product_brand?post=7891"},{"taxonomy":"product_cat","embeddable":true,"href":"https:\/\/www.shop.plumesdesetoiles.fr\/en\/wp-json\/wp\/v2\/product_cat?post=7891"},{"taxonomy":"product_tag","embeddable":true,"href":"https:\/\/www.shop.plumesdesetoiles.fr\/en\/wp-json\/wp\/v2\/product_tag?post=7891"}],"curies":[{"name":"wp","href":"https:\/\/api.w.org\/{rel}","templated":true}]}}