{"id":7888,"date":"2026-01-26T11:17:49","date_gmt":"2026-01-26T10:17:49","guid":{"rendered":"https:\/\/www.shop.plumesdesetoiles.fr\/?post_type=product&#038;p=7888"},"modified":"2026-01-26T11:17:49","modified_gmt":"2026-01-26T10:17:49","slug":"coin-des-tresors-oublies-foret-interieure","status":"publish","type":"product","link":"https:\/\/www.shop.plumesdesetoiles.fr\/en\/shop\/le-coin-des-tresors-oublies\/coin-des-tresors-oublies-foret-interieure\/","title":{"rendered":"\ud83c\udf32 Le Coin des Tr\u00e9sors Oubli\u00e9s \u2013 Lot 4 : For\u00eat Int\u00e9rieure"},"content":{"rendered":"<p data-start=\"214\" data-end=\"410\">\ud83d\udd6f\ufe0f <em data-start=\"218\" data-end=\"308\">Certains tr\u00e9sors ont dormi, berc\u00e9s par le murmure des feuilles et le chant des rivi\u00e8res\u2026<\/em><br data-start=\"308\" data-end=\"311\" \/><em data-start=\"311\" data-end=\"408\">Ils portent la force et la s\u00e9r\u00e9nit\u00e9 des bois profonds, et la douceur des cr\u00e9ations faites main.<\/em><\/p>\n<p data-start=\"412\" data-end=\"577\">Aujourd\u2019hui, ils s\u2019offrent une derni\u00e8re lumi\u00e8re avant de dispara\u00eetre \u00e0 jamais.<br data-start=\"490\" data-end=\"493\" \/>\u2728 Chaque pi\u00e8ce est unique, issue d\u2019anciennes collections, et ne sera plus recr\u00e9\u00e9e.<\/p>\n<h3 style=\"text-align: justify;\" data-start=\"726\" data-end=\"761\">\ud83c\udf33 Lot 4 &#8211; For\u00eat Int\u00e9rieure r\u00e9unit :<\/h3>\n<p style=\"text-align: justify;\" data-start=\"763\" data-end=\"804\"><strong>\ud83d\udc8e\u00a0Bijoux &amp; cr\u00e9ations artisanales<\/strong><\/p>\n<ul>\n<li data-start=\"662\" data-end=\"744\">Collier <strong data-start=\"670\" data-end=\"700\">Art\u00e9mis \u2013 Dionysos et Gaia<\/strong>, symbole de nature et divinit\u00e9s anciennes<\/li>\n<li data-start=\"747\" data-end=\"820\">Collier <strong data-start=\"755\" data-end=\"798\">\u00c9l\u00e9gance unique \u2013 brod\u00e9 en jaspe color\u00e9<\/strong>, raffin\u00e9 et naturel<\/li>\n<li data-start=\"823\" data-end=\"885\">Collier <strong data-start=\"831\" data-end=\"866\">Multirangs \u2013 \u00c9l\u00e9gance m\u00e9di\u00e9vale<\/strong>, tiss\u00e9 avec soin<\/li>\n<li data-start=\"888\" data-end=\"958\">Bracelets style <strong data-start=\"904\" data-end=\"933\">Pandora \u2013 Mode &amp; \u00e9l\u00e9gance<\/strong>, charmants et d\u00e9licats<\/li>\n<li data-start=\"961\" data-end=\"1039\">Bracelet <strong data-start=\"970\" data-end=\"1017\">Fauna \u2013 Douceur velours, harmonie et beaut\u00e9<\/strong>, tactile et \u00e9l\u00e9gant<\/li>\n<li data-start=\"1042\" data-end=\"1114\">Boucles d\u2019oreilles <strong data-start=\"1061\" data-end=\"1084\">D\u00e9esse Guanyin Pusa<\/strong>, spirituelles et lumineuses<\/li>\n<\/ul>\n<p style=\"text-align: justify;\" data-start=\"1157\" data-end=\"1184\"><strong data-start=\"1157\" data-end=\"1184\">\u270f\ufe0f Papeterie &amp; \u00e9criture<\/strong><\/p>\n<ul>\n<li data-start=\"1187\" data-end=\"1234\">Bloc-notes <strong data-start=\"1160\" data-end=\"1174\">Grenouille<\/strong>, po\u00e9tique et ludique<\/li>\n<li data-start=\"1283\" data-end=\"1356\">Stylo-Bille <strong data-start=\"1212\" data-end=\"1257\">Losange \u2013 Style, pr\u00e9cision et raffinement<\/strong>, \u00e9l\u00e9gant et fonctionnel<\/li>\n<\/ul>\n<p style=\"text-align: justify;\" data-start=\"1431\" data-end=\"1456\"><strong data-start=\"1431\" data-end=\"1456\">\ud83c\udf38 Accessoire textile<\/strong><\/p>\n<ul>\n<li data-start=\"1459\" data-end=\"1542\">Sac au Crochet <strong data-start=\"1301\" data-end=\"1316\">Windflowers<\/strong>, l\u00e9ger, pratique et artisanal<\/li>\n<li data-start=\"1459\" data-end=\"1542\">Berlingot <strong data-start=\"1361\" data-end=\"1383\">Entre Terre et Mer<\/strong>, cousu main, parfait pour garder un petit secret ou bijou<\/li>\n<\/ul>\n<h3 style=\"text-align: justify;\" data-start=\"1549\" data-end=\"1599\">\u2728 <strong data-start=\"1555\" data-end=\"1599\">Chaque cr\u00e9ation est une derni\u00e8re \u00e9dition<\/strong><\/h3>\n<p data-start=\"1359\" data-end=\"1463\">Ces cr\u00e9ations uniques sont <strong data-start=\"1503\" data-end=\"1548\">disponibles jusqu\u2019\u00e0 \u00e9puisement des stocks<\/strong>, puis dispara\u00eetront doucement.<\/p>\n<ul>\n<li data-start=\"1467\" data-end=\"1603\">\ud83d\udc8c Livraison depuis l\u2019atelier, soigneusement pr\u00e9par\u00e9e<\/li>\n<li data-start=\"1467\" data-end=\"1603\">\ud83c\udf3f Cr\u00e9ations artisanales et uniques<\/li>\n<li data-start=\"1467\" data-end=\"1603\">\ud83c\udf19 Non reproduites une fois \u00e9puis\u00e9es<\/li>\n<\/ul>\n<blockquote>\n<h3 style=\"text-align: center;\" data-start=\"1961\" data-end=\"1987\">\ud83c\udf33 <strong data-start=\"1875\" data-end=\"1908\">Esprit de la For\u00eat Int\u00e9rieure<\/strong><\/h3>\n<p style=\"text-align: center;\" data-start=\"1990\" data-end=\"2122\"><em data-start=\"1911\" data-end=\"2003\">Offre \u00e0 ces cr\u00e9ations leur derni\u00e8re danse,<br data-start=\"1954\" data-end=\"1957\" \/>et laisse-les rayonner au creux de tes mains.<\/em> \ud83c\udf32<\/p>\n<\/blockquote>","protected":false},"excerpt":{"rendered":"<p>Tr\u00e9sors forestiers : bijoux, papeterie et accessoires artisanaux, derniers exemplaires.<\/p>\n<p>\ud83c\udf32 For\u00eat Int\u00e9rieure vous invite \u00e0 s\u00e9r\u00e9nit\u00e9 et harmonie.<\/p>","protected":false},"featured_media":7890,"comment_status":"open","ping_status":"closed","template":"","meta":{"_uag_custom_page_level_css":"","site-sidebar-layout":"default","site-content-layout":"","ast-site-content-layout":"default","site-content-style":"default","site-sidebar-style":"default","ast-global-header-display":"","ast-banner-title-visibility":"","ast-main-header-display":"","ast-hfb-above-header-display":"","ast-hfb-below-header-display":"","ast-hfb-mobile-header-display":"","site-post-title":"","ast-breadcrumbs-content":"","ast-featured-img":"","footer-sml-layout":"","ast-disable-related-posts":"","theme-transparent-header-meta":"default","adv-header-id-meta":"","stick-header-meta":"","header-above-stick-meta":"","header-main-stick-meta":"","header-below-stick-meta":"","astra-migrate-meta-layouts":"set","ast-page-background-enabled":"default","ast-page-background-meta":{"desktop":{"background-color":"","background-image":"","background-repeat":"repeat","background-position":"center center","background-size":"auto","background-attachment":"scroll","background-type":"","background-media":"","overlay-type":"","overlay-color":"","overlay-opacity":"","overlay-gradient":""},"tablet":{"background-color":"","background-image":"","background-repeat":"repeat","background-position":"center center","background-size":"auto","background-attachment":"scroll","background-type":"","background-media":"","overlay-type":"","overlay-color":"","overlay-opacity":"","overlay-gradient":""},"mobile":{"background-color":"","background-image":"","background-repeat":"repeat","background-position":"center center","background-size":"auto","background-attachment":"scroll","background-type":"","background-media":"","overlay-type":"","overlay-color":"","overlay-opacity":"","overlay-gradient":""}},"ast-content-background-meta":{"desktop":{"background-color":"var(--ast-global-color-5)","background-image":"","background-repeat":"repeat","background-position":"center center","background-size":"auto","background-attachment":"scroll","background-type":"","background-media":"","overlay-type":"","overlay-color":"","overlay-opacity":"","overlay-gradient":""},"tablet":{"background-color":"var(--ast-global-color-5)","background-image":"","background-repeat":"repeat","background-position":"center center","background-size":"auto","background-attachment":"scroll","background-type":"","background-media":"","overlay-type":"","overlay-color":"","overlay-opacity":"","overlay-gradient":""},"mobile":{"background-color":"var(--ast-global-color-5)","background-image":"","background-repeat":"repeat","background-position":"center center","background-size":"auto","background-attachment":"scroll","background-type":"","background-media":"","overlay-type":"","overlay-color":"","overlay-opacity":"","overlay-gradient":""}}},"product_brand":[],"product_cat":[984],"product_tag":[1519,1530,1509,1549,1548,1547,1546,1543,1544,1545,1510,1511,1542,1552,1410,1551,1550,1508],"class_list":{"0":"post-7888","1":"product","2":"type-product","3":"status-publish","4":"has-post-thumbnail","6":"product_cat-le-coin-des-tresors-oublies","7":"product_tag-atelier-creatif","8":"product_tag-berlingot","9":"product_tag-bijoux-artisanaux","10":"product_tag-bloc-notes-grenouille","11":"product_tag-boucles-doreilles-guanyin","12":"product_tag-bracelet-velours-fauna","13":"product_tag-bracelets-pandora","14":"product_tag-collier-artemis","15":"product_tag-collier-jaspe-brode","16":"product_tag-collier-multirangs","17":"product_tag-creations-uniques","18":"product_tag-fin-de-collection","19":"product_tag-foret","20":"product_tag-foret-interieure","21":"product_tag-papeterie-poetique","22":"product_tag-sac-crochet-windflowers","23":"product_tag-stylo-bille-losange","24":"product_tag-tresors-oublies","25":"desktop-align-center","26":"tablet-align-center","27":"mobile-align-center","29":"first","30":"instock","31":"sale","32":"shipping-taxable","33":"product-type-grouped"},"yoast_head":"<!-- This site is optimized with the Yoast SEO plugin v27.3 - https:\/\/yoast.com\/product\/yoast-seo-wordpress\/ -->\n<title>\ud83c\udf32 Le Coin des Tr\u00e9sors Oubli\u00e9s \u2013 Lot 4 : For\u00eat Int\u00e9rieure - L\u2019Atelier des Mondes \u00c9toil\u00e9s<\/title>\n<meta name=\"description\" content=\"Tr\u00e9sors forestiers : bijoux, papeterie et accessoires artisanaux, derniers exemplaires. \ud83c\udf32 For\u00eat Int\u00e9rieure vous invite \u00e0 s\u00e9r\u00e9nit\u00e9 et harmonie.\" \/>\n<meta name=\"robots\" content=\"index, follow, max-snippet:-1, max-image-preview:large, max-video-preview:-1\" \/>\n<link rel=\"canonical\" href=\"https:\/\/www.shop.plumesdesetoiles.fr\/en\/shop\/le-coin-des-tresors-oublies\/coin-des-tresors-oublies-foret-interieure\/\" \/>\n<meta property=\"og:locale\" content=\"en_GB\" \/>\n<meta property=\"og:type\" content=\"article\" \/>\n<meta property=\"og:title\" content=\"\ud83c\udf32 Le Coin des Tr\u00e9sors Oubli\u00e9s \u2013 Lot 4 : For\u00eat Int\u00e9rieure - L\u2019Atelier des Mondes \u00c9toil\u00e9s\" \/>\n<meta property=\"og:description\" content=\"Tr\u00e9sors forestiers : bijoux, papeterie et accessoires artisanaux, derniers exemplaires. \ud83c\udf32 For\u00eat Int\u00e9rieure vous invite \u00e0 s\u00e9r\u00e9nit\u00e9 et harmonie.\" \/>\n<meta property=\"og:url\" content=\"https:\/\/www.shop.plumesdesetoiles.fr\/en\/shop\/le-coin-des-tresors-oublies\/coin-des-tresors-oublies-foret-interieure\/\" \/>\n<meta property=\"og:site_name\" content=\"L\u2019Atelier des Mondes \u00c9toil\u00e9s\" \/>\n<meta property=\"og:image\" content=\"https:\/\/www.shop.plumesdesetoiles.fr\/wp-content\/uploads\/2025\/11\/Lot-n\u00b04-Foret-interieure-1024x1024.png\" \/>\n\t<meta property=\"og:image:width\" content=\"1024\" \/>\n\t<meta property=\"og:image:height\" content=\"1024\" \/>\n\t<meta property=\"og:image:type\" content=\"image\/png\" \/>\n<meta name=\"twitter:card\" content=\"summary_large_image\" \/>\n<meta name=\"twitter:label1\" content=\"Estimated reading time\" \/>\n\t<meta name=\"twitter:data1\" content=\"2 minutes\" \/>\n<script type=\"application\/ld+json\" class=\"yoast-schema-graph\">{\"@context\":\"https:\\\/\\\/schema.org\",\"@graph\":[{\"@type\":\"WebPage\",\"@id\":\"https:\\\/\\\/www.shop.plumesdesetoiles.fr\\\/shop\\\/le-coin-des-tresors-oublies\\\/coin-des-tresors-oublies-foret-interieure\\\/\",\"url\":\"https:\\\/\\\/www.shop.plumesdesetoiles.fr\\\/shop\\\/le-coin-des-tresors-oublies\\\/coin-des-tresors-oublies-foret-interieure\\\/\",\"name\":\"\ud83c\udf32 Le Coin des Tr\u00e9sors Oubli\u00e9s \u2013 Lot 4 : For\u00eat Int\u00e9rieure - L\u2019Atelier des Mondes \u00c9toil\u00e9s\",\"isPartOf\":{\"@id\":\"https:\\\/\\\/www.shop.plumesdesetoiles.fr\\\/#website\"},\"primaryImageOfPage\":{\"@id\":\"https:\\\/\\\/www.shop.plumesdesetoiles.fr\\\/shop\\\/le-coin-des-tresors-oublies\\\/coin-des-tresors-oublies-foret-interieure\\\/#primaryimage\"},\"image\":{\"@id\":\"https:\\\/\\\/www.shop.plumesdesetoiles.fr\\\/shop\\\/le-coin-des-tresors-oublies\\\/coin-des-tresors-oublies-foret-interieure\\\/#primaryimage\"},\"thumbnailUrl\":\"https:\\\/\\\/www.shop.plumesdesetoiles.fr\\\/wp-content\\\/uploads\\\/2025\\\/11\\\/Lot-n\u00b04-Foret-interieure.png\",\"datePublished\":\"2026-01-26T10:17:49+00:00\",\"description\":\"Tr\u00e9sors forestiers : bijoux, papeterie et accessoires artisanaux, derniers exemplaires. \ud83c\udf32 For\u00eat Int\u00e9rieure vous invite \u00e0 s\u00e9r\u00e9nit\u00e9 et harmonie.\",\"breadcrumb\":{\"@id\":\"https:\\\/\\\/www.shop.plumesdesetoiles.fr\\\/shop\\\/le-coin-des-tresors-oublies\\\/coin-des-tresors-oublies-foret-interieure\\\/#breadcrumb\"},\"inLanguage\":\"en-GB\",\"potentialAction\":[{\"@type\":\"ReadAction\",\"target\":[\"https:\\\/\\\/www.shop.plumesdesetoiles.fr\\\/shop\\\/le-coin-des-tresors-oublies\\\/coin-des-tresors-oublies-foret-interieure\\\/\"]}]},{\"@type\":\"ImageObject\",\"inLanguage\":\"en-GB\",\"@id\":\"https:\\\/\\\/www.shop.plumesdesetoiles.fr\\\/shop\\\/le-coin-des-tresors-oublies\\\/coin-des-tresors-oublies-foret-interieure\\\/#primaryimage\",\"url\":\"https:\\\/\\\/www.shop.plumesdesetoiles.fr\\\/wp-content\\\/uploads\\\/2025\\\/11\\\/Lot-n\u00b04-Foret-interieure.png\",\"contentUrl\":\"https:\\\/\\\/www.shop.plumesdesetoiles.fr\\\/wp-content\\\/uploads\\\/2025\\\/11\\\/Lot-n\u00b04-Foret-interieure.png\",\"width\":1080,\"height\":1080,\"caption\":\"Tr\u00e9sors forestiers : bijoux, papeterie et accessoires artisanaux, derniers exemplaires. \ud83c\udf32 For\u00eat Int\u00e9rieure vous invite \u00e0 s\u00e9r\u00e9nit\u00e9 et harmonie.\"},{\"@type\":\"BreadcrumbList\",\"@id\":\"https:\\\/\\\/www.shop.plumesdesetoiles.fr\\\/shop\\\/le-coin-des-tresors-oublies\\\/coin-des-tresors-oublies-foret-interieure\\\/#breadcrumb\",\"itemListElement\":[{\"@type\":\"ListItem\",\"position\":1,\"name\":\"Accueil\",\"item\":\"https:\\\/\\\/www.shop.plumesdesetoiles.fr\\\/\"},{\"@type\":\"ListItem\",\"position\":2,\"name\":\"\ud83d\uded2 Ma Boutique\",\"item\":\"https:\\\/\\\/www.shop.plumesdesetoiles.fr\\\/shop\\\/\"},{\"@type\":\"ListItem\",\"position\":3,\"name\":\"\ud83c\udf32 Le Coin des Tr\u00e9sors Oubli\u00e9s \u2013 Lot 4 : For\u00eat Int\u00e9rieure\"}]},{\"@type\":\"WebSite\",\"@id\":\"https:\\\/\\\/www.shop.plumesdesetoiles.fr\\\/#website\",\"url\":\"https:\\\/\\\/www.shop.plumesdesetoiles.fr\\\/\",\"name\":\"L\u2019Atelier des Mondes \u00c9toil\u00e9s\",\"description\":\"\",\"publisher\":{\"@id\":\"https:\\\/\\\/www.shop.plumesdesetoiles.fr\\\/#organization\"},\"potentialAction\":[{\"@type\":\"SearchAction\",\"target\":{\"@type\":\"EntryPoint\",\"urlTemplate\":\"https:\\\/\\\/www.shop.plumesdesetoiles.fr\\\/?s={search_term_string}\"},\"query-input\":{\"@type\":\"PropertyValueSpecification\",\"valueRequired\":true,\"valueName\":\"search_term_string\"}}],\"inLanguage\":\"en-GB\"},{\"@type\":\"Organization\",\"@id\":\"https:\\\/\\\/www.shop.plumesdesetoiles.fr\\\/#organization\",\"name\":\"L\u2019Atelier des Mondes \u00c9toil\u00e9s\",\"url\":\"https:\\\/\\\/www.shop.plumesdesetoiles.fr\\\/\",\"logo\":{\"@type\":\"ImageObject\",\"inLanguage\":\"en-GB\",\"@id\":\"https:\\\/\\\/www.shop.plumesdesetoiles.fr\\\/#\\\/schema\\\/logo\\\/image\\\/\",\"url\":\"https:\\\/\\\/www.shop.plumesdesetoiles.fr\\\/wp-content\\\/uploads\\\/2026\\\/01\\\/Logo-site-2026.png\",\"contentUrl\":\"https:\\\/\\\/www.shop.plumesdesetoiles.fr\\\/wp-content\\\/uploads\\\/2026\\\/01\\\/Logo-site-2026.png\",\"width\":512,\"height\":512,\"caption\":\"L\u2019Atelier des Mondes \u00c9toil\u00e9s\"},\"image\":{\"@id\":\"https:\\\/\\\/www.shop.plumesdesetoiles.fr\\\/#\\\/schema\\\/logo\\\/image\\\/\"}}]}<\/script>\n<!-- \/ Yoast SEO plugin. -->","yoast_head_json":{"title":"\ud83c\udf32 Le Coin des Tr\u00e9sors Oubli\u00e9s \u2013 Lot 4 : For\u00eat Int\u00e9rieure - L\u2019Atelier des Mondes \u00c9toil\u00e9s","description":"Tr\u00e9sors forestiers : bijoux, papeterie et accessoires artisanaux, derniers exemplaires. \ud83c\udf32 For\u00eat Int\u00e9rieure vous invite \u00e0 s\u00e9r\u00e9nit\u00e9 et harmonie.","robots":{"index":"index","follow":"follow","max-snippet":"max-snippet:-1","max-image-preview":"max-image-preview:large","max-video-preview":"max-video-preview:-1"},"canonical":"https:\/\/www.shop.plumesdesetoiles.fr\/en\/shop\/le-coin-des-tresors-oublies\/coin-des-tresors-oublies-foret-interieure\/","og_locale":"en_GB","og_type":"article","og_title":"\ud83c\udf32 Le Coin des Tr\u00e9sors Oubli\u00e9s \u2013 Lot 4 : For\u00eat Int\u00e9rieure - L\u2019Atelier des Mondes \u00c9toil\u00e9s","og_description":"Tr\u00e9sors forestiers : bijoux, papeterie et accessoires artisanaux, derniers exemplaires. \ud83c\udf32 For\u00eat Int\u00e9rieure vous invite \u00e0 s\u00e9r\u00e9nit\u00e9 et harmonie.","og_url":"https:\/\/www.shop.plumesdesetoiles.fr\/en\/shop\/le-coin-des-tresors-oublies\/coin-des-tresors-oublies-foret-interieure\/","og_site_name":"L\u2019Atelier des Mondes \u00c9toil\u00e9s","og_image":[{"width":1024,"height":1024,"url":"https:\/\/www.shop.plumesdesetoiles.fr\/wp-content\/uploads\/2025\/11\/Lot-n\u00b04-Foret-interieure-1024x1024.png","type":"image\/png"}],"twitter_card":"summary_large_image","twitter_misc":{"Estimated reading time":"2 minutes"},"schema":{"@context":"https:\/\/schema.org","@graph":[{"@type":"WebPage","@id":"https:\/\/www.shop.plumesdesetoiles.fr\/shop\/le-coin-des-tresors-oublies\/coin-des-tresors-oublies-foret-interieure\/","url":"https:\/\/www.shop.plumesdesetoiles.fr\/shop\/le-coin-des-tresors-oublies\/coin-des-tresors-oublies-foret-interieure\/","name":"\ud83c\udf32 Le Coin des Tr\u00e9sors Oubli\u00e9s \u2013 Lot 4 : For\u00eat Int\u00e9rieure - L\u2019Atelier des Mondes \u00c9toil\u00e9s","isPartOf":{"@id":"https:\/\/www.shop.plumesdesetoiles.fr\/#website"},"primaryImageOfPage":{"@id":"https:\/\/www.shop.plumesdesetoiles.fr\/shop\/le-coin-des-tresors-oublies\/coin-des-tresors-oublies-foret-interieure\/#primaryimage"},"image":{"@id":"https:\/\/www.shop.plumesdesetoiles.fr\/shop\/le-coin-des-tresors-oublies\/coin-des-tresors-oublies-foret-interieure\/#primaryimage"},"thumbnailUrl":"https:\/\/www.shop.plumesdesetoiles.fr\/wp-content\/uploads\/2025\/11\/Lot-n\u00b04-Foret-interieure.png","datePublished":"2026-01-26T10:17:49+00:00","description":"Tr\u00e9sors forestiers : bijoux, papeterie et accessoires artisanaux, derniers exemplaires. \ud83c\udf32 For\u00eat Int\u00e9rieure vous invite \u00e0 s\u00e9r\u00e9nit\u00e9 et harmonie.","breadcrumb":{"@id":"https:\/\/www.shop.plumesdesetoiles.fr\/shop\/le-coin-des-tresors-oublies\/coin-des-tresors-oublies-foret-interieure\/#breadcrumb"},"inLanguage":"en-GB","potentialAction":[{"@type":"ReadAction","target":["https:\/\/www.shop.plumesdesetoiles.fr\/shop\/le-coin-des-tresors-oublies\/coin-des-tresors-oublies-foret-interieure\/"]}]},{"@type":"ImageObject","inLanguage":"en-GB","@id":"https:\/\/www.shop.plumesdesetoiles.fr\/shop\/le-coin-des-tresors-oublies\/coin-des-tresors-oublies-foret-interieure\/#primaryimage","url":"https:\/\/www.shop.plumesdesetoiles.fr\/wp-content\/uploads\/2025\/11\/Lot-n\u00b04-Foret-interieure.png","contentUrl":"https:\/\/www.shop.plumesdesetoiles.fr\/wp-content\/uploads\/2025\/11\/Lot-n\u00b04-Foret-interieure.png","width":1080,"height":1080,"caption":"Tr\u00e9sors forestiers : bijoux, papeterie et accessoires artisanaux, derniers exemplaires. \ud83c\udf32 For\u00eat Int\u00e9rieure vous invite \u00e0 s\u00e9r\u00e9nit\u00e9 et harmonie."},{"@type":"BreadcrumbList","@id":"https:\/\/www.shop.plumesdesetoiles.fr\/shop\/le-coin-des-tresors-oublies\/coin-des-tresors-oublies-foret-interieure\/#breadcrumb","itemListElement":[{"@type":"ListItem","position":1,"name":"Accueil","item":"https:\/\/www.shop.plumesdesetoiles.fr\/"},{"@type":"ListItem","position":2,"name":"\ud83d\uded2 Ma Boutique","item":"https:\/\/www.shop.plumesdesetoiles.fr\/shop\/"},{"@type":"ListItem","position":3,"name":"\ud83c\udf32 Le Coin des Tr\u00e9sors Oubli\u00e9s \u2013 Lot 4 : For\u00eat Int\u00e9rieure"}]},{"@type":"WebSite","@id":"https:\/\/www.shop.plumesdesetoiles.fr\/#website","url":"https:\/\/www.shop.plumesdesetoiles.fr\/","name":"L\u2019Atelier des Mondes \u00c9toil\u00e9s","description":"","publisher":{"@id":"https:\/\/www.shop.plumesdesetoiles.fr\/#organization"},"potentialAction":[{"@type":"SearchAction","target":{"@type":"EntryPoint","urlTemplate":"https:\/\/www.shop.plumesdesetoiles.fr\/?s={search_term_string}"},"query-input":{"@type":"PropertyValueSpecification","valueRequired":true,"valueName":"search_term_string"}}],"inLanguage":"en-GB"},{"@type":"Organization","@id":"https:\/\/www.shop.plumesdesetoiles.fr\/#organization","name":"L\u2019Atelier des Mondes \u00c9toil\u00e9s","url":"https:\/\/www.shop.plumesdesetoiles.fr\/","logo":{"@type":"ImageObject","inLanguage":"en-GB","@id":"https:\/\/www.shop.plumesdesetoiles.fr\/#\/schema\/logo\/image\/","url":"https:\/\/www.shop.plumesdesetoiles.fr\/wp-content\/uploads\/2026\/01\/Logo-site-2026.png","contentUrl":"https:\/\/www.shop.plumesdesetoiles.fr\/wp-content\/uploads\/2026\/01\/Logo-site-2026.png","width":512,"height":512,"caption":"L\u2019Atelier des Mondes \u00c9toil\u00e9s"},"image":{"@id":"https:\/\/www.shop.plumesdesetoiles.fr\/#\/schema\/logo\/image\/"}}]}},"uagb_featured_image_src":{"full":["https:\/\/www.shop.plumesdesetoiles.fr\/wp-content\/uploads\/2025\/11\/Lot-n\u00b04-Foret-interieure.png",1080,1080,false],"thumbnail":["https:\/\/www.shop.plumesdesetoiles.fr\/wp-content\/uploads\/2025\/11\/Lot-n\u00b04-Foret-interieure-150x150.png",150,150,true],"medium":["https:\/\/www.shop.plumesdesetoiles.fr\/wp-content\/uploads\/2025\/11\/Lot-n\u00b04-Foret-interieure-300x300.png",300,300,true],"medium_large":["https:\/\/www.shop.plumesdesetoiles.fr\/wp-content\/uploads\/2025\/11\/Lot-n\u00b04-Foret-interieure-768x768.png",768,768,true],"large":["https:\/\/www.shop.plumesdesetoiles.fr\/wp-content\/uploads\/2025\/11\/Lot-n\u00b04-Foret-interieure-1024x1024.png",1024,1024,true],"1536x1536":["https:\/\/www.shop.plumesdesetoiles.fr\/wp-content\/uploads\/2025\/11\/Lot-n\u00b04-Foret-interieure.png",1080,1080,false],"2048x2048":["https:\/\/www.shop.plumesdesetoiles.fr\/wp-content\/uploads\/2025\/11\/Lot-n\u00b04-Foret-interieure.png",1080,1080,false],"trp-custom-language-flag":["https:\/\/www.shop.plumesdesetoiles.fr\/wp-content\/uploads\/2025\/11\/Lot-n\u00b04-Foret-interieure.png",12,12,false],"woocommerce_thumbnail":["https:\/\/www.shop.plumesdesetoiles.fr\/wp-content\/uploads\/2025\/11\/Lot-n\u00b04-Foret-interieure-300x300.png",300,300,true],"woocommerce_single":["https:\/\/www.shop.plumesdesetoiles.fr\/wp-content\/uploads\/2025\/11\/Lot-n\u00b04-Foret-interieure-600x600.png",600,600,true],"woocommerce_gallery_thumbnail":["https:\/\/www.shop.plumesdesetoiles.fr\/wp-content\/uploads\/2025\/11\/Lot-n\u00b04-Foret-interieure-150x150.png",100,100,true]},"uagb_author_info":{"display_name":"Plumes des Etoiles","author_link":"https:\/\/www.shop.plumesdesetoiles.fr\/en\/author\/"},"uagb_comment_info":0,"uagb_excerpt":"Tr\u00e9sors forestiers : bijoux, papeterie et accessoires artisanaux, derniers exemplaires. \ud83c\udf32 For\u00eat Int\u00e9rieure vous invite \u00e0 s\u00e9r\u00e9nit\u00e9 et harmonie.","_links":{"self":[{"href":"https:\/\/www.shop.plumesdesetoiles.fr\/en\/wp-json\/wp\/v2\/product\/7888","targetHints":{"allow":["GET"]}}],"collection":[{"href":"https:\/\/www.shop.plumesdesetoiles.fr\/en\/wp-json\/wp\/v2\/product"}],"about":[{"href":"https:\/\/www.shop.plumesdesetoiles.fr\/en\/wp-json\/wp\/v2\/types\/product"}],"replies":[{"embeddable":true,"href":"https:\/\/www.shop.plumesdesetoiles.fr\/en\/wp-json\/wp\/v2\/comments?post=7888"}],"wp:featuredmedia":[{"embeddable":true,"href":"https:\/\/www.shop.plumesdesetoiles.fr\/en\/wp-json\/wp\/v2\/media\/7890"}],"wp:attachment":[{"href":"https:\/\/www.shop.plumesdesetoiles.fr\/en\/wp-json\/wp\/v2\/media?parent=7888"}],"wp:term":[{"taxonomy":"product_brand","embeddable":true,"href":"https:\/\/www.shop.plumesdesetoiles.fr\/en\/wp-json\/wp\/v2\/product_brand?post=7888"},{"taxonomy":"product_cat","embeddable":true,"href":"https:\/\/www.shop.plumesdesetoiles.fr\/en\/wp-json\/wp\/v2\/product_cat?post=7888"},{"taxonomy":"product_tag","embeddable":true,"href":"https:\/\/www.shop.plumesdesetoiles.fr\/en\/wp-json\/wp\/v2\/product_tag?post=7888"}],"curies":[{"name":"wp","href":"https:\/\/api.w.org\/{rel}","templated":true}]}}