{"id":7876,"date":"2026-01-26T11:17:48","date_gmt":"2026-01-26T10:17:48","guid":{"rendered":"https:\/\/www.shop.plumesdesetoiles.fr\/?post_type=product&#038;p=7876"},"modified":"2026-01-26T11:17:48","modified_gmt":"2026-01-26T10:17:48","slug":"coin-des-tresors-oublies-eclat-automne","status":"publish","type":"product","link":"https:\/\/www.shop.plumesdesetoiles.fr\/en\/shop\/le-coin-des-tresors-oublies\/coin-des-tresors-oublies-eclat-automne\/","title":{"rendered":"\ud83c\udf42 Le Coin des Tr\u00e9sors Oubli\u00e9s \u2013 Lot 1 : Eclat d\u2019automne"},"content":{"rendered":"<p style=\"text-align: justify;\" data-start=\"356\" data-end=\"562\">\ud83d\udd6f\ufe0f <em data-start=\"360\" data-end=\"560\">Certains tr\u00e9sors sommeillaient doucement dans l\u2019atelier\u2026<br data-start=\"417\" data-end=\"420\" \/>Ils portent encore la chaleur des saisons pass\u00e9es, les nuances dor\u00e9es des feuilles de l&rsquo;automne qui tombent, et la tendresse d\u2019un savoir-faire r\u00e9volu.<\/em><\/p>\n<p style=\"text-align: justify;\" data-start=\"564\" data-end=\"719\">Aujourd\u2019hui, ils s\u2019offrent une derni\u00e8re lumi\u00e8re avant de tirer leur r\u00e9v\u00e9rence.<br data-start=\"642\" data-end=\"645\" \/>\u2728 Chaque pi\u00e8ce est unique, cr\u00e9\u00e9e avec amour, et ne sera plus reproduite.<\/p>\n<h3 style=\"text-align: justify;\" data-start=\"726\" data-end=\"761\">\ud83c\udf41 Lot 1 : Eclat d\u2019automne<strong data-start=\"733\" data-end=\"761\">\u00a0r\u00e9unit :<\/strong><\/h3>\n<p style=\"text-align: justify;\" data-start=\"763\" data-end=\"804\"><strong data-start=\"763\" data-end=\"804\">\ud83c\udf3f Bijoux anciens &amp; cr\u00e9ations uniques<\/strong><\/p>\n<ul>\n<li data-start=\"807\" data-end=\"870\">Bracelet tiss\u00e9 <strong data-start=\"822\" data-end=\"833\">Automne<\/strong>, aux teintes chaudes et naturelles<\/li>\n<li data-start=\"873\" data-end=\"933\">Bracelet <strong data-start=\"972\" data-end=\"983\">Vintage<\/strong>, empreint de nostalgie et d\u2019\u00e9l\u00e9gance<\/li>\n<li data-start=\"936\" data-end=\"1010\">Collier <strong data-start=\"944\" data-end=\"963\">\u00c9clat du Sahara<\/strong>, dor\u00e9 et lumineux comme un coucher de soleil<\/li>\n<li data-start=\"1013\" data-end=\"1085\">Collier <strong data-start=\"1021\" data-end=\"1033\">Ammonite<\/strong>, empreint de myst\u00e8re et de fossilisation po\u00e9tique<\/li>\n<li data-start=\"1013\" data-end=\"1085\">Collier <strong data-start=\"1185\" data-end=\"1195\">Resduo<\/strong>, aux nuances dor\u00e9es et cuivr\u00e9es, symbole d\u2019\u00e9quilibre<\/li>\n<li data-start=\"1088\" data-end=\"1155\">Bague <strong data-start=\"1094\" data-end=\"1109\">D\u00e9esse Laso<\/strong> en Mokaite, pierre de s\u00e9r\u00e9nit\u00e9 et d\u2019ancrage<\/li>\n<\/ul>\n<p style=\"text-align: justify;\" data-start=\"1157\" data-end=\"1184\"><strong data-start=\"1157\" data-end=\"1184\">\u270f\ufe0f Papeterie &amp; \u00e9criture<\/strong><\/p>\n<ul>\n<li data-start=\"1187\" data-end=\"1234\">Stylo bille <strong data-start=\"1249\" data-end=\"1261\">Ray\u00e9s 2<\/strong>, au charme r\u00e9tro<\/li>\n<li data-start=\"1283\" data-end=\"1356\">Bloc-notes <strong data-start=\"1371\" data-end=\"1389\">Petites fleurs<\/strong>, pour accueillir tes pens\u00e9es et p\u00e9tales d\u2019id\u00e9es<\/li>\n<\/ul>\n<p style=\"text-align: justify;\" data-start=\"1431\" data-end=\"1456\"><strong data-start=\"1431\" data-end=\"1456\">\ud83c\udf38 Accessoire textile<\/strong><\/p>\n<ul>\n<li data-start=\"1459\" data-end=\"1542\">Berlingot <strong data-start=\"1469\" data-end=\"1481\">Offshore<\/strong>, cousu main, parfait pour accueillir un bijou ou un secret<\/li>\n<\/ul>\n<h3 style=\"text-align: justify;\" data-start=\"1549\" data-end=\"1599\">\u2728 <strong data-start=\"1555\" data-end=\"1599\">Chaque cr\u00e9ation est une derni\u00e8re \u00e9dition<\/strong><\/h3>\n<p style=\"text-align: justify;\" data-start=\"1600\" data-end=\"1709\">Ces pi\u00e8ces sont disponibles <strong data-start=\"1628\" data-end=\"1661\">jusqu\u2019\u00e0 \u00e9puisement des stocks<\/strong>, avant de s\u2019envoler d\u00e9finitivement du site.<\/p>\n<ul>\n<li>\ud83d\udc8c Livraison soign\u00e9e depuis l\u2019atelier<\/li>\n<li>\ud83c\udf3f Cr\u00e9ations artisanales, uniques et en s\u00e9rie tr\u00e8s limit\u00e9e<\/li>\n<\/ul>\n<blockquote>\n<h3 style=\"text-align: center;\" data-start=\"1961\" data-end=\"1987\">\ud83c\udf19 <strong data-start=\"1968\" data-end=\"1987\">Derniers \u00e9clats<\/strong><\/h3>\n<p style=\"text-align: center;\" data-start=\"1990\" data-end=\"2122\"><em data-start=\"1990\" data-end=\"2117\">Merci d\u2019offrir \u00e0 ces cr\u00e9ations leur derni\u00e8re danse,<br data-start=\"2042\" data-end=\"2045\" \/>et de leur permettre de briller une fois encore, au creux de tes mains.<\/em> \ud83c\udf3e<\/p>\n<\/blockquote>","protected":false},"excerpt":{"rendered":"<p>Tr\u00e9sors oubli\u00e9s d\u2019automne : bijoux, papeterie et accessoires uniques, derniers exemplaires de l\u2019atelier.<br \/>\n\ud83c\udf3f Lot 1 : Eclat d\u2019automne t\u2019invite \u00e0 la douceur du pass\u00e9.<\/p>","protected":false},"featured_media":7877,"comment_status":"open","ping_status":"closed","template":"","meta":{"_uag_custom_page_level_css":"","site-sidebar-layout":"default","site-content-layout":"","ast-site-content-layout":"default","site-content-style":"default","site-sidebar-style":"default","ast-global-header-display":"","ast-banner-title-visibility":"","ast-main-header-display":"","ast-hfb-above-header-display":"","ast-hfb-below-header-display":"","ast-hfb-mobile-header-display":"","site-post-title":"","ast-breadcrumbs-content":"","ast-featured-img":"","footer-sml-layout":"","ast-disable-related-posts":"","theme-transparent-header-meta":"default","adv-header-id-meta":"","stick-header-meta":"","header-above-stick-meta":"","header-main-stick-meta":"","header-below-stick-meta":"","astra-migrate-meta-layouts":"set","ast-page-background-enabled":"default","ast-page-background-meta":{"desktop":{"background-color":"","background-image":"","background-repeat":"repeat","background-position":"center center","background-size":"auto","background-attachment":"scroll","background-type":"","background-media":"","overlay-type":"","overlay-color":"","overlay-opacity":"","overlay-gradient":""},"tablet":{"background-color":"","background-image":"","background-repeat":"repeat","background-position":"center center","background-size":"auto","background-attachment":"scroll","background-type":"","background-media":"","overlay-type":"","overlay-color":"","overlay-opacity":"","overlay-gradient":""},"mobile":{"background-color":"","background-image":"","background-repeat":"repeat","background-position":"center center","background-size":"auto","background-attachment":"scroll","background-type":"","background-media":"","overlay-type":"","overlay-color":"","overlay-opacity":"","overlay-gradient":""}},"ast-content-background-meta":{"desktop":{"background-color":"var(--ast-global-color-5)","background-image":"","background-repeat":"repeat","background-position":"center center","background-size":"auto","background-attachment":"scroll","background-type":"","background-media":"","overlay-type":"","overlay-color":"","overlay-opacity":"","overlay-gradient":""},"tablet":{"background-color":"var(--ast-global-color-5)","background-image":"","background-repeat":"repeat","background-position":"center center","background-size":"auto","background-attachment":"scroll","background-type":"","background-media":"","overlay-type":"","overlay-color":"","overlay-opacity":"","overlay-gradient":""},"mobile":{"background-color":"var(--ast-global-color-5)","background-image":"","background-repeat":"repeat","background-position":"center center","background-size":"auto","background-attachment":"scroll","background-type":"","background-media":"","overlay-type":"","overlay-color":"","overlay-opacity":"","overlay-gradient":""}}},"product_brand":[],"product_cat":[984],"product_tag":[1517,1519,1512,1515,1509,1516,1532,1514,1533,1510,1520,1511,1410,1508],"class_list":{"0":"post-7876","1":"product","2":"type-product","3":"status-publish","4":"has-post-thumbnail","6":"product_cat-le-coin-des-tresors-oublies","7":"product_tag-accessoires-faits-main","8":"product_tag-atelier-creatif","9":"product_tag-automne","10":"product_tag-bague-mokaite","11":"product_tag-bijoux-artisanaux","12":"product_tag-bloc-notes","13":"product_tag-bracelet-tisse","14":"product_tag-collier-ammonite","15":"product_tag-collier-sahara","16":"product_tag-creations-uniques","17":"product_tag-eclat-dautomne","18":"product_tag-fin-de-collection","19":"product_tag-papeterie-poetique","20":"product_tag-tresors-oublies","21":"desktop-align-center","22":"tablet-align-center","23":"mobile-align-center","25":"first","26":"instock","27":"sale","28":"shipping-taxable","29":"product-type-grouped"},"yoast_head":"<!-- This site is optimized with the Yoast SEO plugin v27.3 - https:\/\/yoast.com\/product\/yoast-seo-wordpress\/ -->\n<title>\ud83c\udf42 Le Coin des Tr\u00e9sors Oubli\u00e9s \u2013 Lot 1 : Eclat d\u2019automne - L\u2019Atelier des Mondes \u00c9toil\u00e9s<\/title>\n<meta name=\"description\" content=\"Tr\u00e9sors oubli\u00e9s : bijoux, papeterie et accessoires uniques, derniers exemplaires de l\u2019atelier. \ud83c\udf3f Lot 1 : Eclat d\u2019automne t\u2019invite \u00e0 la douceur du pass\u00e9.\" \/>\n<meta name=\"robots\" content=\"index, follow, max-snippet:-1, max-image-preview:large, max-video-preview:-1\" \/>\n<link rel=\"canonical\" href=\"https:\/\/www.shop.plumesdesetoiles.fr\/en\/shop\/le-coin-des-tresors-oublies\/coin-des-tresors-oublies-eclat-automne\/\" \/>\n<meta property=\"og:locale\" content=\"en_GB\" \/>\n<meta property=\"og:type\" content=\"article\" \/>\n<meta property=\"og:title\" content=\"\ud83c\udf42 Le Coin des Tr\u00e9sors Oubli\u00e9s \u2013 Lot 1 : Eclat d\u2019automne - L\u2019Atelier des Mondes \u00c9toil\u00e9s\" \/>\n<meta property=\"og:description\" content=\"Tr\u00e9sors oubli\u00e9s : bijoux, papeterie et accessoires uniques, derniers exemplaires de l\u2019atelier. \ud83c\udf3f Lot 1 : Eclat d\u2019automne t\u2019invite \u00e0 la douceur du pass\u00e9.\" \/>\n<meta property=\"og:url\" content=\"https:\/\/www.shop.plumesdesetoiles.fr\/en\/shop\/le-coin-des-tresors-oublies\/coin-des-tresors-oublies-eclat-automne\/\" \/>\n<meta property=\"og:site_name\" content=\"L\u2019Atelier des Mondes \u00c9toil\u00e9s\" \/>\n<meta property=\"og:image\" content=\"https:\/\/www.shop.plumesdesetoiles.fr\/wp-content\/uploads\/2025\/10\/Lot-n\u00b01-Eclats-dAutomne-1024x1024.png\" \/>\n\t<meta property=\"og:image:width\" content=\"1024\" \/>\n\t<meta property=\"og:image:height\" content=\"1024\" \/>\n\t<meta property=\"og:image:type\" content=\"image\/png\" \/>\n<meta name=\"twitter:card\" content=\"summary_large_image\" \/>\n<meta name=\"twitter:label1\" content=\"Estimated reading time\" \/>\n\t<meta name=\"twitter:data1\" content=\"2 minutes\" \/>\n<script type=\"application\/ld+json\" class=\"yoast-schema-graph\">{\"@context\":\"https:\\\/\\\/schema.org\",\"@graph\":[{\"@type\":\"WebPage\",\"@id\":\"https:\\\/\\\/www.shop.plumesdesetoiles.fr\\\/shop\\\/le-coin-des-tresors-oublies\\\/coin-des-tresors-oublies-eclat-automne\\\/\",\"url\":\"https:\\\/\\\/www.shop.plumesdesetoiles.fr\\\/shop\\\/le-coin-des-tresors-oublies\\\/coin-des-tresors-oublies-eclat-automne\\\/\",\"name\":\"\ud83c\udf42 Le Coin des Tr\u00e9sors Oubli\u00e9s \u2013 Lot 1 : Eclat d\u2019automne - L\u2019Atelier des Mondes \u00c9toil\u00e9s\",\"isPartOf\":{\"@id\":\"https:\\\/\\\/www.shop.plumesdesetoiles.fr\\\/#website\"},\"primaryImageOfPage\":{\"@id\":\"https:\\\/\\\/www.shop.plumesdesetoiles.fr\\\/shop\\\/le-coin-des-tresors-oublies\\\/coin-des-tresors-oublies-eclat-automne\\\/#primaryimage\"},\"image\":{\"@id\":\"https:\\\/\\\/www.shop.plumesdesetoiles.fr\\\/shop\\\/le-coin-des-tresors-oublies\\\/coin-des-tresors-oublies-eclat-automne\\\/#primaryimage\"},\"thumbnailUrl\":\"https:\\\/\\\/www.shop.plumesdesetoiles.fr\\\/wp-content\\\/uploads\\\/2025\\\/10\\\/Lot-n\u00b01-Eclats-dAutomne.png\",\"datePublished\":\"2026-01-26T10:17:48+00:00\",\"description\":\"Tr\u00e9sors oubli\u00e9s : bijoux, papeterie et accessoires uniques, derniers exemplaires de l\u2019atelier. \ud83c\udf3f Lot 1 : Eclat d\u2019automne t\u2019invite \u00e0 la douceur du pass\u00e9.\",\"breadcrumb\":{\"@id\":\"https:\\\/\\\/www.shop.plumesdesetoiles.fr\\\/shop\\\/le-coin-des-tresors-oublies\\\/coin-des-tresors-oublies-eclat-automne\\\/#breadcrumb\"},\"inLanguage\":\"en-GB\",\"potentialAction\":[{\"@type\":\"ReadAction\",\"target\":[\"https:\\\/\\\/www.shop.plumesdesetoiles.fr\\\/shop\\\/le-coin-des-tresors-oublies\\\/coin-des-tresors-oublies-eclat-automne\\\/\"]}]},{\"@type\":\"ImageObject\",\"inLanguage\":\"en-GB\",\"@id\":\"https:\\\/\\\/www.shop.plumesdesetoiles.fr\\\/shop\\\/le-coin-des-tresors-oublies\\\/coin-des-tresors-oublies-eclat-automne\\\/#primaryimage\",\"url\":\"https:\\\/\\\/www.shop.plumesdesetoiles.fr\\\/wp-content\\\/uploads\\\/2025\\\/10\\\/Lot-n\u00b01-Eclats-dAutomne.png\",\"contentUrl\":\"https:\\\/\\\/www.shop.plumesdesetoiles.fr\\\/wp-content\\\/uploads\\\/2025\\\/10\\\/Lot-n\u00b01-Eclats-dAutomne.png\",\"width\":1080,\"height\":1080,\"caption\":\"Tr\u00e9sors oubli\u00e9s d\u2019automne : bijoux, papeterie et accessoires uniques, derniers exemplaires de l\u2019atelier. \ud83c\udf3f Lot 1 : Eclat d\u2019automne t\u2019invite \u00e0 la douceur du pass\u00e9.\"},{\"@type\":\"BreadcrumbList\",\"@id\":\"https:\\\/\\\/www.shop.plumesdesetoiles.fr\\\/shop\\\/le-coin-des-tresors-oublies\\\/coin-des-tresors-oublies-eclat-automne\\\/#breadcrumb\",\"itemListElement\":[{\"@type\":\"ListItem\",\"position\":1,\"name\":\"Accueil\",\"item\":\"https:\\\/\\\/www.shop.plumesdesetoiles.fr\\\/\"},{\"@type\":\"ListItem\",\"position\":2,\"name\":\"\ud83d\uded2 Ma Boutique\",\"item\":\"https:\\\/\\\/www.shop.plumesdesetoiles.fr\\\/shop\\\/\"},{\"@type\":\"ListItem\",\"position\":3,\"name\":\"\ud83c\udf42 Le Coin des Tr\u00e9sors Oubli\u00e9s \u2013 Lot 1 : Eclat d\u2019automne\"}]},{\"@type\":\"WebSite\",\"@id\":\"https:\\\/\\\/www.shop.plumesdesetoiles.fr\\\/#website\",\"url\":\"https:\\\/\\\/www.shop.plumesdesetoiles.fr\\\/\",\"name\":\"L\u2019Atelier des Mondes \u00c9toil\u00e9s\",\"description\":\"\",\"publisher\":{\"@id\":\"https:\\\/\\\/www.shop.plumesdesetoiles.fr\\\/#organization\"},\"potentialAction\":[{\"@type\":\"SearchAction\",\"target\":{\"@type\":\"EntryPoint\",\"urlTemplate\":\"https:\\\/\\\/www.shop.plumesdesetoiles.fr\\\/?s={search_term_string}\"},\"query-input\":{\"@type\":\"PropertyValueSpecification\",\"valueRequired\":true,\"valueName\":\"search_term_string\"}}],\"inLanguage\":\"en-GB\"},{\"@type\":\"Organization\",\"@id\":\"https:\\\/\\\/www.shop.plumesdesetoiles.fr\\\/#organization\",\"name\":\"L\u2019Atelier des Mondes \u00c9toil\u00e9s\",\"url\":\"https:\\\/\\\/www.shop.plumesdesetoiles.fr\\\/\",\"logo\":{\"@type\":\"ImageObject\",\"inLanguage\":\"en-GB\",\"@id\":\"https:\\\/\\\/www.shop.plumesdesetoiles.fr\\\/#\\\/schema\\\/logo\\\/image\\\/\",\"url\":\"https:\\\/\\\/www.shop.plumesdesetoiles.fr\\\/wp-content\\\/uploads\\\/2026\\\/01\\\/Logo-site-2026.png\",\"contentUrl\":\"https:\\\/\\\/www.shop.plumesdesetoiles.fr\\\/wp-content\\\/uploads\\\/2026\\\/01\\\/Logo-site-2026.png\",\"width\":512,\"height\":512,\"caption\":\"L\u2019Atelier des Mondes \u00c9toil\u00e9s\"},\"image\":{\"@id\":\"https:\\\/\\\/www.shop.plumesdesetoiles.fr\\\/#\\\/schema\\\/logo\\\/image\\\/\"}}]}<\/script>\n<!-- \/ Yoast SEO plugin. -->","yoast_head_json":{"title":"\ud83c\udf42 Le Coin des Tr\u00e9sors Oubli\u00e9s \u2013 Lot 1 : Eclat d\u2019automne - L\u2019Atelier des Mondes \u00c9toil\u00e9s","description":"Tr\u00e9sors oubli\u00e9s : bijoux, papeterie et accessoires uniques, derniers exemplaires de l\u2019atelier. \ud83c\udf3f Lot 1 : Eclat d\u2019automne t\u2019invite \u00e0 la douceur du pass\u00e9.","robots":{"index":"index","follow":"follow","max-snippet":"max-snippet:-1","max-image-preview":"max-image-preview:large","max-video-preview":"max-video-preview:-1"},"canonical":"https:\/\/www.shop.plumesdesetoiles.fr\/en\/shop\/le-coin-des-tresors-oublies\/coin-des-tresors-oublies-eclat-automne\/","og_locale":"en_GB","og_type":"article","og_title":"\ud83c\udf42 Le Coin des Tr\u00e9sors Oubli\u00e9s \u2013 Lot 1 : Eclat d\u2019automne - L\u2019Atelier des Mondes \u00c9toil\u00e9s","og_description":"Tr\u00e9sors oubli\u00e9s : bijoux, papeterie et accessoires uniques, derniers exemplaires de l\u2019atelier. \ud83c\udf3f Lot 1 : Eclat d\u2019automne t\u2019invite \u00e0 la douceur du pass\u00e9.","og_url":"https:\/\/www.shop.plumesdesetoiles.fr\/en\/shop\/le-coin-des-tresors-oublies\/coin-des-tresors-oublies-eclat-automne\/","og_site_name":"L\u2019Atelier des Mondes \u00c9toil\u00e9s","og_image":[{"width":1024,"height":1024,"url":"https:\/\/www.shop.plumesdesetoiles.fr\/wp-content\/uploads\/2025\/10\/Lot-n\u00b01-Eclats-dAutomne-1024x1024.png","type":"image\/png"}],"twitter_card":"summary_large_image","twitter_misc":{"Estimated reading time":"2 minutes"},"schema":{"@context":"https:\/\/schema.org","@graph":[{"@type":"WebPage","@id":"https:\/\/www.shop.plumesdesetoiles.fr\/shop\/le-coin-des-tresors-oublies\/coin-des-tresors-oublies-eclat-automne\/","url":"https:\/\/www.shop.plumesdesetoiles.fr\/shop\/le-coin-des-tresors-oublies\/coin-des-tresors-oublies-eclat-automne\/","name":"\ud83c\udf42 Le Coin des Tr\u00e9sors Oubli\u00e9s \u2013 Lot 1 : Eclat d\u2019automne - L\u2019Atelier des Mondes \u00c9toil\u00e9s","isPartOf":{"@id":"https:\/\/www.shop.plumesdesetoiles.fr\/#website"},"primaryImageOfPage":{"@id":"https:\/\/www.shop.plumesdesetoiles.fr\/shop\/le-coin-des-tresors-oublies\/coin-des-tresors-oublies-eclat-automne\/#primaryimage"},"image":{"@id":"https:\/\/www.shop.plumesdesetoiles.fr\/shop\/le-coin-des-tresors-oublies\/coin-des-tresors-oublies-eclat-automne\/#primaryimage"},"thumbnailUrl":"https:\/\/www.shop.plumesdesetoiles.fr\/wp-content\/uploads\/2025\/10\/Lot-n\u00b01-Eclats-dAutomne.png","datePublished":"2026-01-26T10:17:48+00:00","description":"Tr\u00e9sors oubli\u00e9s : bijoux, papeterie et accessoires uniques, derniers exemplaires de l\u2019atelier. \ud83c\udf3f Lot 1 : Eclat d\u2019automne t\u2019invite \u00e0 la douceur du pass\u00e9.","breadcrumb":{"@id":"https:\/\/www.shop.plumesdesetoiles.fr\/shop\/le-coin-des-tresors-oublies\/coin-des-tresors-oublies-eclat-automne\/#breadcrumb"},"inLanguage":"en-GB","potentialAction":[{"@type":"ReadAction","target":["https:\/\/www.shop.plumesdesetoiles.fr\/shop\/le-coin-des-tresors-oublies\/coin-des-tresors-oublies-eclat-automne\/"]}]},{"@type":"ImageObject","inLanguage":"en-GB","@id":"https:\/\/www.shop.plumesdesetoiles.fr\/shop\/le-coin-des-tresors-oublies\/coin-des-tresors-oublies-eclat-automne\/#primaryimage","url":"https:\/\/www.shop.plumesdesetoiles.fr\/wp-content\/uploads\/2025\/10\/Lot-n\u00b01-Eclats-dAutomne.png","contentUrl":"https:\/\/www.shop.plumesdesetoiles.fr\/wp-content\/uploads\/2025\/10\/Lot-n\u00b01-Eclats-dAutomne.png","width":1080,"height":1080,"caption":"Tr\u00e9sors oubli\u00e9s d\u2019automne : bijoux, papeterie et accessoires uniques, derniers exemplaires de l\u2019atelier. \ud83c\udf3f Lot 1 : Eclat d\u2019automne t\u2019invite \u00e0 la douceur du pass\u00e9."},{"@type":"BreadcrumbList","@id":"https:\/\/www.shop.plumesdesetoiles.fr\/shop\/le-coin-des-tresors-oublies\/coin-des-tresors-oublies-eclat-automne\/#breadcrumb","itemListElement":[{"@type":"ListItem","position":1,"name":"Accueil","item":"https:\/\/www.shop.plumesdesetoiles.fr\/"},{"@type":"ListItem","position":2,"name":"\ud83d\uded2 Ma Boutique","item":"https:\/\/www.shop.plumesdesetoiles.fr\/shop\/"},{"@type":"ListItem","position":3,"name":"\ud83c\udf42 Le Coin des Tr\u00e9sors Oubli\u00e9s \u2013 Lot 1 : Eclat d\u2019automne"}]},{"@type":"WebSite","@id":"https:\/\/www.shop.plumesdesetoiles.fr\/#website","url":"https:\/\/www.shop.plumesdesetoiles.fr\/","name":"L\u2019Atelier des Mondes \u00c9toil\u00e9s","description":"","publisher":{"@id":"https:\/\/www.shop.plumesdesetoiles.fr\/#organization"},"potentialAction":[{"@type":"SearchAction","target":{"@type":"EntryPoint","urlTemplate":"https:\/\/www.shop.plumesdesetoiles.fr\/?s={search_term_string}"},"query-input":{"@type":"PropertyValueSpecification","valueRequired":true,"valueName":"search_term_string"}}],"inLanguage":"en-GB"},{"@type":"Organization","@id":"https:\/\/www.shop.plumesdesetoiles.fr\/#organization","name":"L\u2019Atelier des Mondes \u00c9toil\u00e9s","url":"https:\/\/www.shop.plumesdesetoiles.fr\/","logo":{"@type":"ImageObject","inLanguage":"en-GB","@id":"https:\/\/www.shop.plumesdesetoiles.fr\/#\/schema\/logo\/image\/","url":"https:\/\/www.shop.plumesdesetoiles.fr\/wp-content\/uploads\/2026\/01\/Logo-site-2026.png","contentUrl":"https:\/\/www.shop.plumesdesetoiles.fr\/wp-content\/uploads\/2026\/01\/Logo-site-2026.png","width":512,"height":512,"caption":"L\u2019Atelier des Mondes \u00c9toil\u00e9s"},"image":{"@id":"https:\/\/www.shop.plumesdesetoiles.fr\/#\/schema\/logo\/image\/"}}]}},"uagb_featured_image_src":{"full":["https:\/\/www.shop.plumesdesetoiles.fr\/wp-content\/uploads\/2025\/10\/Lot-n\u00b01-Eclats-dAutomne.png",1080,1080,false],"thumbnail":["https:\/\/www.shop.plumesdesetoiles.fr\/wp-content\/uploads\/2025\/10\/Lot-n\u00b01-Eclats-dAutomne-150x150.png",150,150,true],"medium":["https:\/\/www.shop.plumesdesetoiles.fr\/wp-content\/uploads\/2025\/10\/Lot-n\u00b01-Eclats-dAutomne-300x300.png",300,300,true],"medium_large":["https:\/\/www.shop.plumesdesetoiles.fr\/wp-content\/uploads\/2025\/10\/Lot-n\u00b01-Eclats-dAutomne-768x768.png",768,768,true],"large":["https:\/\/www.shop.plumesdesetoiles.fr\/wp-content\/uploads\/2025\/10\/Lot-n\u00b01-Eclats-dAutomne-1024x1024.png",1024,1024,true],"1536x1536":["https:\/\/www.shop.plumesdesetoiles.fr\/wp-content\/uploads\/2025\/10\/Lot-n\u00b01-Eclats-dAutomne.png",1080,1080,false],"2048x2048":["https:\/\/www.shop.plumesdesetoiles.fr\/wp-content\/uploads\/2025\/10\/Lot-n\u00b01-Eclats-dAutomne.png",1080,1080,false],"trp-custom-language-flag":["https:\/\/www.shop.plumesdesetoiles.fr\/wp-content\/uploads\/2025\/10\/Lot-n\u00b01-Eclats-dAutomne.png",12,12,false],"woocommerce_thumbnail":["https:\/\/www.shop.plumesdesetoiles.fr\/wp-content\/uploads\/2025\/10\/Lot-n\u00b01-Eclats-dAutomne-300x300.png",300,300,true],"woocommerce_single":["https:\/\/www.shop.plumesdesetoiles.fr\/wp-content\/uploads\/2025\/10\/Lot-n\u00b01-Eclats-dAutomne-600x600.png",600,600,true],"woocommerce_gallery_thumbnail":["https:\/\/www.shop.plumesdesetoiles.fr\/wp-content\/uploads\/2025\/10\/Lot-n\u00b01-Eclats-dAutomne-150x150.png",100,100,true]},"uagb_author_info":{"display_name":"Plumes des Etoiles","author_link":"https:\/\/www.shop.plumesdesetoiles.fr\/en\/author\/"},"uagb_comment_info":0,"uagb_excerpt":"Tr\u00e9sors oubli\u00e9s d\u2019automne : bijoux, papeterie et accessoires uniques, derniers exemplaires de l\u2019atelier. \ud83c\udf3f Lot 1 : Eclat d\u2019automne t\u2019invite \u00e0 la douceur du pass\u00e9.","_links":{"self":[{"href":"https:\/\/www.shop.plumesdesetoiles.fr\/en\/wp-json\/wp\/v2\/product\/7876","targetHints":{"allow":["GET"]}}],"collection":[{"href":"https:\/\/www.shop.plumesdesetoiles.fr\/en\/wp-json\/wp\/v2\/product"}],"about":[{"href":"https:\/\/www.shop.plumesdesetoiles.fr\/en\/wp-json\/wp\/v2\/types\/product"}],"replies":[{"embeddable":true,"href":"https:\/\/www.shop.plumesdesetoiles.fr\/en\/wp-json\/wp\/v2\/comments?post=7876"}],"wp:featuredmedia":[{"embeddable":true,"href":"https:\/\/www.shop.plumesdesetoiles.fr\/en\/wp-json\/wp\/v2\/media\/7877"}],"wp:attachment":[{"href":"https:\/\/www.shop.plumesdesetoiles.fr\/en\/wp-json\/wp\/v2\/media?parent=7876"}],"wp:term":[{"taxonomy":"product_brand","embeddable":true,"href":"https:\/\/www.shop.plumesdesetoiles.fr\/en\/wp-json\/wp\/v2\/product_brand?post=7876"},{"taxonomy":"product_cat","embeddable":true,"href":"https:\/\/www.shop.plumesdesetoiles.fr\/en\/wp-json\/wp\/v2\/product_cat?post=7876"},{"taxonomy":"product_tag","embeddable":true,"href":"https:\/\/www.shop.plumesdesetoiles.fr\/en\/wp-json\/wp\/v2\/product_tag?post=7876"}],"curies":[{"name":"wp","href":"https:\/\/api.w.org\/{rel}","templated":true}]}}