{"id":6408,"date":"2026-01-26T11:17:44","date_gmt":"2026-01-26T10:17:44","guid":{"rendered":"https:\/\/shop.plumesdesetoiles.fr\/?post_type=product&#038;p=6408"},"modified":"2026-01-26T11:17:44","modified_gmt":"2026-01-26T10:17:44","slug":"pochette-pour-tablette-ou-portable-11","status":"publish","type":"product","link":"https:\/\/www.shop.plumesdesetoiles.fr\/en\/shop\/creations-artisanales\/sacs-pochettes\/pochette-pour-tablette-ou-portable-11\/","title":{"rendered":"\ud83d\udcbb Pochette pour Tablette ou Portable 11&Prime;"},"content":{"rendered":"<h3 style=\"text-align: center;\"><img decoding=\"async\" class=\"size-medium wp-image-6543 aligncenter\" src=\"https:\/\/www.shop.plumesdesetoiles.fr\/wp-content\/uploads\/2019\/05\/Logo-Piece-unique-Bagage-300x300.jpg\" alt=\"\" width=\"300\" height=\"300\" srcset=\"https:\/\/www.shop.plumesdesetoiles.fr\/wp-content\/uploads\/2019\/05\/Logo-Piece-unique-Bagage-300x300.jpg 300w, https:\/\/www.shop.plumesdesetoiles.fr\/wp-content\/uploads\/2019\/05\/Logo-Piece-unique-Bagage-150x150.jpg 150w, https:\/\/www.shop.plumesdesetoiles.fr\/wp-content\/uploads\/2019\/05\/Logo-Piece-unique-Bagage-600x600.jpg 600w, https:\/\/www.shop.plumesdesetoiles.fr\/wp-content\/uploads\/2019\/05\/Logo-Piece-unique-Bagage-1024x1024.jpg 1024w, https:\/\/www.shop.plumesdesetoiles.fr\/wp-content\/uploads\/2019\/05\/Logo-Piece-unique-Bagage-768x768.jpg 768w, https:\/\/www.shop.plumesdesetoiles.fr\/wp-content\/uploads\/2019\/05\/Logo-Piece-unique-Bagage.jpg 1080w\" sizes=\"(max-width: 300px) 100vw, 300px\" \/><strong>Allie protection, style et respect de l\u2019environnement<\/strong><\/h3>\n<h3 style=\"text-align: justify;\"><\/h3>\n<h3 style=\"text-align: justify;\">D\u00e9couvre ta pochette \u00e9cologique, l\u2019accessoire tendance et responsable<\/h3>\n<p style=\"text-align: justify;\">Tu cherches une\u00a0<strong>pochette \u00e9cologique<\/strong>\u00a0pour ton ordinateur portable ou ta tablette de 11 pouces ? Ne cherche plus ! Ma\u00a0<strong>pochette<\/strong>\u00a0associe\u00a0<strong>protection<\/strong>,\u00a0<strong>style<\/strong>\u00a0, and\u00a0<strong>respect de l\u2019environnement<\/strong>\u00a0pour r\u00e9pondre \u00e0 toutes tes attentes. Con\u00e7ue sp\u00e9cialement pour accueillir ton appareil, elle te permet d\u2019avoir tout \u00e0 port\u00e9e de main tout en \u00e9tant bien prot\u00e9g\u00e9.<\/p>\n<h3 style=\"text-align: justify;\">Un design original et sophistiqu\u00e9<\/h3>\n<p style=\"text-align: justify;\">Ce qui diff\u00e9rencie cette pochette, c\u2019est son\u00a0<strong>design unique<\/strong>. Elle est r\u00e9alis\u00e9e en\u00a0<strong>su\u00e9dine rouge<\/strong>, un tissu \u00e0 la fois\u00a0<strong>luxueux<\/strong>\u00a0, and\u00a0<strong>tendance<\/strong>. La v\u00e9ritable touche d\u2019originalit\u00e9 ? La\u00a0<strong>frise aux motifs azt\u00e8ques<\/strong>\u00a0orn\u00e9e de\u00a0<strong>perles Miyuki<\/strong>\u00a0qui jouent avec la lumi\u00e8re, apportant une\u00a0<strong>dimension artistique<\/strong>\u00a0\u00e0 ton accessoire. Les\u00a0<strong>perles<\/strong>\u00a0cr\u00e9ent un\u00a0<strong>jeu de textures<\/strong>\u00a0attrayant, parfait pour donner une touche de\u00a0<strong>sophistication<\/strong>\u00a0\u00e0 ton style.<\/p>\n<h3 style=\"text-align: justify;\">Une fabrication artisanale et \u00e9cologique<\/h3>\n<p style=\"text-align: justify;\">Chaque pochette est\u00a0<strong>enti\u00e8rement cousue \u00e0 la main<\/strong>, garantissant une\u00a0<strong>qualit\u00e9 exceptionnelle<\/strong>\u00a0et une\u00a0<strong>attention minutieuse aux d\u00e9tails<\/strong>. En utilisant des\u00a0<strong>fins de tissus recycl\u00e9s<\/strong>, elle contribue \u00e0\u00a0<strong>r\u00e9duire le gaspillage<\/strong>\u00a0et \u00e0 promouvoir une d\u00e9marche\u00a0<strong>durable<\/strong>. Sa conception pratique comprend une\u00a0<strong>poche zipp\u00e9e ext\u00e9rieure<\/strong>\u00a0pour stocker tes petits objets en toute s\u00e9curit\u00e9, ainsi qu\u2019une\u00a0<strong>poche int\u00e9rieure<\/strong>\u00a0pour organiser efficacement tes effets personnels.<\/p>\n<h3 style=\"text-align: justify;\">Une pochette l\u00e9g\u00e8re, pratique et respectueuse de l\u2019environnement<\/h3>\n<p style=\"text-align: justify;\">L\u00e9g\u00e8re et compacte, cette pochette est\u00a0<strong>id\u00e9ale pour un usage quotidien<\/strong>\u00a0ou pour accompagner tes sorties. Elle s\u2019adapte \u00e0\u00a0<strong>ton style de vie dynamique<\/strong>, tout en respectant la plan\u00e8te. Avant d\u2019\u00eatre envoy\u00e9e, le tissu est lav\u00e9 en machine avec un cycle d\u00e9licat pour assurer sa\u00a0<strong>propret\u00e9<\/strong>\u00a0et sa\u00a0<strong>durabilit\u00e9<\/strong>. Note que, selon ton \u00e9cran,\u00a0<strong>les couleurs<\/strong>\u00a0affich\u00e9es peuvent l\u00e9g\u00e8rement varier.<\/p>\n<h3 style=\"text-align: justify;\">Pourquoi choisir cette pochette \u00e9cologique ?<\/h3>\n<p style=\"text-align: justify;\">Fais ce choix pour\u00a0<strong>prot\u00e9ger ton appareil avec \u00e9l\u00e9gance<\/strong>, tout en faisant un geste pour la plan\u00e8te. C\u2019est l\u2019accessoire id\u00e9al pour ceux qui souhaitent allier\u00a0<strong>fonctionnalit\u00e9<\/strong>,\u00a0<strong>esth\u00e9tique<\/strong>\u00a0, and\u00a0<strong>\u00e9cologie<\/strong>\u00a0dans leur quotidien.<\/p>\n<hr \/>\n<h3 style=\"text-align: justify;\"><strong>Pourquoi choisir cette Pochette pour Tablette ou Portable 11&Prime; :<\/strong><\/h3>\n<ul>\n<li style=\"text-align: justify;\"><strong>Protection optimale<\/strong>\u00a0pour ta tablette ou ton portable de 11 pouces, gr\u00e2ce \u00e0 un tissu doux et r\u00e9sistant.<\/li>\n<li style=\"text-align: justify;\"><strong>Design unique<\/strong>\u00a0avec une frise azt\u00e8que et des\u00a0<strong>perles Miyuki<\/strong>\u00a0qui apportent une touche d\u2019originalit\u00e9 et d\u2019\u00e9l\u00e9gance.<\/li>\n<li style=\"text-align: justify;\"><strong>Faite main<\/strong>, chaque pochette offre une\u00a0<strong>qualit\u00e9 impeccable<\/strong>\u00a0et un souci du d\u00e9tail sup\u00e9rieur.<\/li>\n<li style=\"text-align: justify;\"><strong>Mat\u00e9riaux recycl\u00e9s<\/strong>\u00a0pour une d\u00e9marche \u00e9cologique, favorisant le\u00a0<strong>z\u00e9ro d\u00e9chet<\/strong>.<\/li>\n<li style=\"text-align: justify;\">Fonctionnalit\u00e9s pratiques avec ses\u00a0<strong>poches ext\u00e9rieure et int\u00e9rieure<\/strong>\u00a0pour organiser tes effets personnels.<\/li>\n<li style=\"text-align: justify;\">L\u00e9ger, compact et id\u00e9al pour un usage\u00a0<strong>quotidien<\/strong>\u00a0ou pour des\u00a0<strong>occasions sp\u00e9ciales<\/strong>.<\/li>\n<li style=\"text-align: justify;\">Lav\u00e9 en machine, pr\u00eat \u00e0 l\u2019emploi, avec une l\u00e9g\u00e8re\u00a0<strong>variation de couleurs<\/strong>\u00a0selon l\u2019\u00e9cran.<\/li>\n<li style=\"text-align: justify;\">Combin\u00e9\u00a0<strong>esth\u00e9tique<\/strong>,\u00a0<strong>durabilit\u00e9<\/strong>\u00a0, and\u00a0<strong>mode responsable<\/strong> pour un accessoire qui te ressemble.<\/li>\n<\/ul>","protected":false},"excerpt":{"rendered":"<p style=\"text-align: justify;\">Adopte cette\u00a0<strong>pochette \u00e9cologique<\/strong>\u00a0en su\u00e9dine rouge, ornement\u00e9e de motifs azt\u00e8ques et de perles Miyuki, pour prot\u00e9ger ton ordinateur ou ta tablette tout en respectant l\u2019environnement. Son design artisanal, pratique et durable en fait l\u2019accessoire parfait pour allier\u00a0<strong>esth\u00e9tique<\/strong>,\u00a0<strong>fonctionnalit\u00e9<\/strong>\u00a0, and\u00a0<strong>\u00e9cologie<\/strong>\u00a0au quotidien.<\/p>","protected":false},"featured_media":6411,"comment_status":"open","ping_status":"closed","template":"","meta":{"_uag_custom_page_level_css":"","site-sidebar-layout":"default","site-content-layout":"","ast-site-content-layout":"default","site-content-style":"default","site-sidebar-style":"default","ast-global-header-display":"","ast-banner-title-visibility":"","ast-main-header-display":"","ast-hfb-above-header-display":"","ast-hfb-below-header-display":"","ast-hfb-mobile-header-display":"","site-post-title":"","ast-breadcrumbs-content":"","ast-featured-img":"","footer-sml-layout":"","ast-disable-related-posts":"","theme-transparent-header-meta":"default","adv-header-id-meta":"","stick-header-meta":"","header-above-stick-meta":"","header-main-stick-meta":"","header-below-stick-meta":"","astra-migrate-meta-layouts":"set","ast-page-background-enabled":"default","ast-page-background-meta":{"desktop":{"background-color":"","background-image":"","background-repeat":"repeat","background-position":"center center","background-size":"auto","background-attachment":"scroll","background-type":"","background-media":"","overlay-type":"","overlay-color":"","overlay-opacity":"","overlay-gradient":""},"tablet":{"background-color":"","background-image":"","background-repeat":"repeat","background-position":"center center","background-size":"auto","background-attachment":"scroll","background-type":"","background-media":"","overlay-type":"","overlay-color":"","overlay-opacity":"","overlay-gradient":""},"mobile":{"background-color":"","background-image":"","background-repeat":"repeat","background-position":"center center","background-size":"auto","background-attachment":"scroll","background-type":"","background-media":"","overlay-type":"","overlay-color":"","overlay-opacity":"","overlay-gradient":""}},"ast-content-background-meta":{"desktop":{"background-color":"var(--ast-global-color-5)","background-image":"","background-repeat":"repeat","background-position":"center center","background-size":"auto","background-attachment":"scroll","background-type":"","background-media":"","overlay-type":"","overlay-color":"","overlay-opacity":"","overlay-gradient":""},"tablet":{"background-color":"var(--ast-global-color-5)","background-image":"","background-repeat":"repeat","background-position":"center center","background-size":"auto","background-attachment":"scroll","background-type":"","background-media":"","overlay-type":"","overlay-color":"","overlay-opacity":"","overlay-gradient":""},"mobile":{"background-color":"var(--ast-global-color-5)","background-image":"","background-repeat":"repeat","background-position":"center center","background-size":"auto","background-attachment":"scroll","background-type":"","background-media":"","overlay-type":"","overlay-color":"","overlay-opacity":"","overlay-gradient":""}}},"product_brand":[],"product_cat":[1035,986],"product_tag":[1260,1256,1258,1262,1255,1261,1254,1263,1259,1257],"class_list":{"0":"post-6408","1":"product","2":"type-product","3":"status-publish","4":"has-post-thumbnail","6":"product_cat-sacs-pochettes","7":"product_cat-creations-artisanales","8":"product_tag-etui-ordinateur-design","9":"product_tag-etui-ordinateur-portable-textile","10":"product_tag-housse-laptop-artisanale","11":"product_tag-housse-ordinateur-en-tissu","12":"product_tag-housse-ordinateur-portable-fait-main","13":"product_tag-pochette-ordinateur-personnalisee","14":"product_tag-pochette-ordinateur-portable-tissu","15":"product_tag-pochette-portable-eco-responsable","16":"product_tag-pochette-portable-legere","17":"product_tag-protection-pc-portable-tissu","18":"product_shipping_class-de-20-a-99g-lettre-suivie","19":"desktop-align-center","20":"tablet-align-center","21":"mobile-align-center","23":"first","24":"instock","25":"shipping-taxable","26":"purchasable","27":"product-type-simple"},"yoast_head":"<!-- This site is optimized with the Yoast SEO plugin v27.3 - https:\/\/yoast.com\/product\/yoast-seo-wordpress\/ -->\n<title>\ud83d\udcbb Pochette pour Tablette ou Portable 11&quot; - L\u2019Atelier des Mondes \u00c9toil\u00e9s<\/title>\n<meta name=\"description\" content=\"Pochette pour Tablette ou Portable 11&quot; : \u00e9coresponsable, avec design unique, frise azt\u00e8que et perles Miyuki. Pratique, \u00e9l\u00e9gante et durable !\" \/>\n<meta name=\"robots\" content=\"index, follow, max-snippet:-1, max-image-preview:large, max-video-preview:-1\" \/>\n<link rel=\"canonical\" href=\"https:\/\/www.shop.plumesdesetoiles.fr\/en\/shop\/creations-artisanales\/sacs-pochettes\/pochette-pour-tablette-ou-portable-11\/\" \/>\n<meta property=\"og:locale\" content=\"en_GB\" \/>\n<meta property=\"og:type\" content=\"article\" \/>\n<meta property=\"og:title\" content=\"\ud83d\udcbb Pochette pour Tablette ou Portable 11&quot; - L\u2019Atelier des Mondes \u00c9toil\u00e9s\" \/>\n<meta property=\"og:description\" content=\"Pochette pour Tablette ou Portable 11&quot; : \u00e9coresponsable, avec design unique, frise azt\u00e8que et perles Miyuki. Pratique, \u00e9l\u00e9gante et durable !\" \/>\n<meta property=\"og:url\" content=\"https:\/\/www.shop.plumesdesetoiles.fr\/en\/shop\/creations-artisanales\/sacs-pochettes\/pochette-pour-tablette-ou-portable-11\/\" \/>\n<meta property=\"og:site_name\" content=\"L\u2019Atelier des Mondes \u00c9toil\u00e9s\" \/>\n<meta property=\"og:image\" content=\"https:\/\/www.shop.plumesdesetoiles.fr\/wp-content\/uploads\/2025\/05\/BUR24HPC001-Housse-tablette-11-pouces.jpg\" \/>\n\t<meta property=\"og:image:width\" content=\"1485\" \/>\n\t<meta property=\"og:image:height\" content=\"1485\" \/>\n\t<meta property=\"og:image:type\" content=\"image\/jpeg\" \/>\n<meta name=\"twitter:card\" content=\"summary_large_image\" \/>\n<meta name=\"twitter:label1\" content=\"Estimated reading time\" \/>\n\t<meta name=\"twitter:data1\" content=\"3 minutes\" \/>\n<script type=\"application\/ld+json\" class=\"yoast-schema-graph\">{\"@context\":\"https:\\\/\\\/schema.org\",\"@graph\":[{\"@type\":\"WebPage\",\"@id\":\"https:\\\/\\\/www.shop.plumesdesetoiles.fr\\\/shop\\\/creations-artisanales\\\/sacs-pochettes\\\/pochette-pour-tablette-ou-portable-11\\\/\",\"url\":\"https:\\\/\\\/www.shop.plumesdesetoiles.fr\\\/shop\\\/creations-artisanales\\\/sacs-pochettes\\\/pochette-pour-tablette-ou-portable-11\\\/\",\"name\":\"\ud83d\udcbb Pochette pour Tablette ou Portable 11\\\" - L\u2019Atelier des Mondes \u00c9toil\u00e9s\",\"isPartOf\":{\"@id\":\"https:\\\/\\\/www.shop.plumesdesetoiles.fr\\\/#website\"},\"primaryImageOfPage\":{\"@id\":\"https:\\\/\\\/www.shop.plumesdesetoiles.fr\\\/shop\\\/creations-artisanales\\\/sacs-pochettes\\\/pochette-pour-tablette-ou-portable-11\\\/#primaryimage\"},\"image\":{\"@id\":\"https:\\\/\\\/www.shop.plumesdesetoiles.fr\\\/shop\\\/creations-artisanales\\\/sacs-pochettes\\\/pochette-pour-tablette-ou-portable-11\\\/#primaryimage\"},\"thumbnailUrl\":\"https:\\\/\\\/www.shop.plumesdesetoiles.fr\\\/wp-content\\\/uploads\\\/2025\\\/05\\\/BUR24HPC001-Housse-tablette-11-pouces.jpg\",\"datePublished\":\"2026-01-26T10:17:44+00:00\",\"description\":\"Pochette pour Tablette ou Portable 11\\\" : \u00e9coresponsable, avec design unique, frise azt\u00e8que et perles Miyuki. Pratique, \u00e9l\u00e9gante et durable !\",\"breadcrumb\":{\"@id\":\"https:\\\/\\\/www.shop.plumesdesetoiles.fr\\\/shop\\\/creations-artisanales\\\/sacs-pochettes\\\/pochette-pour-tablette-ou-portable-11\\\/#breadcrumb\"},\"inLanguage\":\"en-GB\",\"potentialAction\":[{\"@type\":\"ReadAction\",\"target\":[\"https:\\\/\\\/www.shop.plumesdesetoiles.fr\\\/shop\\\/creations-artisanales\\\/sacs-pochettes\\\/pochette-pour-tablette-ou-portable-11\\\/\"]}]},{\"@type\":\"ImageObject\",\"inLanguage\":\"en-GB\",\"@id\":\"https:\\\/\\\/www.shop.plumesdesetoiles.fr\\\/shop\\\/creations-artisanales\\\/sacs-pochettes\\\/pochette-pour-tablette-ou-portable-11\\\/#primaryimage\",\"url\":\"https:\\\/\\\/www.shop.plumesdesetoiles.fr\\\/wp-content\\\/uploads\\\/2025\\\/05\\\/BUR24HPC001-Housse-tablette-11-pouces.jpg\",\"contentUrl\":\"https:\\\/\\\/www.shop.plumesdesetoiles.fr\\\/wp-content\\\/uploads\\\/2025\\\/05\\\/BUR24HPC001-Housse-tablette-11-pouces.jpg\",\"width\":1485,\"height\":1485,\"caption\":\"Pochette pour Tablette ou Portable 11\\\" : \u00e9coresponsable, avec design unique, frise azt\u00e8que et perles Miyuki. Pratique, \u00e9l\u00e9gante et durable !\"},{\"@type\":\"BreadcrumbList\",\"@id\":\"https:\\\/\\\/www.shop.plumesdesetoiles.fr\\\/shop\\\/creations-artisanales\\\/sacs-pochettes\\\/pochette-pour-tablette-ou-portable-11\\\/#breadcrumb\",\"itemListElement\":[{\"@type\":\"ListItem\",\"position\":1,\"name\":\"Accueil\",\"item\":\"https:\\\/\\\/www.shop.plumesdesetoiles.fr\\\/\"},{\"@type\":\"ListItem\",\"position\":2,\"name\":\"\ud83d\uded2 Ma Boutique\",\"item\":\"https:\\\/\\\/www.shop.plumesdesetoiles.fr\\\/shop\\\/\"},{\"@type\":\"ListItem\",\"position\":3,\"name\":\"\ud83d\udcbb Pochette pour Tablette ou Portable 11&Prime;\"}]},{\"@type\":\"WebSite\",\"@id\":\"https:\\\/\\\/www.shop.plumesdesetoiles.fr\\\/#website\",\"url\":\"https:\\\/\\\/www.shop.plumesdesetoiles.fr\\\/\",\"name\":\"L\u2019Atelier des Mondes \u00c9toil\u00e9s\",\"description\":\"\",\"publisher\":{\"@id\":\"https:\\\/\\\/www.shop.plumesdesetoiles.fr\\\/#organization\"},\"potentialAction\":[{\"@type\":\"SearchAction\",\"target\":{\"@type\":\"EntryPoint\",\"urlTemplate\":\"https:\\\/\\\/www.shop.plumesdesetoiles.fr\\\/?s={search_term_string}\"},\"query-input\":{\"@type\":\"PropertyValueSpecification\",\"valueRequired\":true,\"valueName\":\"search_term_string\"}}],\"inLanguage\":\"en-GB\"},{\"@type\":\"Organization\",\"@id\":\"https:\\\/\\\/www.shop.plumesdesetoiles.fr\\\/#organization\",\"name\":\"L\u2019Atelier des Mondes \u00c9toil\u00e9s\",\"url\":\"https:\\\/\\\/www.shop.plumesdesetoiles.fr\\\/\",\"logo\":{\"@type\":\"ImageObject\",\"inLanguage\":\"en-GB\",\"@id\":\"https:\\\/\\\/www.shop.plumesdesetoiles.fr\\\/#\\\/schema\\\/logo\\\/image\\\/\",\"url\":\"https:\\\/\\\/www.shop.plumesdesetoiles.fr\\\/wp-content\\\/uploads\\\/2026\\\/01\\\/Logo-site-2026.png\",\"contentUrl\":\"https:\\\/\\\/www.shop.plumesdesetoiles.fr\\\/wp-content\\\/uploads\\\/2026\\\/01\\\/Logo-site-2026.png\",\"width\":512,\"height\":512,\"caption\":\"L\u2019Atelier des Mondes \u00c9toil\u00e9s\"},\"image\":{\"@id\":\"https:\\\/\\\/www.shop.plumesdesetoiles.fr\\\/#\\\/schema\\\/logo\\\/image\\\/\"}}]}<\/script>\n<!-- \/ Yoast SEO plugin. -->","yoast_head_json":{"title":"\ud83d\udcbb Pochette pour Tablette ou Portable 11\" - L\u2019Atelier des Mondes \u00c9toil\u00e9s","description":"Pochette pour Tablette ou Portable 11\" : \u00e9coresponsable, avec design unique, frise azt\u00e8que et perles Miyuki. Pratique, \u00e9l\u00e9gante et durable !","robots":{"index":"index","follow":"follow","max-snippet":"max-snippet:-1","max-image-preview":"max-image-preview:large","max-video-preview":"max-video-preview:-1"},"canonical":"https:\/\/www.shop.plumesdesetoiles.fr\/en\/shop\/creations-artisanales\/sacs-pochettes\/pochette-pour-tablette-ou-portable-11\/","og_locale":"en_GB","og_type":"article","og_title":"\ud83d\udcbb Pochette pour Tablette ou Portable 11\" - L\u2019Atelier des Mondes \u00c9toil\u00e9s","og_description":"Pochette pour Tablette ou Portable 11\" : \u00e9coresponsable, avec design unique, frise azt\u00e8que et perles Miyuki. Pratique, \u00e9l\u00e9gante et durable !","og_url":"https:\/\/www.shop.plumesdesetoiles.fr\/en\/shop\/creations-artisanales\/sacs-pochettes\/pochette-pour-tablette-ou-portable-11\/","og_site_name":"L\u2019Atelier des Mondes \u00c9toil\u00e9s","og_image":[{"width":1485,"height":1485,"url":"https:\/\/www.shop.plumesdesetoiles.fr\/wp-content\/uploads\/2025\/05\/BUR24HPC001-Housse-tablette-11-pouces.jpg","type":"image\/jpeg"}],"twitter_card":"summary_large_image","twitter_misc":{"Estimated reading time":"3 minutes"},"schema":{"@context":"https:\/\/schema.org","@graph":[{"@type":"WebPage","@id":"https:\/\/www.shop.plumesdesetoiles.fr\/shop\/creations-artisanales\/sacs-pochettes\/pochette-pour-tablette-ou-portable-11\/","url":"https:\/\/www.shop.plumesdesetoiles.fr\/shop\/creations-artisanales\/sacs-pochettes\/pochette-pour-tablette-ou-portable-11\/","name":"\ud83d\udcbb Pochette pour Tablette ou Portable 11\" - L\u2019Atelier des Mondes \u00c9toil\u00e9s","isPartOf":{"@id":"https:\/\/www.shop.plumesdesetoiles.fr\/#website"},"primaryImageOfPage":{"@id":"https:\/\/www.shop.plumesdesetoiles.fr\/shop\/creations-artisanales\/sacs-pochettes\/pochette-pour-tablette-ou-portable-11\/#primaryimage"},"image":{"@id":"https:\/\/www.shop.plumesdesetoiles.fr\/shop\/creations-artisanales\/sacs-pochettes\/pochette-pour-tablette-ou-portable-11\/#primaryimage"},"thumbnailUrl":"https:\/\/www.shop.plumesdesetoiles.fr\/wp-content\/uploads\/2025\/05\/BUR24HPC001-Housse-tablette-11-pouces.jpg","datePublished":"2026-01-26T10:17:44+00:00","description":"Pochette pour Tablette ou Portable 11\" : \u00e9coresponsable, avec design unique, frise azt\u00e8que et perles Miyuki. Pratique, \u00e9l\u00e9gante et durable !","breadcrumb":{"@id":"https:\/\/www.shop.plumesdesetoiles.fr\/shop\/creations-artisanales\/sacs-pochettes\/pochette-pour-tablette-ou-portable-11\/#breadcrumb"},"inLanguage":"en-GB","potentialAction":[{"@type":"ReadAction","target":["https:\/\/www.shop.plumesdesetoiles.fr\/shop\/creations-artisanales\/sacs-pochettes\/pochette-pour-tablette-ou-portable-11\/"]}]},{"@type":"ImageObject","inLanguage":"en-GB","@id":"https:\/\/www.shop.plumesdesetoiles.fr\/shop\/creations-artisanales\/sacs-pochettes\/pochette-pour-tablette-ou-portable-11\/#primaryimage","url":"https:\/\/www.shop.plumesdesetoiles.fr\/wp-content\/uploads\/2025\/05\/BUR24HPC001-Housse-tablette-11-pouces.jpg","contentUrl":"https:\/\/www.shop.plumesdesetoiles.fr\/wp-content\/uploads\/2025\/05\/BUR24HPC001-Housse-tablette-11-pouces.jpg","width":1485,"height":1485,"caption":"Pochette pour Tablette ou Portable 11\" : \u00e9coresponsable, avec design unique, frise azt\u00e8que et perles Miyuki. Pratique, \u00e9l\u00e9gante et durable !"},{"@type":"BreadcrumbList","@id":"https:\/\/www.shop.plumesdesetoiles.fr\/shop\/creations-artisanales\/sacs-pochettes\/pochette-pour-tablette-ou-portable-11\/#breadcrumb","itemListElement":[{"@type":"ListItem","position":1,"name":"Accueil","item":"https:\/\/www.shop.plumesdesetoiles.fr\/"},{"@type":"ListItem","position":2,"name":"\ud83d\uded2 Ma Boutique","item":"https:\/\/www.shop.plumesdesetoiles.fr\/shop\/"},{"@type":"ListItem","position":3,"name":"\ud83d\udcbb Pochette pour Tablette ou Portable 11&Prime;"}]},{"@type":"WebSite","@id":"https:\/\/www.shop.plumesdesetoiles.fr\/#website","url":"https:\/\/www.shop.plumesdesetoiles.fr\/","name":"L\u2019Atelier des Mondes \u00c9toil\u00e9s","description":"","publisher":{"@id":"https:\/\/www.shop.plumesdesetoiles.fr\/#organization"},"potentialAction":[{"@type":"SearchAction","target":{"@type":"EntryPoint","urlTemplate":"https:\/\/www.shop.plumesdesetoiles.fr\/?s={search_term_string}"},"query-input":{"@type":"PropertyValueSpecification","valueRequired":true,"valueName":"search_term_string"}}],"inLanguage":"en-GB"},{"@type":"Organization","@id":"https:\/\/www.shop.plumesdesetoiles.fr\/#organization","name":"L\u2019Atelier des Mondes \u00c9toil\u00e9s","url":"https:\/\/www.shop.plumesdesetoiles.fr\/","logo":{"@type":"ImageObject","inLanguage":"en-GB","@id":"https:\/\/www.shop.plumesdesetoiles.fr\/#\/schema\/logo\/image\/","url":"https:\/\/www.shop.plumesdesetoiles.fr\/wp-content\/uploads\/2026\/01\/Logo-site-2026.png","contentUrl":"https:\/\/www.shop.plumesdesetoiles.fr\/wp-content\/uploads\/2026\/01\/Logo-site-2026.png","width":512,"height":512,"caption":"L\u2019Atelier des Mondes \u00c9toil\u00e9s"},"image":{"@id":"https:\/\/www.shop.plumesdesetoiles.fr\/#\/schema\/logo\/image\/"}}]}},"uagb_featured_image_src":{"full":["https:\/\/www.shop.plumesdesetoiles.fr\/wp-content\/uploads\/2025\/05\/BUR24HPC001-Housse-tablette-11-pouces.jpg",1485,1485,false],"thumbnail":["https:\/\/www.shop.plumesdesetoiles.fr\/wp-content\/uploads\/2025\/05\/BUR24HPC001-Housse-tablette-11-pouces-150x150.jpg",150,150,true],"medium":["https:\/\/www.shop.plumesdesetoiles.fr\/wp-content\/uploads\/2025\/05\/BUR24HPC001-Housse-tablette-11-pouces-300x300.jpg",300,300,true],"medium_large":["https:\/\/www.shop.plumesdesetoiles.fr\/wp-content\/uploads\/2025\/05\/BUR24HPC001-Housse-tablette-11-pouces-768x768.jpg",768,768,true],"large":["https:\/\/www.shop.plumesdesetoiles.fr\/wp-content\/uploads\/2025\/05\/BUR24HPC001-Housse-tablette-11-pouces-1024x1024.jpg",1024,1024,true],"1536x1536":["https:\/\/www.shop.plumesdesetoiles.fr\/wp-content\/uploads\/2025\/05\/BUR24HPC001-Housse-tablette-11-pouces.jpg",1485,1485,false],"2048x2048":["https:\/\/www.shop.plumesdesetoiles.fr\/wp-content\/uploads\/2025\/05\/BUR24HPC001-Housse-tablette-11-pouces.jpg",1485,1485,false],"trp-custom-language-flag":["https:\/\/www.shop.plumesdesetoiles.fr\/wp-content\/uploads\/2025\/05\/BUR24HPC001-Housse-tablette-11-pouces.jpg",12,12,false],"woocommerce_thumbnail":["https:\/\/www.shop.plumesdesetoiles.fr\/wp-content\/uploads\/2025\/05\/BUR24HPC001-Housse-tablette-11-pouces-300x300.jpg",300,300,true],"woocommerce_single":["https:\/\/www.shop.plumesdesetoiles.fr\/wp-content\/uploads\/2025\/05\/BUR24HPC001-Housse-tablette-11-pouces-600x600.jpg",600,600,true],"woocommerce_gallery_thumbnail":["https:\/\/www.shop.plumesdesetoiles.fr\/wp-content\/uploads\/2025\/05\/BUR24HPC001-Housse-tablette-11-pouces-150x150.jpg",100,100,true]},"uagb_author_info":{"display_name":"Plumes des Etoiles","author_link":"https:\/\/www.shop.plumesdesetoiles.fr\/en\/author\/"},"uagb_comment_info":0,"uagb_excerpt":"Adopte cette\u00a0pochette \u00e9cologique\u00a0en su\u00e9dine rouge, ornement\u00e9e de motifs azt\u00e8ques et de perles Miyuki, pour prot\u00e9ger ton ordinateur ou ta tablette tout en respectant l\u2019environnement. Son design artisanal, pratique et durable en fait l\u2019accessoire parfait pour allier\u00a0esth\u00e9tique,\u00a0fonctionnalit\u00e9\u00a0et\u00a0\u00e9cologie\u00a0au quotidien.","_links":{"self":[{"href":"https:\/\/www.shop.plumesdesetoiles.fr\/en\/wp-json\/wp\/v2\/product\/6408","targetHints":{"allow":["GET"]}}],"collection":[{"href":"https:\/\/www.shop.plumesdesetoiles.fr\/en\/wp-json\/wp\/v2\/product"}],"about":[{"href":"https:\/\/www.shop.plumesdesetoiles.fr\/en\/wp-json\/wp\/v2\/types\/product"}],"replies":[{"embeddable":true,"href":"https:\/\/www.shop.plumesdesetoiles.fr\/en\/wp-json\/wp\/v2\/comments?post=6408"}],"wp:featuredmedia":[{"embeddable":true,"href":"https:\/\/www.shop.plumesdesetoiles.fr\/en\/wp-json\/wp\/v2\/media\/6411"}],"wp:attachment":[{"href":"https:\/\/www.shop.plumesdesetoiles.fr\/en\/wp-json\/wp\/v2\/media?parent=6408"}],"wp:term":[{"taxonomy":"product_brand","embeddable":true,"href":"https:\/\/www.shop.plumesdesetoiles.fr\/en\/wp-json\/wp\/v2\/product_brand?post=6408"},{"taxonomy":"product_cat","embeddable":true,"href":"https:\/\/www.shop.plumesdesetoiles.fr\/en\/wp-json\/wp\/v2\/product_cat?post=6408"},{"taxonomy":"product_tag","embeddable":true,"href":"https:\/\/www.shop.plumesdesetoiles.fr\/en\/wp-json\/wp\/v2\/product_tag?post=6408"}],"curies":[{"name":"wp","href":"https:\/\/api.w.org\/{rel}","templated":true}]}}