{"id":6216,"date":"2026-01-26T11:17:42","date_gmt":"2026-01-26T10:17:42","guid":{"rendered":"https:\/\/shop.plumesdesetoiles.fr\/?post_type=product&#038;p=6216"},"modified":"2026-01-26T11:17:42","modified_gmt":"2026-01-26T10:17:42","slug":"collier-lotus-elegance-et-originalite-unique","status":"publish","type":"product","link":"https:\/\/www.shop.plumesdesetoiles.fr\/en\/shop\/le-coin-des-tresors-oublies\/collier-lotus-elegance-et-originalite-unique\/","title":{"rendered":"\ud83d\udc8e Collier Lotus \u2013 \u00c9l\u00e9gance et originalit\u00e9 unique"},"content":{"rendered":"<h3 style=\"text-align: center;\"><img decoding=\"async\" class=\"size-medium wp-image-6468 aligncenter\" src=\"https:\/\/www.shop.plumesdesetoiles.fr\/wp-content\/uploads\/2012\/04\/Logo-Piece-Unique-Collier-300x300.png\" alt=\"\" width=\"300\" height=\"300\" srcset=\"https:\/\/www.shop.plumesdesetoiles.fr\/wp-content\/uploads\/2012\/04\/Logo-Piece-Unique-Collier-300x300.png 300w, https:\/\/www.shop.plumesdesetoiles.fr\/wp-content\/uploads\/2012\/04\/Logo-Piece-Unique-Collier-150x150.png 150w, https:\/\/www.shop.plumesdesetoiles.fr\/wp-content\/uploads\/2012\/04\/Logo-Piece-Unique-Collier-600x600.png 600w, https:\/\/www.shop.plumesdesetoiles.fr\/wp-content\/uploads\/2012\/04\/Logo-Piece-Unique-Collier-1024x1024.png 1024w, https:\/\/www.shop.plumesdesetoiles.fr\/wp-content\/uploads\/2012\/04\/Logo-Piece-Unique-Collier-768x768.png 768w, https:\/\/www.shop.plumesdesetoiles.fr\/wp-content\/uploads\/2012\/04\/Logo-Piece-Unique-Collier.png 1080w\" sizes=\"(max-width: 300px) 100vw, 300px\" \/><strong>Sublime ton style avec ce collier en pierre naturelle<\/strong><\/h3>\n<h3><\/h3>\n<h3 style=\"text-align: justify;\">D\u00e9couvre ce collier pendentif en agate, pi\u00e8ce d\u2019exception<\/h3>\n<p style=\"text-align: justify;\">Offre-toi un bijou unique avec ce\u00a0<strong>magnifique Collier Lotus en agate<\/strong>. Tiss\u00e9 avec plus de\u00a0<strong>1500 perles<\/strong>\u00a0autour d\u2019une\u00a0<strong>pierre naturelle en agate<\/strong>\u00a0en forme de donut, il cr\u00e9e un accessoire \u00e0 la fois\u00a0<strong>raffin\u00e9<\/strong>\u00a0, and\u00a0<strong>original<\/strong>. Ses couleurs\u00a0<strong>dor\u00e9es<\/strong>\u00a0, and\u00a0<strong>bordeaux<\/strong>\u00a0lui donnent une touche d\u2019<strong>\u00e9l\u00e9gance sophistiqu\u00e9e<\/strong>\u00a0qui sublimera toutes tes tenues, que ce soit pour une occasion sp\u00e9ciale ou pour le plaisir de te sentir belle au quotidien.<\/p>\n<h3 style=\"text-align: justify;\">Un bijou artisanal, \u00e9l\u00e9gant et l\u00e9ger<\/h3>\n<p style=\"text-align: justify;\">Ce collier a \u00e9t\u00e9\u00a0<strong>con\u00e7u avec soin<\/strong>\u00a0pour t\u2019offrir une pi\u00e8ce de\u00a0<strong>haute qualit\u00e9<\/strong>. La pierre en agate, mise en valeur par des perles des marques\u00a0<strong>PRECIOSA<\/strong>\u00a0, and\u00a0<strong>MIYUKI<\/strong>, apporte une\u00a0<strong>finesse<\/strong>\u00a0remarquable. Son fermoir en\u00a0<strong>vieil or<\/strong>\u00a0ajoute une\u00a0<strong>touche de sophistication<\/strong>\u00a0suppl\u00e9mentaire. Avec une\u00a0<strong>longueur de 55 cm<\/strong>\u00a0et un\u00a0<strong>poids l\u00e9ger de 60 grammes<\/strong>, il est agr\u00e9able \u00e0 porter toute la journ\u00e9e, sans te fatiguer.<\/p>\n<h3 style=\"text-align: justify;\">Une pi\u00e8ce exquise, parfaite pour toutes les occasions<\/h3>\n<p style=\"text-align: justify;\">Chaque collier est une\u00a0<strong>pi\u00e8ce unique<\/strong>, fabriqu\u00e9e \u00e0 la main, ce qui lui conf\u00e8re un caract\u00e8re\u00a0<strong>pr\u00e9cieux<\/strong>\u00a0, and\u00a0<strong>exclusif<\/strong>. Livr\u00e9 dans une jolie\u00a0<strong>pochette en organza<\/strong>, il constitue aussi un\u00a0<strong>id\u00e9al cadeau<\/strong>\u00a0pour quelqu\u2019un que tu tiens \u00e0 c\u0153ur. La s\u00e9lection rigoureuse des pierres naturelles garantit une\u00a0<strong>unicit\u00e9<\/strong>\u00a0\u00e0 chaque bijou, m\u00eame si les couleurs peuvent l\u00e9g\u00e8rement varier selon ton \u00e9cran.<\/p>\n<h3 style=\"text-align: justify;\">Ajoute une touche d\u2019\u00e9l\u00e9gance \u00e0 ton style<\/h3>\n<p style=\"text-align: justify;\">Que tu veuilles compl\u00e9ter une tenue chic ou simplement te faire plaisir, ce\u00a0<strong>collier pendentif<\/strong>\u00a0saura capter l\u2019attention et mettre en valeur ton style. Son design allie\u00a0<strong>beaut\u00e9 naturelle<\/strong>,\u00a0<strong>savoir-faire artisanal<\/strong>\u00a0, and\u00a0<strong>finesse du d\u00e9tail<\/strong>.<\/p>\n<h3 style=\"text-align: justify;\">Pourquoi h\u00e9siter ?<\/h3>\n<p style=\"text-align: justify;\">Fais-toi plaisir ou offre cette pi\u00e8ce d\u2019<strong>exception<\/strong> \u00e0 quelqu\u2019un de cher. C\u2019est la combinaison parfaite entre \u00e9<strong>l\u00e9gance<\/strong>,\u00a0<strong>originalit\u00e9<\/strong>\u00a0, and\u00a0<strong>qualit\u00e9 des mat\u00e9riaux<\/strong>.<\/p>\n<hr \/>\n<h3 style=\"text-align: justify;\">Pourquoi choisir ce Collier Lotus :<\/h3>\n<ul>\n<li style=\"text-align: justify;\"><strong>Bijou en agate et perles artisanales<\/strong>\u00a0: un objet\u00a0<strong>unique<\/strong>,\u00a0<strong>raffin\u00e9<\/strong>\u00a0, and\u00a0<strong>d\u2019exception<\/strong>.<\/li>\n<li style=\"text-align: justify;\"><strong>Design fait main<\/strong>\u00a0: garantit une\u00a0<strong>qualit\u00e9 haut de gamme<\/strong>\u00a0et un\u00a0<strong>savoir-faire artisanal<\/strong>.<\/li>\n<li style=\"text-align: justify;\"><strong>Mat\u00e9riaux de haute qualit\u00e9<\/strong>\u00a0: perles\u00a0<strong>PRECIOSA<\/strong>\u00a0, and\u00a0<strong>MIYUKI<\/strong>, pierre naturelle en agate, fermoir en\u00a0<strong>vieil or<\/strong>.<\/li>\n<li style=\"text-align: justify;\"><strong>L\u00e9ger et confortable<\/strong>\u00a0: longueur de\u00a0<strong>55 cm<\/strong>, poids de\u00a0<strong>60g<\/strong>, parfait pour un port quotidien.<\/li>\n<li style=\"text-align: justify;\"><strong>Pi\u00e8ce exclusive<\/strong>\u00a0: chaque bijou est\u00a0<strong>unique<\/strong> : id\u00e9al pour offrir ou compl\u00e9ter ta collection.<\/li>\n<li style=\"text-align: justify;\"><strong>Polyvalent et \u00e9l\u00e9gant<\/strong>\u00a0: parfait pour toutes les occasions, ajoutant une\u00a0<strong>touche sophistiqu\u00e9e<\/strong> \u00e0 ton style.<\/li>\n<\/ul>","protected":false},"excerpt":{"rendered":"<p style=\"text-align: justify;\">D\u00e9couvre ce collier pendentif en agate et perles, une pi\u00e8ce\u00a0<strong>d\u2019exception<\/strong>\u00a0qui allie\u00a0<strong>beaut\u00e9 naturelle<\/strong>,\u00a0<strong>finesse artisanale<\/strong>\u00a0, and\u00a0<strong>\u00e9l\u00e9gance durable<\/strong>. Parfait pour rehausser ton style ou faire un cadeau pr\u00e9cieux, il apportera une touche d\u2019<strong>originalit\u00e9<\/strong>\u00a0et de\u00a0<strong>raffinement<\/strong>\u00a0\u00e0 toutes tes tenues.<\/p>","protected":false},"featured_media":6218,"comment_status":"open","ping_status":"closed","template":"","meta":{"_uag_custom_page_level_css":"","site-sidebar-layout":"default","site-content-layout":"","ast-site-content-layout":"default","site-content-style":"default","site-sidebar-style":"default","ast-global-header-display":"","ast-banner-title-visibility":"","ast-main-header-display":"","ast-hfb-above-header-display":"","ast-hfb-below-header-display":"","ast-hfb-mobile-header-display":"","site-post-title":"","ast-breadcrumbs-content":"","ast-featured-img":"","footer-sml-layout":"","ast-disable-related-posts":"","theme-transparent-header-meta":"default","adv-header-id-meta":"","stick-header-meta":"","header-above-stick-meta":"","header-main-stick-meta":"","header-below-stick-meta":"","astra-migrate-meta-layouts":"set","ast-page-background-enabled":"default","ast-page-background-meta":{"desktop":{"background-color":"","background-image":"","background-repeat":"repeat","background-position":"center center","background-size":"auto","background-attachment":"scroll","background-type":"","background-media":"","overlay-type":"","overlay-color":"","overlay-opacity":"","overlay-gradient":""},"tablet":{"background-color":"","background-image":"","background-repeat":"repeat","background-position":"center center","background-size":"auto","background-attachment":"scroll","background-type":"","background-media":"","overlay-type":"","overlay-color":"","overlay-opacity":"","overlay-gradient":""},"mobile":{"background-color":"","background-image":"","background-repeat":"repeat","background-position":"center center","background-size":"auto","background-attachment":"scroll","background-type":"","background-media":"","overlay-type":"","overlay-color":"","overlay-opacity":"","overlay-gradient":""}},"ast-content-background-meta":{"desktop":{"background-color":"var(--ast-global-color-5)","background-image":"","background-repeat":"repeat","background-position":"center center","background-size":"auto","background-attachment":"scroll","background-type":"","background-media":"","overlay-type":"","overlay-color":"","overlay-opacity":"","overlay-gradient":""},"tablet":{"background-color":"var(--ast-global-color-5)","background-image":"","background-repeat":"repeat","background-position":"center center","background-size":"auto","background-attachment":"scroll","background-type":"","background-media":"","overlay-type":"","overlay-color":"","overlay-opacity":"","overlay-gradient":""},"mobile":{"background-color":"var(--ast-global-color-5)","background-image":"","background-repeat":"repeat","background-position":"center center","background-size":"auto","background-attachment":"scroll","background-type":"","background-media":"","overlay-type":"","overlay-color":"","overlay-opacity":"","overlay-gradient":""}}},"product_brand":[],"product_cat":[984],"product_tag":[1280,1284,1277,1279,1285,1283,1281,1282,1286,957,959,1278],"class_list":{"0":"post-6216","1":"product","2":"type-product","3":"status-publish","4":"has-post-thumbnail","6":"product_cat-le-coin-des-tresors-oublies","7":"product_tag-bijou-de-createur-original","8":"product_tag-bijou-fait-main-en-france","9":"product_tag-collier-artisanal-fait-main","10":"product_tag-collier-boheme-naturel","11":"product_tag-collier-minimaliste-boheme","12":"product_tag-collier-pendentif-fantaisie","13":"product_tag-collier-pierre-naturelle","14":"product_tag-collier-poetique-artisanal","15":"product_tag-idee-cadeau-femme-bijou","16":"product_tag-le-coin-des-tresors","17":"product_tag-non-renouvele","18":"product_tag-pendentif-unique-femme","19":"product_shipping_class-de-20-a-99g-lettre-suivie","20":"desktop-align-center","21":"tablet-align-center","22":"mobile-align-center","24":"first","25":"instock","26":"sale","27":"shipping-taxable","28":"purchasable","29":"product-type-simple"},"yoast_head":"<!-- This site is optimized with the Yoast SEO plugin v27.3 - https:\/\/yoast.com\/product\/yoast-seo-wordpress\/ -->\n<title>\ud83d\udc8e Collier Lotus \u2013 \u00c9l\u00e9gance et originalit\u00e9 unique - L\u2019Atelier des Mondes \u00c9toil\u00e9s<\/title>\n<meta name=\"description\" content=\"Offre-toi un bijou unique avec ce\u00a0magnifique Collier Lotus en agate. C\u2019est la combinaison parfaite entre \u00e9l\u00e9gance,\u00a0originalit\u00e9\u00a0et\u00a0qualit\u00e9 des mat\u00e9riaux.\" \/>\n<meta name=\"robots\" content=\"index, follow, max-snippet:-1, max-image-preview:large, max-video-preview:-1\" \/>\n<link rel=\"canonical\" href=\"https:\/\/www.shop.plumesdesetoiles.fr\/en\/shop\/le-coin-des-tresors-oublies\/collier-lotus-elegance-et-originalite-unique\/\" \/>\n<meta property=\"og:locale\" content=\"en_GB\" \/>\n<meta property=\"og:type\" content=\"article\" \/>\n<meta property=\"og:title\" content=\"\ud83d\udc8e Collier Lotus \u2013 \u00c9l\u00e9gance et originalit\u00e9 unique - L\u2019Atelier des Mondes \u00c9toil\u00e9s\" \/>\n<meta property=\"og:description\" content=\"Offre-toi un bijou unique avec ce\u00a0magnifique Collier Lotus en agate. C\u2019est la combinaison parfaite entre \u00e9l\u00e9gance,\u00a0originalit\u00e9\u00a0et\u00a0qualit\u00e9 des mat\u00e9riaux.\" \/>\n<meta property=\"og:url\" content=\"https:\/\/www.shop.plumesdesetoiles.fr\/en\/shop\/le-coin-des-tresors-oublies\/collier-lotus-elegance-et-originalite-unique\/\" \/>\n<meta property=\"og:site_name\" content=\"L\u2019Atelier des Mondes \u00c9toil\u00e9s\" \/>\n<meta property=\"og:image\" content=\"https:\/\/www.shop.plumesdesetoiles.fr\/wp-content\/uploads\/2025\/05\/BIJ17COL001-Collier-lotus.jpg\" \/>\n\t<meta property=\"og:image:width\" content=\"1080\" \/>\n\t<meta property=\"og:image:height\" content=\"1080\" \/>\n\t<meta property=\"og:image:type\" content=\"image\/jpeg\" \/>\n<meta name=\"twitter:card\" content=\"summary_large_image\" \/>\n<meta name=\"twitter:label1\" content=\"Estimated reading time\" \/>\n\t<meta name=\"twitter:data1\" content=\"3 minutes\" \/>\n<script type=\"application\/ld+json\" class=\"yoast-schema-graph\">{\"@context\":\"https:\\\/\\\/schema.org\",\"@graph\":[{\"@type\":\"WebPage\",\"@id\":\"https:\\\/\\\/www.shop.plumesdesetoiles.fr\\\/shop\\\/le-coin-des-tresors-oublies\\\/collier-lotus-elegance-et-originalite-unique\\\/\",\"url\":\"https:\\\/\\\/www.shop.plumesdesetoiles.fr\\\/shop\\\/le-coin-des-tresors-oublies\\\/collier-lotus-elegance-et-originalite-unique\\\/\",\"name\":\"\ud83d\udc8e Collier Lotus \u2013 \u00c9l\u00e9gance et originalit\u00e9 unique - L\u2019Atelier des Mondes \u00c9toil\u00e9s\",\"isPartOf\":{\"@id\":\"https:\\\/\\\/www.shop.plumesdesetoiles.fr\\\/#website\"},\"primaryImageOfPage\":{\"@id\":\"https:\\\/\\\/www.shop.plumesdesetoiles.fr\\\/shop\\\/le-coin-des-tresors-oublies\\\/collier-lotus-elegance-et-originalite-unique\\\/#primaryimage\"},\"image\":{\"@id\":\"https:\\\/\\\/www.shop.plumesdesetoiles.fr\\\/shop\\\/le-coin-des-tresors-oublies\\\/collier-lotus-elegance-et-originalite-unique\\\/#primaryimage\"},\"thumbnailUrl\":\"https:\\\/\\\/www.shop.plumesdesetoiles.fr\\\/wp-content\\\/uploads\\\/2025\\\/05\\\/BIJ17COL001-Collier-lotus.jpg\",\"datePublished\":\"2026-01-26T10:17:42+00:00\",\"description\":\"Offre-toi un bijou unique avec ce\u00a0magnifique Collier Lotus en agate. C\u2019est la combinaison parfaite entre \u00e9l\u00e9gance,\u00a0originalit\u00e9\u00a0et\u00a0qualit\u00e9 des mat\u00e9riaux.\",\"breadcrumb\":{\"@id\":\"https:\\\/\\\/www.shop.plumesdesetoiles.fr\\\/shop\\\/le-coin-des-tresors-oublies\\\/collier-lotus-elegance-et-originalite-unique\\\/#breadcrumb\"},\"inLanguage\":\"en-GB\",\"potentialAction\":[{\"@type\":\"ReadAction\",\"target\":[\"https:\\\/\\\/www.shop.plumesdesetoiles.fr\\\/shop\\\/le-coin-des-tresors-oublies\\\/collier-lotus-elegance-et-originalite-unique\\\/\"]}]},{\"@type\":\"ImageObject\",\"inLanguage\":\"en-GB\",\"@id\":\"https:\\\/\\\/www.shop.plumesdesetoiles.fr\\\/shop\\\/le-coin-des-tresors-oublies\\\/collier-lotus-elegance-et-originalite-unique\\\/#primaryimage\",\"url\":\"https:\\\/\\\/www.shop.plumesdesetoiles.fr\\\/wp-content\\\/uploads\\\/2025\\\/05\\\/BIJ17COL001-Collier-lotus.jpg\",\"contentUrl\":\"https:\\\/\\\/www.shop.plumesdesetoiles.fr\\\/wp-content\\\/uploads\\\/2025\\\/05\\\/BIJ17COL001-Collier-lotus.jpg\",\"width\":1080,\"height\":1080,\"caption\":\"Offre-toi un bijou unique avec ce\u00a0magnifique Collier Lotus en agate. C\u2019est la combinaison parfaite entre \u00e9l\u00e9gance,\u00a0originalit\u00e9\u00a0et\u00a0qualit\u00e9 des mat\u00e9riaux.\"},{\"@type\":\"BreadcrumbList\",\"@id\":\"https:\\\/\\\/www.shop.plumesdesetoiles.fr\\\/shop\\\/le-coin-des-tresors-oublies\\\/collier-lotus-elegance-et-originalite-unique\\\/#breadcrumb\",\"itemListElement\":[{\"@type\":\"ListItem\",\"position\":1,\"name\":\"Accueil\",\"item\":\"https:\\\/\\\/www.shop.plumesdesetoiles.fr\\\/\"},{\"@type\":\"ListItem\",\"position\":2,\"name\":\"\ud83d\uded2 Ma Boutique\",\"item\":\"https:\\\/\\\/www.shop.plumesdesetoiles.fr\\\/shop\\\/\"},{\"@type\":\"ListItem\",\"position\":3,\"name\":\"\ud83d\udc8e Collier Lotus \u2013 \u00c9l\u00e9gance et originalit\u00e9 unique\"}]},{\"@type\":\"WebSite\",\"@id\":\"https:\\\/\\\/www.shop.plumesdesetoiles.fr\\\/#website\",\"url\":\"https:\\\/\\\/www.shop.plumesdesetoiles.fr\\\/\",\"name\":\"L\u2019Atelier des Mondes \u00c9toil\u00e9s\",\"description\":\"\",\"publisher\":{\"@id\":\"https:\\\/\\\/www.shop.plumesdesetoiles.fr\\\/#organization\"},\"potentialAction\":[{\"@type\":\"SearchAction\",\"target\":{\"@type\":\"EntryPoint\",\"urlTemplate\":\"https:\\\/\\\/www.shop.plumesdesetoiles.fr\\\/?s={search_term_string}\"},\"query-input\":{\"@type\":\"PropertyValueSpecification\",\"valueRequired\":true,\"valueName\":\"search_term_string\"}}],\"inLanguage\":\"en-GB\"},{\"@type\":\"Organization\",\"@id\":\"https:\\\/\\\/www.shop.plumesdesetoiles.fr\\\/#organization\",\"name\":\"L\u2019Atelier des Mondes \u00c9toil\u00e9s\",\"url\":\"https:\\\/\\\/www.shop.plumesdesetoiles.fr\\\/\",\"logo\":{\"@type\":\"ImageObject\",\"inLanguage\":\"en-GB\",\"@id\":\"https:\\\/\\\/www.shop.plumesdesetoiles.fr\\\/#\\\/schema\\\/logo\\\/image\\\/\",\"url\":\"https:\\\/\\\/www.shop.plumesdesetoiles.fr\\\/wp-content\\\/uploads\\\/2026\\\/01\\\/Logo-site-2026.png\",\"contentUrl\":\"https:\\\/\\\/www.shop.plumesdesetoiles.fr\\\/wp-content\\\/uploads\\\/2026\\\/01\\\/Logo-site-2026.png\",\"width\":512,\"height\":512,\"caption\":\"L\u2019Atelier des Mondes \u00c9toil\u00e9s\"},\"image\":{\"@id\":\"https:\\\/\\\/www.shop.plumesdesetoiles.fr\\\/#\\\/schema\\\/logo\\\/image\\\/\"}}]}<\/script>\n<!-- \/ Yoast SEO plugin. -->","yoast_head_json":{"title":"\ud83d\udc8e Collier Lotus \u2013 \u00c9l\u00e9gance et originalit\u00e9 unique - L\u2019Atelier des Mondes \u00c9toil\u00e9s","description":"Offre-toi un bijou unique avec ce\u00a0magnifique Collier Lotus en agate. C\u2019est la combinaison parfaite entre \u00e9l\u00e9gance,\u00a0originalit\u00e9\u00a0et\u00a0qualit\u00e9 des mat\u00e9riaux.","robots":{"index":"index","follow":"follow","max-snippet":"max-snippet:-1","max-image-preview":"max-image-preview:large","max-video-preview":"max-video-preview:-1"},"canonical":"https:\/\/www.shop.plumesdesetoiles.fr\/en\/shop\/le-coin-des-tresors-oublies\/collier-lotus-elegance-et-originalite-unique\/","og_locale":"en_GB","og_type":"article","og_title":"\ud83d\udc8e Collier Lotus \u2013 \u00c9l\u00e9gance et originalit\u00e9 unique - L\u2019Atelier des Mondes \u00c9toil\u00e9s","og_description":"Offre-toi un bijou unique avec ce\u00a0magnifique Collier Lotus en agate. C\u2019est la combinaison parfaite entre \u00e9l\u00e9gance,\u00a0originalit\u00e9\u00a0et\u00a0qualit\u00e9 des mat\u00e9riaux.","og_url":"https:\/\/www.shop.plumesdesetoiles.fr\/en\/shop\/le-coin-des-tresors-oublies\/collier-lotus-elegance-et-originalite-unique\/","og_site_name":"L\u2019Atelier des Mondes \u00c9toil\u00e9s","og_image":[{"width":1080,"height":1080,"url":"https:\/\/www.shop.plumesdesetoiles.fr\/wp-content\/uploads\/2025\/05\/BIJ17COL001-Collier-lotus.jpg","type":"image\/jpeg"}],"twitter_card":"summary_large_image","twitter_misc":{"Estimated reading time":"3 minutes"},"schema":{"@context":"https:\/\/schema.org","@graph":[{"@type":"WebPage","@id":"https:\/\/www.shop.plumesdesetoiles.fr\/shop\/le-coin-des-tresors-oublies\/collier-lotus-elegance-et-originalite-unique\/","url":"https:\/\/www.shop.plumesdesetoiles.fr\/shop\/le-coin-des-tresors-oublies\/collier-lotus-elegance-et-originalite-unique\/","name":"\ud83d\udc8e Collier Lotus \u2013 \u00c9l\u00e9gance et originalit\u00e9 unique - L\u2019Atelier des Mondes \u00c9toil\u00e9s","isPartOf":{"@id":"https:\/\/www.shop.plumesdesetoiles.fr\/#website"},"primaryImageOfPage":{"@id":"https:\/\/www.shop.plumesdesetoiles.fr\/shop\/le-coin-des-tresors-oublies\/collier-lotus-elegance-et-originalite-unique\/#primaryimage"},"image":{"@id":"https:\/\/www.shop.plumesdesetoiles.fr\/shop\/le-coin-des-tresors-oublies\/collier-lotus-elegance-et-originalite-unique\/#primaryimage"},"thumbnailUrl":"https:\/\/www.shop.plumesdesetoiles.fr\/wp-content\/uploads\/2025\/05\/BIJ17COL001-Collier-lotus.jpg","datePublished":"2026-01-26T10:17:42+00:00","description":"Offre-toi un bijou unique avec ce\u00a0magnifique Collier Lotus en agate. C\u2019est la combinaison parfaite entre \u00e9l\u00e9gance,\u00a0originalit\u00e9\u00a0et\u00a0qualit\u00e9 des mat\u00e9riaux.","breadcrumb":{"@id":"https:\/\/www.shop.plumesdesetoiles.fr\/shop\/le-coin-des-tresors-oublies\/collier-lotus-elegance-et-originalite-unique\/#breadcrumb"},"inLanguage":"en-GB","potentialAction":[{"@type":"ReadAction","target":["https:\/\/www.shop.plumesdesetoiles.fr\/shop\/le-coin-des-tresors-oublies\/collier-lotus-elegance-et-originalite-unique\/"]}]},{"@type":"ImageObject","inLanguage":"en-GB","@id":"https:\/\/www.shop.plumesdesetoiles.fr\/shop\/le-coin-des-tresors-oublies\/collier-lotus-elegance-et-originalite-unique\/#primaryimage","url":"https:\/\/www.shop.plumesdesetoiles.fr\/wp-content\/uploads\/2025\/05\/BIJ17COL001-Collier-lotus.jpg","contentUrl":"https:\/\/www.shop.plumesdesetoiles.fr\/wp-content\/uploads\/2025\/05\/BIJ17COL001-Collier-lotus.jpg","width":1080,"height":1080,"caption":"Offre-toi un bijou unique avec ce\u00a0magnifique Collier Lotus en agate. C\u2019est la combinaison parfaite entre \u00e9l\u00e9gance,\u00a0originalit\u00e9\u00a0et\u00a0qualit\u00e9 des mat\u00e9riaux."},{"@type":"BreadcrumbList","@id":"https:\/\/www.shop.plumesdesetoiles.fr\/shop\/le-coin-des-tresors-oublies\/collier-lotus-elegance-et-originalite-unique\/#breadcrumb","itemListElement":[{"@type":"ListItem","position":1,"name":"Accueil","item":"https:\/\/www.shop.plumesdesetoiles.fr\/"},{"@type":"ListItem","position":2,"name":"\ud83d\uded2 Ma Boutique","item":"https:\/\/www.shop.plumesdesetoiles.fr\/shop\/"},{"@type":"ListItem","position":3,"name":"\ud83d\udc8e Collier Lotus \u2013 \u00c9l\u00e9gance et originalit\u00e9 unique"}]},{"@type":"WebSite","@id":"https:\/\/www.shop.plumesdesetoiles.fr\/#website","url":"https:\/\/www.shop.plumesdesetoiles.fr\/","name":"L\u2019Atelier des Mondes \u00c9toil\u00e9s","description":"","publisher":{"@id":"https:\/\/www.shop.plumesdesetoiles.fr\/#organization"},"potentialAction":[{"@type":"SearchAction","target":{"@type":"EntryPoint","urlTemplate":"https:\/\/www.shop.plumesdesetoiles.fr\/?s={search_term_string}"},"query-input":{"@type":"PropertyValueSpecification","valueRequired":true,"valueName":"search_term_string"}}],"inLanguage":"en-GB"},{"@type":"Organization","@id":"https:\/\/www.shop.plumesdesetoiles.fr\/#organization","name":"L\u2019Atelier des Mondes \u00c9toil\u00e9s","url":"https:\/\/www.shop.plumesdesetoiles.fr\/","logo":{"@type":"ImageObject","inLanguage":"en-GB","@id":"https:\/\/www.shop.plumesdesetoiles.fr\/#\/schema\/logo\/image\/","url":"https:\/\/www.shop.plumesdesetoiles.fr\/wp-content\/uploads\/2026\/01\/Logo-site-2026.png","contentUrl":"https:\/\/www.shop.plumesdesetoiles.fr\/wp-content\/uploads\/2026\/01\/Logo-site-2026.png","width":512,"height":512,"caption":"L\u2019Atelier des Mondes \u00c9toil\u00e9s"},"image":{"@id":"https:\/\/www.shop.plumesdesetoiles.fr\/#\/schema\/logo\/image\/"}}]}},"uagb_featured_image_src":{"full":["https:\/\/www.shop.plumesdesetoiles.fr\/wp-content\/uploads\/2025\/05\/BIJ17COL001-Collier-lotus.jpg",1080,1080,false],"thumbnail":["https:\/\/www.shop.plumesdesetoiles.fr\/wp-content\/uploads\/2025\/05\/BIJ17COL001-Collier-lotus-150x150.jpg",150,150,true],"medium":["https:\/\/www.shop.plumesdesetoiles.fr\/wp-content\/uploads\/2025\/05\/BIJ17COL001-Collier-lotus-300x300.jpg",300,300,true],"medium_large":["https:\/\/www.shop.plumesdesetoiles.fr\/wp-content\/uploads\/2025\/05\/BIJ17COL001-Collier-lotus-768x768.jpg",768,768,true],"large":["https:\/\/www.shop.plumesdesetoiles.fr\/wp-content\/uploads\/2025\/05\/BIJ17COL001-Collier-lotus-1024x1024.jpg",1024,1024,true],"1536x1536":["https:\/\/www.shop.plumesdesetoiles.fr\/wp-content\/uploads\/2025\/05\/BIJ17COL001-Collier-lotus.jpg",1080,1080,false],"2048x2048":["https:\/\/www.shop.plumesdesetoiles.fr\/wp-content\/uploads\/2025\/05\/BIJ17COL001-Collier-lotus.jpg",1080,1080,false],"trp-custom-language-flag":["https:\/\/www.shop.plumesdesetoiles.fr\/wp-content\/uploads\/2025\/05\/BIJ17COL001-Collier-lotus.jpg",12,12,false],"woocommerce_thumbnail":["https:\/\/www.shop.plumesdesetoiles.fr\/wp-content\/uploads\/2025\/05\/BIJ17COL001-Collier-lotus-300x300.jpg",300,300,true],"woocommerce_single":["https:\/\/www.shop.plumesdesetoiles.fr\/wp-content\/uploads\/2025\/05\/BIJ17COL001-Collier-lotus-600x600.jpg",600,600,true],"woocommerce_gallery_thumbnail":["https:\/\/www.shop.plumesdesetoiles.fr\/wp-content\/uploads\/2025\/05\/BIJ17COL001-Collier-lotus-150x150.jpg",100,100,true]},"uagb_author_info":{"display_name":"Plumes des Etoiles","author_link":"https:\/\/www.shop.plumesdesetoiles.fr\/en\/author\/"},"uagb_comment_info":0,"uagb_excerpt":"D\u00e9couvre ce collier pendentif en agate et perles, une pi\u00e8ce\u00a0d\u2019exception\u00a0qui allie\u00a0beaut\u00e9 naturelle,\u00a0finesse artisanale\u00a0et\u00a0\u00e9l\u00e9gance durable. Parfait pour rehausser ton style ou faire un cadeau pr\u00e9cieux, il apportera une touche d\u2019originalit\u00e9\u00a0et de\u00a0raffinement\u00a0\u00e0 toutes tes tenues.","_links":{"self":[{"href":"https:\/\/www.shop.plumesdesetoiles.fr\/en\/wp-json\/wp\/v2\/product\/6216","targetHints":{"allow":["GET"]}}],"collection":[{"href":"https:\/\/www.shop.plumesdesetoiles.fr\/en\/wp-json\/wp\/v2\/product"}],"about":[{"href":"https:\/\/www.shop.plumesdesetoiles.fr\/en\/wp-json\/wp\/v2\/types\/product"}],"replies":[{"embeddable":true,"href":"https:\/\/www.shop.plumesdesetoiles.fr\/en\/wp-json\/wp\/v2\/comments?post=6216"}],"wp:featuredmedia":[{"embeddable":true,"href":"https:\/\/www.shop.plumesdesetoiles.fr\/en\/wp-json\/wp\/v2\/media\/6218"}],"wp:attachment":[{"href":"https:\/\/www.shop.plumesdesetoiles.fr\/en\/wp-json\/wp\/v2\/media?parent=6216"}],"wp:term":[{"taxonomy":"product_brand","embeddable":true,"href":"https:\/\/www.shop.plumesdesetoiles.fr\/en\/wp-json\/wp\/v2\/product_brand?post=6216"},{"taxonomy":"product_cat","embeddable":true,"href":"https:\/\/www.shop.plumesdesetoiles.fr\/en\/wp-json\/wp\/v2\/product_cat?post=6216"},{"taxonomy":"product_tag","embeddable":true,"href":"https:\/\/www.shop.plumesdesetoiles.fr\/en\/wp-json\/wp\/v2\/product_tag?post=6216"}],"curies":[{"name":"wp","href":"https:\/\/api.w.org\/{rel}","templated":true}]}}