{"id":6109,"date":"2026-01-26T11:17:40","date_gmt":"2026-01-26T10:17:40","guid":{"rendered":"https:\/\/shop.plumesdesetoiles.fr\/?post_type=product&#038;p=6109"},"modified":"2026-01-26T11:17:40","modified_gmt":"2026-01-26T10:17:40","slug":"collier-twister-eclats-de-pierre-reve-enchante","status":"publish","type":"product","link":"https:\/\/www.shop.plumesdesetoiles.fr\/en\/shop\/le-coin-des-tresors-oublies\/collier-twister-eclats-de-pierre-reve-enchante\/","title":{"rendered":"\ud83d\udc8e Collier Twister &#8211; \u00c9clats de pierre, r\u00eave enchant\u00e9"},"content":{"rendered":"<h3 style=\"text-align: center;\"><strong><img decoding=\"async\" class=\"size-medium wp-image-6468 aligncenter\" src=\"https:\/\/www.shop.plumesdesetoiles.fr\/wp-content\/uploads\/2012\/04\/Logo-Piece-Unique-Collier-300x300.png\" alt=\"\" width=\"300\" height=\"300\" srcset=\"https:\/\/www.shop.plumesdesetoiles.fr\/wp-content\/uploads\/2012\/04\/Logo-Piece-Unique-Collier-300x300.png 300w, https:\/\/www.shop.plumesdesetoiles.fr\/wp-content\/uploads\/2012\/04\/Logo-Piece-Unique-Collier-150x150.png 150w, https:\/\/www.shop.plumesdesetoiles.fr\/wp-content\/uploads\/2012\/04\/Logo-Piece-Unique-Collier-600x600.png 600w, https:\/\/www.shop.plumesdesetoiles.fr\/wp-content\/uploads\/2012\/04\/Logo-Piece-Unique-Collier-1024x1024.png 1024w, https:\/\/www.shop.plumesdesetoiles.fr\/wp-content\/uploads\/2012\/04\/Logo-Piece-Unique-Collier-768x768.png 768w, https:\/\/www.shop.plumesdesetoiles.fr\/wp-content\/uploads\/2012\/04\/Logo-Piece-Unique-Collier.png 1080w\" sizes=\"(max-width: 300px) 100vw, 300px\" \/>Sublime ton style avec ce collier pendentif artisanal<br \/>\n<\/strong><\/h3>\n<h3><\/h3>\n<h3 style=\"text-align: justify;\">D\u00e9couvre un collier pendentif, pi\u00e8ce unique r\u00e9alis\u00e9e \u00e0 la main<\/h3>\n<p style=\"text-align: justify;\">Offre-toi un bijou exceptionnel avec ce\u00a0<strong>collier pendentif fait main<\/strong>, o\u00f9 chaque mod\u00e8le incarne l\u2019<strong>originalit\u00e9<\/strong>\u00a0et l\u2019<strong>unicit\u00e9<\/strong>. Chacune de ces \u0153uvres d\u2019art est soigneusement con\u00e7ue pour te proposer un\u00a0<strong>bijou qui te ressemble<\/strong>, te permettant de te distinguer avec \u00e9l\u00e9gance.<\/p>\n<h3 style=\"text-align: justify;\">Trois pendentifs d\u2019exception pour sublimer ton look<\/h3>\n<p style=\"text-align: justify;\">Choisis parmi\u00a0<strong>trois mod\u00e8les de pendentifs uniques<\/strong>\u00a0:<\/p>\n<ul style=\"text-align: justify;\">\n<li>Un pendentif en\u00a0<strong>agate<\/strong>, dont le motif \u00e9voque un\u00a0<strong>paysage enchanteur<\/strong>, parfait pour une touche naturelle et apaisante.<\/li>\n<li>Un pendentif en\u00a0<strong>jaspe pyrite bleu<\/strong>, qui scintille de mille feux, id\u00e9al pour ceux qui aiment l\u2019\u00e9clat et la sophistication.<\/li>\n<li>Un pendentif en\u00a0<strong>jaspe violet vein\u00e9<\/strong>, qui apporte une touche de\u00a0<strong>myst\u00e8re<\/strong>\u00a0et d\u2019<strong>\u00e9l\u00e9gance<\/strong>\u00a0sophistiqu\u00e9e.<\/li>\n<\/ul>\n<h3 style=\"text-align: justify;\">Un bijou id\u00e9al pour toutes les occasions<\/h3>\n<p style=\"text-align: justify;\">Ces pendentifs ne sont pas de simples accessoires : ils ont \u00e9t\u00e9 con\u00e7us pour\u00a0<strong>sublimer<\/strong>\u00a0chaque tenue, que ce soit pour une\u00a0<strong>soir\u00e9e \u00e9l\u00e9gante<\/strong>, un\u00a0<strong>\u00e9v\u00e9nement sp\u00e9cial<\/strong>\u00a0ou pour\u00a0<strong>pimenter ton quotidien<\/strong>. Imagine-toi portant un de ces bijoux, attirant tous les regards et suscitant la admiration.<\/p>\n<h3 style=\"text-align: justify;\">Une pi\u00e8ce limit\u00e9e, un cadeau pr\u00e9cieux<\/h3>\n<p style=\"text-align: justify;\">En choisissant ce collier, tu optes pour une\u00a0<strong>\u00e9dition limit\u00e9e<\/strong>, chaque mod\u00e8le \u00e9tant\u00a0<strong>unique<\/strong>\u00a0tant par son design que par la s\u00e9lection rigoureuse des pierres naturelles. C\u2019est un\u00a0<strong>cadeau exceptionnel<\/strong>, qui ne manquera pas de faire plaisir.<\/p>\n<h3 style=\"text-align: justify;\">Un emballage sophistiqu\u00e9 et un produit de haute qualit\u00e9<\/h3>\n<p style=\"text-align: justify;\">Le collier est livr\u00e9 dans une\u00a0<strong>pochette en organza \u00e9l\u00e9gante<\/strong>, parfaite pour offrir ou te faire plaisir. Compos\u00e9 de\u00a0<strong>perles Miyuki, Matubo et Preciosa<\/strong>, il garantit une\u00a0<strong>qualit\u00e9 haut de gamme<\/strong>. La\u00a0<strong>cha\u00eenette d\u2019extension<\/strong>\u00a0et le\u00a0<strong>fermoir en or<\/strong>\u00a0permettent un ajustement parfait selon ton style, pour un confort optimal.<\/p>\n<h3 style=\"text-align: justify;\">Confort et l\u00e9g\u00e8ret\u00e9 pour un port\u00e9 agr\u00e9able<\/h3>\n<p style=\"text-align: justify;\">Fait main, le tour de cou combine deux\u00a0<strong>cordons de coton<\/strong>\u00a0et un\u00a0<strong>ruban assorti<\/strong>, combining\u00a0<strong>robustesse<\/strong>\u00a0, and\u00a0<strong>\u00e9l\u00e9gance<\/strong>. La longueur varie entre\u00a0<strong>45 et 48 cm<\/strong>, avec un poids d\u2019environ\u00a0<strong>30 grammes<\/strong>, pour un bijou l\u00e9ger et agr\u00e9able \u00e0 porter toute la journ\u00e9e.<\/p>\n<h3 style=\"text-align: justify;\">Une pi\u00e8ce aux couleurs naturelles, chaque rendu est unique<\/h3>\n<p style=\"text-align: justify;\">Bien que la couleur puisse l\u00e9g\u00e8rement varier d\u2019un \u00e9cran \u00e0 l\u2019autre, chaque pi\u00e8ce capture la\u00a0<strong>beaut\u00e9<\/strong>\u00a0des pierres naturelles. Ne manque pas cette opportunit\u00e9 d\u2019ajouter ce\u00a0<strong>collier pendentif rare<\/strong>\u00a0\u00e0 ta collection ou de l\u2019offrir \u00e0 quelqu\u2019un de pr\u00e9cieux.<\/p>\n<hr \/>\n<h3 style=\"text-align: justify;\">Pourquoi choisir ce collier :<\/h3>\n<ul>\n<li style=\"text-align: justify;\"><strong>Collier pendentif fait main<\/strong>\u00a0: pi\u00e8ce\u00a0<strong>unique<\/strong>\u00a0qui incarne\u00a0<strong>artisanat traditionnel<\/strong>\u00a0, and\u00a0<strong>design moderne<\/strong>.<\/li>\n<li style=\"text-align: justify;\"><strong>Trois options de pendentifs exceptionnels<\/strong>\u00a0: en\u00a0<strong>agate<\/strong>,\u00a0<strong>jaspe pyrite bleu<\/strong>\u00a0ou\u00a0<strong>jaspe violet vein\u00e9<\/strong>.<\/li>\n<li style=\"text-align: justify;\"><strong>Mat\u00e9riaux de haute qualit\u00e9<\/strong>\u00a0: perles\u00a0<strong>Miyuki<\/strong>,\u00a0<strong>Matubo<\/strong>,\u00a0<strong>Preciosa<\/strong>\u00a0et pierres naturelles s\u00e9lectionn\u00e9es.<\/li>\n<li style=\"text-align: justify;\"><strong>Poids l\u00e9ger (environ 30 g)<\/strong>\u00a0, and\u00a0<strong>longueur ajustable (45-48 cm)<\/strong>, parfait pour un\u00a0<strong>port quotidien<\/strong>.<\/li>\n<li style=\"text-align: justify;\"><strong>Cadeau id\u00e9al<\/strong>\u00a0: en\u00a0<strong>\u00e9dition limit\u00e9e<\/strong>\u00a0et livr\u00e9 dans une\u00a0<strong>pochette en organza<\/strong>\u00a0pour une pr\u00e9sentation \u00e9l\u00e9gante.<\/li>\n<li style=\"text-align: justify;\"><strong>Design artisanal et authentique<\/strong>\u00a0: chaque collier est une\u00a0<strong>\u0153uvre unique<\/strong>\u00a0qui attire l\u2019attention.<\/li>\n<\/ul>","protected":false},"excerpt":{"rendered":"<p style=\"text-align: justify;\">D\u00e9couvre ce collier pendentif artisanal, enti\u00e8rement r\u00e9alis\u00e9 \u00e0 la main avec des pierres naturelles, pour une touche d\u2019<strong>originalit\u00e9<\/strong>\u00a0et d\u2019<strong>\u00e9l\u00e9gance<\/strong>. Son design unique, ses mat\u00e9riaux de haute qualit\u00e9 et sa fabrication en \u00e9dition limit\u00e9e en font un\u00a0<strong>bijou pr\u00e9cieux<\/strong>\u00a0\u00e0 porter ou offrir.<\/p>","protected":false},"featured_media":6116,"comment_status":"open","ping_status":"closed","template":"","meta":{"_uag_custom_page_level_css":"","site-sidebar-layout":"default","site-content-layout":"","ast-site-content-layout":"default","site-content-style":"default","site-sidebar-style":"default","ast-global-header-display":"","ast-banner-title-visibility":"","ast-main-header-display":"","ast-hfb-above-header-display":"","ast-hfb-below-header-display":"","ast-hfb-mobile-header-display":"","site-post-title":"","ast-breadcrumbs-content":"","ast-featured-img":"","footer-sml-layout":"","ast-disable-related-posts":"","theme-transparent-header-meta":"default","adv-header-id-meta":"","stick-header-meta":"","header-above-stick-meta":"","header-main-stick-meta":"","header-below-stick-meta":"","astra-migrate-meta-layouts":"set","ast-page-background-enabled":"default","ast-page-background-meta":{"desktop":{"background-color":"","background-image":"","background-repeat":"repeat","background-position":"center center","background-size":"auto","background-attachment":"scroll","background-type":"","background-media":"","overlay-type":"","overlay-color":"","overlay-opacity":"","overlay-gradient":""},"tablet":{"background-color":"","background-image":"","background-repeat":"repeat","background-position":"center center","background-size":"auto","background-attachment":"scroll","background-type":"","background-media":"","overlay-type":"","overlay-color":"","overlay-opacity":"","overlay-gradient":""},"mobile":{"background-color":"","background-image":"","background-repeat":"repeat","background-position":"center center","background-size":"auto","background-attachment":"scroll","background-type":"","background-media":"","overlay-type":"","overlay-color":"","overlay-opacity":"","overlay-gradient":""}},"ast-content-background-meta":{"desktop":{"background-color":"var(--ast-global-color-5)","background-image":"","background-repeat":"repeat","background-position":"center center","background-size":"auto","background-attachment":"scroll","background-type":"","background-media":"","overlay-type":"","overlay-color":"","overlay-opacity":"","overlay-gradient":""},"tablet":{"background-color":"var(--ast-global-color-5)","background-image":"","background-repeat":"repeat","background-position":"center center","background-size":"auto","background-attachment":"scroll","background-type":"","background-media":"","overlay-type":"","overlay-color":"","overlay-opacity":"","overlay-gradient":""},"mobile":{"background-color":"var(--ast-global-color-5)","background-image":"","background-repeat":"repeat","background-position":"center center","background-size":"auto","background-attachment":"scroll","background-type":"","background-media":"","overlay-type":"","overlay-color":"","overlay-opacity":"","overlay-gradient":""}}},"product_brand":[],"product_cat":[984],"product_tag":[1280,1284,1277,1279,1285,1283,1281,1282,1286,957,959,1278],"class_list":{"0":"post-6109","1":"product","2":"type-product","3":"status-publish","4":"has-post-thumbnail","6":"product_cat-le-coin-des-tresors-oublies","7":"product_tag-bijou-de-createur-original","8":"product_tag-bijou-fait-main-en-france","9":"product_tag-collier-artisanal-fait-main","10":"product_tag-collier-boheme-naturel","11":"product_tag-collier-minimaliste-boheme","12":"product_tag-collier-pendentif-fantaisie","13":"product_tag-collier-pierre-naturelle","14":"product_tag-collier-poetique-artisanal","15":"product_tag-idee-cadeau-femme-bijou","16":"product_tag-le-coin-des-tresors","17":"product_tag-non-renouvele","18":"product_tag-pendentif-unique-femme","19":"product_shipping_class-de-20-a-99g-lettre-suivie","20":"desktop-align-center","21":"tablet-align-center","22":"mobile-align-center","24":"first","25":"instock","26":"sale","27":"shipping-taxable","28":"purchasable","29":"product-type-variable"},"yoast_head":"<!-- This site is optimized with the Yoast SEO plugin v27.3 - https:\/\/yoast.com\/product\/yoast-seo-wordpress\/ -->\n<title>\ud83d\udc8e Collier Twister - \u00c9clats de pierre, r\u00eave enchant\u00e9 - L\u2019Atelier des Mondes \u00c9toil\u00e9s<\/title>\n<meta name=\"robots\" content=\"index, follow, max-snippet:-1, max-image-preview:large, max-video-preview:-1\" \/>\n<link rel=\"canonical\" href=\"https:\/\/www.shop.plumesdesetoiles.fr\/en\/shop\/le-coin-des-tresors-oublies\/collier-twister-eclats-de-pierre-reve-enchante\/\" \/>\n<meta property=\"og:locale\" content=\"en_GB\" \/>\n<meta property=\"og:type\" content=\"article\" \/>\n<meta property=\"og:title\" content=\"\ud83d\udc8e Collier Twister - \u00c9clats de pierre, r\u00eave enchant\u00e9 - L\u2019Atelier des Mondes \u00c9toil\u00e9s\" \/>\n<meta property=\"og:description\" content=\"D\u00e9couvre ce collier pendentif artisanal, enti\u00e8rement r\u00e9alis\u00e9 \u00e0 la main avec des pierres naturelles, pour une touche d\u2019originalit\u00e9\u00a0et d\u2019\u00e9l\u00e9gance. Son design unique, ses mat\u00e9riaux de haute qualit\u00e9 et sa fabrication en \u00e9dition limit\u00e9e en font un\u00a0bijou pr\u00e9cieux\u00a0\u00e0 porter ou offrir.\" \/>\n<meta property=\"og:url\" content=\"https:\/\/www.shop.plumesdesetoiles.fr\/en\/shop\/le-coin-des-tresors-oublies\/collier-twister-eclats-de-pierre-reve-enchante\/\" \/>\n<meta property=\"og:site_name\" content=\"L\u2019Atelier des Mondes \u00c9toil\u00e9s\" \/>\n<meta property=\"og:image\" content=\"https:\/\/www.shop.plumesdesetoiles.fr\/wp-content\/uploads\/2025\/04\/BIJ16COL003_4_5-Collier-Twister.jpg\" \/>\n\t<meta property=\"og:image:width\" content=\"1080\" \/>\n\t<meta property=\"og:image:height\" content=\"1080\" \/>\n\t<meta property=\"og:image:type\" content=\"image\/jpeg\" \/>\n<meta name=\"twitter:card\" content=\"summary_large_image\" \/>\n<meta name=\"twitter:label1\" content=\"Estimated reading time\" \/>\n\t<meta name=\"twitter:data1\" content=\"3 minutes\" \/>\n<script type=\"application\/ld+json\" class=\"yoast-schema-graph\">{\"@context\":\"https:\\\/\\\/schema.org\",\"@graph\":[{\"@type\":\"WebPage\",\"@id\":\"https:\\\/\\\/www.shop.plumesdesetoiles.fr\\\/shop\\\/le-coin-des-tresors-oublies\\\/collier-twister-eclats-de-pierre-reve-enchante\\\/\",\"url\":\"https:\\\/\\\/www.shop.plumesdesetoiles.fr\\\/shop\\\/le-coin-des-tresors-oublies\\\/collier-twister-eclats-de-pierre-reve-enchante\\\/\",\"name\":\"\ud83d\udc8e Collier Twister - \u00c9clats de pierre, r\u00eave enchant\u00e9 - L\u2019Atelier des Mondes \u00c9toil\u00e9s\",\"isPartOf\":{\"@id\":\"https:\\\/\\\/www.shop.plumesdesetoiles.fr\\\/#website\"},\"primaryImageOfPage\":{\"@id\":\"https:\\\/\\\/www.shop.plumesdesetoiles.fr\\\/shop\\\/le-coin-des-tresors-oublies\\\/collier-twister-eclats-de-pierre-reve-enchante\\\/#primaryimage\"},\"image\":{\"@id\":\"https:\\\/\\\/www.shop.plumesdesetoiles.fr\\\/shop\\\/le-coin-des-tresors-oublies\\\/collier-twister-eclats-de-pierre-reve-enchante\\\/#primaryimage\"},\"thumbnailUrl\":\"https:\\\/\\\/www.shop.plumesdesetoiles.fr\\\/wp-content\\\/uploads\\\/2025\\\/04\\\/BIJ16COL003_4_5-Collier-Twister.jpg\",\"datePublished\":\"2026-01-26T10:17:40+00:00\",\"breadcrumb\":{\"@id\":\"https:\\\/\\\/www.shop.plumesdesetoiles.fr\\\/shop\\\/le-coin-des-tresors-oublies\\\/collier-twister-eclats-de-pierre-reve-enchante\\\/#breadcrumb\"},\"inLanguage\":\"en-GB\",\"potentialAction\":[{\"@type\":\"ReadAction\",\"target\":[\"https:\\\/\\\/www.shop.plumesdesetoiles.fr\\\/shop\\\/le-coin-des-tresors-oublies\\\/collier-twister-eclats-de-pierre-reve-enchante\\\/\"]}]},{\"@type\":\"ImageObject\",\"inLanguage\":\"en-GB\",\"@id\":\"https:\\\/\\\/www.shop.plumesdesetoiles.fr\\\/shop\\\/le-coin-des-tresors-oublies\\\/collier-twister-eclats-de-pierre-reve-enchante\\\/#primaryimage\",\"url\":\"https:\\\/\\\/www.shop.plumesdesetoiles.fr\\\/wp-content\\\/uploads\\\/2025\\\/04\\\/BIJ16COL003_4_5-Collier-Twister.jpg\",\"contentUrl\":\"https:\\\/\\\/www.shop.plumesdesetoiles.fr\\\/wp-content\\\/uploads\\\/2025\\\/04\\\/BIJ16COL003_4_5-Collier-Twister.jpg\",\"width\":1080,\"height\":1080},{\"@type\":\"BreadcrumbList\",\"@id\":\"https:\\\/\\\/www.shop.plumesdesetoiles.fr\\\/shop\\\/le-coin-des-tresors-oublies\\\/collier-twister-eclats-de-pierre-reve-enchante\\\/#breadcrumb\",\"itemListElement\":[{\"@type\":\"ListItem\",\"position\":1,\"name\":\"Accueil\",\"item\":\"https:\\\/\\\/www.shop.plumesdesetoiles.fr\\\/\"},{\"@type\":\"ListItem\",\"position\":2,\"name\":\"\ud83d\uded2 Ma Boutique\",\"item\":\"https:\\\/\\\/www.shop.plumesdesetoiles.fr\\\/shop\\\/\"},{\"@type\":\"ListItem\",\"position\":3,\"name\":\"\ud83d\udc8e Collier Twister &#8211; \u00c9clats de pierre, r\u00eave enchant\u00e9\"}]},{\"@type\":\"WebSite\",\"@id\":\"https:\\\/\\\/www.shop.plumesdesetoiles.fr\\\/#website\",\"url\":\"https:\\\/\\\/www.shop.plumesdesetoiles.fr\\\/\",\"name\":\"L\u2019Atelier des Mondes \u00c9toil\u00e9s\",\"description\":\"\",\"publisher\":{\"@id\":\"https:\\\/\\\/www.shop.plumesdesetoiles.fr\\\/#organization\"},\"potentialAction\":[{\"@type\":\"SearchAction\",\"target\":{\"@type\":\"EntryPoint\",\"urlTemplate\":\"https:\\\/\\\/www.shop.plumesdesetoiles.fr\\\/?s={search_term_string}\"},\"query-input\":{\"@type\":\"PropertyValueSpecification\",\"valueRequired\":true,\"valueName\":\"search_term_string\"}}],\"inLanguage\":\"en-GB\"},{\"@type\":\"Organization\",\"@id\":\"https:\\\/\\\/www.shop.plumesdesetoiles.fr\\\/#organization\",\"name\":\"L\u2019Atelier des Mondes \u00c9toil\u00e9s\",\"url\":\"https:\\\/\\\/www.shop.plumesdesetoiles.fr\\\/\",\"logo\":{\"@type\":\"ImageObject\",\"inLanguage\":\"en-GB\",\"@id\":\"https:\\\/\\\/www.shop.plumesdesetoiles.fr\\\/#\\\/schema\\\/logo\\\/image\\\/\",\"url\":\"https:\\\/\\\/www.shop.plumesdesetoiles.fr\\\/wp-content\\\/uploads\\\/2026\\\/01\\\/Logo-site-2026.png\",\"contentUrl\":\"https:\\\/\\\/www.shop.plumesdesetoiles.fr\\\/wp-content\\\/uploads\\\/2026\\\/01\\\/Logo-site-2026.png\",\"width\":512,\"height\":512,\"caption\":\"L\u2019Atelier des Mondes \u00c9toil\u00e9s\"},\"image\":{\"@id\":\"https:\\\/\\\/www.shop.plumesdesetoiles.fr\\\/#\\\/schema\\\/logo\\\/image\\\/\"}}]}<\/script>\n<!-- \/ Yoast SEO plugin. -->","yoast_head_json":{"title":"\ud83d\udc8e Collier Twister - \u00c9clats de pierre, r\u00eave enchant\u00e9 - L\u2019Atelier des Mondes \u00c9toil\u00e9s","robots":{"index":"index","follow":"follow","max-snippet":"max-snippet:-1","max-image-preview":"max-image-preview:large","max-video-preview":"max-video-preview:-1"},"canonical":"https:\/\/www.shop.plumesdesetoiles.fr\/en\/shop\/le-coin-des-tresors-oublies\/collier-twister-eclats-de-pierre-reve-enchante\/","og_locale":"en_GB","og_type":"article","og_title":"\ud83d\udc8e Collier Twister - \u00c9clats de pierre, r\u00eave enchant\u00e9 - L\u2019Atelier des Mondes \u00c9toil\u00e9s","og_description":"D\u00e9couvre ce collier pendentif artisanal, enti\u00e8rement r\u00e9alis\u00e9 \u00e0 la main avec des pierres naturelles, pour une touche d\u2019originalit\u00e9\u00a0et d\u2019\u00e9l\u00e9gance. Son design unique, ses mat\u00e9riaux de haute qualit\u00e9 et sa fabrication en \u00e9dition limit\u00e9e en font un\u00a0bijou pr\u00e9cieux\u00a0\u00e0 porter ou offrir.","og_url":"https:\/\/www.shop.plumesdesetoiles.fr\/en\/shop\/le-coin-des-tresors-oublies\/collier-twister-eclats-de-pierre-reve-enchante\/","og_site_name":"L\u2019Atelier des Mondes \u00c9toil\u00e9s","og_image":[{"width":1080,"height":1080,"url":"https:\/\/www.shop.plumesdesetoiles.fr\/wp-content\/uploads\/2025\/04\/BIJ16COL003_4_5-Collier-Twister.jpg","type":"image\/jpeg"}],"twitter_card":"summary_large_image","twitter_misc":{"Estimated reading time":"3 minutes"},"schema":{"@context":"https:\/\/schema.org","@graph":[{"@type":"WebPage","@id":"https:\/\/www.shop.plumesdesetoiles.fr\/shop\/le-coin-des-tresors-oublies\/collier-twister-eclats-de-pierre-reve-enchante\/","url":"https:\/\/www.shop.plumesdesetoiles.fr\/shop\/le-coin-des-tresors-oublies\/collier-twister-eclats-de-pierre-reve-enchante\/","name":"\ud83d\udc8e Collier Twister - \u00c9clats de pierre, r\u00eave enchant\u00e9 - L\u2019Atelier des Mondes \u00c9toil\u00e9s","isPartOf":{"@id":"https:\/\/www.shop.plumesdesetoiles.fr\/#website"},"primaryImageOfPage":{"@id":"https:\/\/www.shop.plumesdesetoiles.fr\/shop\/le-coin-des-tresors-oublies\/collier-twister-eclats-de-pierre-reve-enchante\/#primaryimage"},"image":{"@id":"https:\/\/www.shop.plumesdesetoiles.fr\/shop\/le-coin-des-tresors-oublies\/collier-twister-eclats-de-pierre-reve-enchante\/#primaryimage"},"thumbnailUrl":"https:\/\/www.shop.plumesdesetoiles.fr\/wp-content\/uploads\/2025\/04\/BIJ16COL003_4_5-Collier-Twister.jpg","datePublished":"2026-01-26T10:17:40+00:00","breadcrumb":{"@id":"https:\/\/www.shop.plumesdesetoiles.fr\/shop\/le-coin-des-tresors-oublies\/collier-twister-eclats-de-pierre-reve-enchante\/#breadcrumb"},"inLanguage":"en-GB","potentialAction":[{"@type":"ReadAction","target":["https:\/\/www.shop.plumesdesetoiles.fr\/shop\/le-coin-des-tresors-oublies\/collier-twister-eclats-de-pierre-reve-enchante\/"]}]},{"@type":"ImageObject","inLanguage":"en-GB","@id":"https:\/\/www.shop.plumesdesetoiles.fr\/shop\/le-coin-des-tresors-oublies\/collier-twister-eclats-de-pierre-reve-enchante\/#primaryimage","url":"https:\/\/www.shop.plumesdesetoiles.fr\/wp-content\/uploads\/2025\/04\/BIJ16COL003_4_5-Collier-Twister.jpg","contentUrl":"https:\/\/www.shop.plumesdesetoiles.fr\/wp-content\/uploads\/2025\/04\/BIJ16COL003_4_5-Collier-Twister.jpg","width":1080,"height":1080},{"@type":"BreadcrumbList","@id":"https:\/\/www.shop.plumesdesetoiles.fr\/shop\/le-coin-des-tresors-oublies\/collier-twister-eclats-de-pierre-reve-enchante\/#breadcrumb","itemListElement":[{"@type":"ListItem","position":1,"name":"Accueil","item":"https:\/\/www.shop.plumesdesetoiles.fr\/"},{"@type":"ListItem","position":2,"name":"\ud83d\uded2 Ma Boutique","item":"https:\/\/www.shop.plumesdesetoiles.fr\/shop\/"},{"@type":"ListItem","position":3,"name":"\ud83d\udc8e Collier Twister &#8211; \u00c9clats de pierre, r\u00eave enchant\u00e9"}]},{"@type":"WebSite","@id":"https:\/\/www.shop.plumesdesetoiles.fr\/#website","url":"https:\/\/www.shop.plumesdesetoiles.fr\/","name":"L\u2019Atelier des Mondes \u00c9toil\u00e9s","description":"","publisher":{"@id":"https:\/\/www.shop.plumesdesetoiles.fr\/#organization"},"potentialAction":[{"@type":"SearchAction","target":{"@type":"EntryPoint","urlTemplate":"https:\/\/www.shop.plumesdesetoiles.fr\/?s={search_term_string}"},"query-input":{"@type":"PropertyValueSpecification","valueRequired":true,"valueName":"search_term_string"}}],"inLanguage":"en-GB"},{"@type":"Organization","@id":"https:\/\/www.shop.plumesdesetoiles.fr\/#organization","name":"L\u2019Atelier des Mondes \u00c9toil\u00e9s","url":"https:\/\/www.shop.plumesdesetoiles.fr\/","logo":{"@type":"ImageObject","inLanguage":"en-GB","@id":"https:\/\/www.shop.plumesdesetoiles.fr\/#\/schema\/logo\/image\/","url":"https:\/\/www.shop.plumesdesetoiles.fr\/wp-content\/uploads\/2026\/01\/Logo-site-2026.png","contentUrl":"https:\/\/www.shop.plumesdesetoiles.fr\/wp-content\/uploads\/2026\/01\/Logo-site-2026.png","width":512,"height":512,"caption":"L\u2019Atelier des Mondes \u00c9toil\u00e9s"},"image":{"@id":"https:\/\/www.shop.plumesdesetoiles.fr\/#\/schema\/logo\/image\/"}}]}},"uagb_featured_image_src":{"full":["https:\/\/www.shop.plumesdesetoiles.fr\/wp-content\/uploads\/2025\/04\/BIJ16COL003_4_5-Collier-Twister.jpg",1080,1080,false],"thumbnail":["https:\/\/www.shop.plumesdesetoiles.fr\/wp-content\/uploads\/2025\/04\/BIJ16COL003_4_5-Collier-Twister-150x150.jpg",150,150,true],"medium":["https:\/\/www.shop.plumesdesetoiles.fr\/wp-content\/uploads\/2025\/04\/BIJ16COL003_4_5-Collier-Twister-300x300.jpg",300,300,true],"medium_large":["https:\/\/www.shop.plumesdesetoiles.fr\/wp-content\/uploads\/2025\/04\/BIJ16COL003_4_5-Collier-Twister-768x768.jpg",768,768,true],"large":["https:\/\/www.shop.plumesdesetoiles.fr\/wp-content\/uploads\/2025\/04\/BIJ16COL003_4_5-Collier-Twister-1024x1024.jpg",1024,1024,true],"1536x1536":["https:\/\/www.shop.plumesdesetoiles.fr\/wp-content\/uploads\/2025\/04\/BIJ16COL003_4_5-Collier-Twister.jpg",1080,1080,false],"2048x2048":["https:\/\/www.shop.plumesdesetoiles.fr\/wp-content\/uploads\/2025\/04\/BIJ16COL003_4_5-Collier-Twister.jpg",1080,1080,false],"trp-custom-language-flag":["https:\/\/www.shop.plumesdesetoiles.fr\/wp-content\/uploads\/2025\/04\/BIJ16COL003_4_5-Collier-Twister.jpg",12,12,false],"woocommerce_thumbnail":["https:\/\/www.shop.plumesdesetoiles.fr\/wp-content\/uploads\/2025\/04\/BIJ16COL003_4_5-Collier-Twister-300x300.jpg",300,300,true],"woocommerce_single":["https:\/\/www.shop.plumesdesetoiles.fr\/wp-content\/uploads\/2025\/04\/BIJ16COL003_4_5-Collier-Twister-600x600.jpg",600,600,true],"woocommerce_gallery_thumbnail":["https:\/\/www.shop.plumesdesetoiles.fr\/wp-content\/uploads\/2025\/04\/BIJ16COL003_4_5-Collier-Twister-150x150.jpg",100,100,true]},"uagb_author_info":{"display_name":"Plumes des Etoiles","author_link":"https:\/\/www.shop.plumesdesetoiles.fr\/en\/author\/"},"uagb_comment_info":0,"uagb_excerpt":"D\u00e9couvre ce collier pendentif artisanal, enti\u00e8rement r\u00e9alis\u00e9 \u00e0 la main avec des pierres naturelles, pour une touche d\u2019originalit\u00e9\u00a0et d\u2019\u00e9l\u00e9gance. Son design unique, ses mat\u00e9riaux de haute qualit\u00e9 et sa fabrication en \u00e9dition limit\u00e9e en font un\u00a0bijou pr\u00e9cieux\u00a0\u00e0 porter ou offrir.","_links":{"self":[{"href":"https:\/\/www.shop.plumesdesetoiles.fr\/en\/wp-json\/wp\/v2\/product\/6109","targetHints":{"allow":["GET"]}}],"collection":[{"href":"https:\/\/www.shop.plumesdesetoiles.fr\/en\/wp-json\/wp\/v2\/product"}],"about":[{"href":"https:\/\/www.shop.plumesdesetoiles.fr\/en\/wp-json\/wp\/v2\/types\/product"}],"replies":[{"embeddable":true,"href":"https:\/\/www.shop.plumesdesetoiles.fr\/en\/wp-json\/wp\/v2\/comments?post=6109"}],"wp:featuredmedia":[{"embeddable":true,"href":"https:\/\/www.shop.plumesdesetoiles.fr\/en\/wp-json\/wp\/v2\/media\/6116"}],"wp:attachment":[{"href":"https:\/\/www.shop.plumesdesetoiles.fr\/en\/wp-json\/wp\/v2\/media?parent=6109"}],"wp:term":[{"taxonomy":"product_brand","embeddable":true,"href":"https:\/\/www.shop.plumesdesetoiles.fr\/en\/wp-json\/wp\/v2\/product_brand?post=6109"},{"taxonomy":"product_cat","embeddable":true,"href":"https:\/\/www.shop.plumesdesetoiles.fr\/en\/wp-json\/wp\/v2\/product_cat?post=6109"},{"taxonomy":"product_tag","embeddable":true,"href":"https:\/\/www.shop.plumesdesetoiles.fr\/en\/wp-json\/wp\/v2\/product_tag?post=6109"}],"curies":[{"name":"wp","href":"https:\/\/api.w.org\/{rel}","templated":true}]}}