{"id":7898,"date":"2025-10-24T10:38:21","date_gmt":"2025-10-24T08:38:21","guid":{"rendered":"https:\/\/www.shop.plumesdesetoiles.fr\/?page_id=7898"},"modified":"2025-10-24T15:45:31","modified_gmt":"2025-10-24T13:45:31","slug":"codes-parrainage-bons-plans","status":"publish","type":"page","link":"https:\/\/www.shop.plumesdesetoiles.fr\/en\/codes-parrainage-bons-plans\/","title":{"rendered":"\ud83c\udf37 Mes codes de parrainage &amp; bons plans"},"content":{"rendered":"<div class=\"wp-block-uagb-container uagb-block-9fa23558 alignfull uagb-is-root-container\"><\/div>\n\n\n\n<div class=\"wp-block-uagb-container uagb-block-702a7775 alignfull uagb-is-root-container\">\n<div class=\"wp-block-uagb-image uagb-block-c4d1a5ba wp-block-uagb-image--layout-default wp-block-uagb-image--effect-static wp-block-uagb-image--align-none\"><figure class=\"wp-block-uagb-image__figure\"><img decoding=\"async\" srcset=\"https:\/\/www.shop.plumesdesetoiles.fr\/wp-content\/uploads\/2025\/04\/Accueil_Separateur_Plume.png ,https:\/\/www.shop.plumesdesetoiles.fr\/wp-content\/uploads\/2025\/04\/Accueil_Separateur_Plume.png 780w, https:\/\/www.shop.plumesdesetoiles.fr\/wp-content\/uploads\/2025\/04\/Accueil_Separateur_Plume.png 360w\" sizes=\"auto, (max-width: 480px) 150px\" src=\"https:\/\/www.shop.plumesdesetoiles.fr\/wp-content\/uploads\/2025\/04\/Accueil_Separateur_Plume.png\" alt=\"\" class=\"uag-image-5470\" width=\"120\" height=\"47\" title=\"Accueil_Separateur_Plume\" loading=\"lazy\" role=\"img\"\/><\/figure><\/div>\n<\/div>\n\n\n\n<div class=\"wp-block-uagb-container uagb-block-49ba9a95 alignfull uagb-is-root-container\"><div class=\"uagb-container-inner-blocks-wrap\">\n<h2 class=\"wp-block-heading has-text-align-center\"><br><strong>\ud83c\udf19 Une page pour partager ce qui m\u2019inspire<\/strong><\/h2>\n\n\n\n<p class=\"has-text-align-left\">Parce que j\u2019aime transmettre les outils qui m\u2019accompagnent chaque jour dans mes cr\u00e9ations, j\u2019ai r\u00e9uni ici tous mes <strong>liens de parrainage et bons plans favoris<\/strong>.<br>Ce sont des plateformes que j\u2019utilise vraiment, au quotidien, pour cr\u00e9er, \u00e9crire, organiser ou d\u00e9velopper <em>Plumes des \u00c9toiles<\/em>. \u2728<br><br>En passant par ces liens, tu b\u00e9n\u00e9ficies souvent d\u2019un <strong>avantage exclusif<\/strong> (r\u00e9duction, p\u00e9riode d\u2019essai gratuite, bonus). Tu soutiens mon travail de cr\u00e9atrice \u2014 sans co\u00fbt suppl\u00e9mentaire pour toi \ud83d\udc9b<\/p>\n\n\n\n<div class=\"wp-block-uagb-image uagb-block-e2eb8945 wp-block-uagb-image--layout-default wp-block-uagb-image--effect-static wp-block-uagb-image--align-none\"><figure class=\"wp-block-uagb-image__figure\"><img decoding=\"async\" srcset=\"https:\/\/www.shop.plumesdesetoiles.fr\/wp-content\/uploads\/2025\/08\/Separateur.png ,https:\/\/www.shop.plumesdesetoiles.fr\/wp-content\/uploads\/2025\/08\/Separateur.png 780w, https:\/\/www.shop.plumesdesetoiles.fr\/wp-content\/uploads\/2025\/08\/Separateur.png 360w\" sizes=\"auto, (max-width: 480px) 150px\" src=\"https:\/\/www.shop.plumesdesetoiles.fr\/wp-content\/uploads\/2025\/08\/Separateur.png\" alt=\"\" class=\"uag-image-7573\" width=\"650\" height=\"128\" title=\"Separateur\" loading=\"lazy\" role=\"img\"\/><\/figure><\/div>\n\n\n\n<div class=\"wp-block-uagb-advanced-heading uagb-block-3ef7e1fb\"><h2 class=\"uagb-heading-text\">\ud83c\udf3f <strong>Abby<\/strong><\/h2><\/div>\n\n\n\n<p>\u2728 <em>L\u2019assistant comptable des entrepreneurs et cr\u00e9atifs.<\/em><br>Une interface douce, claire, et parfaitement adapt\u00e9e aux auto-entrepreneurs.<br>\ud83d\udc8c <a href=\"https:\/\/abby.fr\/?code=4R-836462-PF\">\ud83d\udc49 <strong>D\u00e9couvre Abby ici<\/strong><\/a><br>\ud83d\udcab B\u00e9n\u00e9ficie d\u2019un <strong>mois offert<\/strong> pour simplifier ta gestion quotidienne.<\/p>\n\n\n\n<div class=\"wp-block-uagb-advanced-heading uagb-block-63fe42fa\"><h2 class=\"uagb-heading-text\"><strong>\ud83c\udf10 Hostinger<\/strong><\/h2><\/div>\n\n\n\n<p>\ud83e\udeb6 <em>L\u2019h\u00e9bergeur que j\u2019utilise pour mes sites Plumes des \u00c9toiles. (Boutique et Blog)<\/em><br>Rapide, fiable et simple d\u2019utilisation \u2014 parfait pour les cr\u00e9atifs et les petits entrepreneurs.<br>\ud83d\udc8c <a>\ud83d\udc49 <\/a><strong><a href=\"https:\/\/hostinger.fr?REFERRALCODE=2OQPLUMESAOA\">D\u00e9couvre Hostinger ici<\/a><\/strong><br>\ud83c\udf38 Profite d\u2019une <strong>r\u00e9duction sp\u00e9ciale<\/strong> gr\u00e2ce au lien de parrainage.<\/p>\n\n\n\n<div class=\"wp-block-uagb-advanced-heading uagb-block-c1eaf09b\"><h2 class=\"uagb-heading-text\"><strong>\ud83d\udcca Metricool<\/strong><\/h2><\/div>\n\n\n\n<p>\ud83c\udf19 <em>Mon compagnon d\u2019organisation pour les r\u00e9seaux sociaux.<\/em><br>Il m\u2019aide \u00e0 planifier, suivre mes statistiques et publier mes contenus en douceur.<br>\ud83d\udc8c <a>\ud83d\udc49 <\/a><strong><a href=\"https:\/\/f.mtr.cool\/VGCRVX\">Essaie Metricool ici<\/a><\/strong><br>\ud83c\udf3c D\u00e9couvre la version gratuite et explore leurs outils de planification avanc\u00e9s.<\/p>\n\n\n\n<div class=\"wp-block-uagb-advanced-heading uagb-block-c7359eff\"><h2 class=\"uagb-heading-text\">\ud83d\udd8b\ufe0f XP-Pen<\/h2><\/div>\n\n\n\n<p>\ud83c\udfa8 <em>Ma tablette graphique pr\u00e9f\u00e9r\u00e9e pour les illustrations et cr\u00e9ations manuelles.<\/em><br>Une alternative intuitive et accessible pour dessiner, coloriser ou animer tes id\u00e9es.<br>\ud83d\udc8c <a href=\"https:\/\/www.storexppen.fr\/buy\/tablette-de-dessin-magique.html?utm_medium=affiliate&amp;channel=pap&amp;utm_source=pap&amp;utm_content=PlumesXP23&amp;papClickId=$visitorid__5ef9355f\">\ud83d\udc49 <\/a><strong><a href=\"https:\/\/affiliate.xp-pen.com\/scripts\/x61lfhc97g?a_aid=PlumesXP23\">D\u00e9couvre XP-Pen ici<\/a><\/strong><br>\ud83c\udf3f Souvent des <strong>offres exclusives<\/strong> disponibles sur leur boutique officielle.<\/p>\n\n\n\n<div class=\"wp-block-uagb-advanced-heading uagb-block-f568233c\"><h2 class=\"uagb-heading-text\"><strong>\ud83c\udf93 Skillshare<\/strong><\/h2><\/div>\n\n\n\n<p>\ud83c\udf38 <em>Un lieu d\u2019inspiration infini pour apprendre, cr\u00e9er et \u00e9voluer.<\/em><br>J\u2019y trouve des cours de design, d\u2019\u00e9criture, de productivit\u00e9, et de d\u00e9veloppement cr\u00e9atif.<br>\ud83d\udc8c <a>\ud83d\udc49 <\/a><strong><a href=\"https:\/\/skl.sh\/3vLHtx3\">D\u00e9couvre Skillshare ici<\/a><\/strong><br>\ud83d\udcab Profite d\u2019un <strong>mois gratuit<\/strong> pour tester la plateforme et suivre des cours inspirants.<\/p>\n\n\n\n<div class=\"wp-block-uagb-advanced-heading uagb-block-0eb62ee1\"><h2 class=\"uagb-heading-text\"><strong>\ud83d\udcb3 SumUp<\/strong><\/h2><\/div>\n\n\n\n<p>\u2728 <em>Une solution simple pour encaisser paiements et ventes en pr\u00e9sentiel.<\/em><br>Parfaite pour les artisans, cr\u00e9ateurs et th\u00e9rapeutes lors de march\u00e9s ou ateliers.<br>\ud83d\udc8c <a>\ud83d\udc49<strong> <\/strong><\/a><strong><a href=\"https:\/\/r.sumup.com\/referrals\/iG4F-\">D\u00e9couvre SumUp ici<\/a><\/strong><br>\ud83c\udf37 Offre sp\u00e9ciale : <strong>r\u00e9duction sur ton premier terminal<\/strong> selon les promotions en cours.<\/p>\n\n\n\n<h2 class=\"wp-block-heading has-text-align-center\"><strong>\ud83d\udcdc Transparence &amp; gratitude<\/strong><\/h2>\n\n\n\n<p>\ud83d\udcac Certains liens pr\u00e9sents sur cette page sont <strong>affili\u00e9s ou parrain\u00e9s<\/strong>.<br>Cela signifie que je peux recevoir une petite commission si tu passes par ces liens \u2014 sans co\u00fbt suppl\u00e9mentaire pour toi.<br>Ces partenariats m\u2019aident \u00e0 continuer \u00e0 cr\u00e9er et \u00e0 proposer du contenu gratuit, doux et inspirant.<br><strong>Merci du fond du c\u0153ur pour ton soutien \ud83c\udf19\ud83d\udc9b<\/strong><\/p>\n<\/div><\/div>\n\n\n\n<p><\/p>","protected":false},"excerpt":{"rendered":"<p>\ud83c\udf19 Une page pour partager ce qui m\u2019inspire Parce que j\u2019aime transmettre les outils qui m\u2019accompagnent chaque jour dans mes [&hellip;]<\/p>\n","protected":false},"author":1,"featured_media":7900,"parent":0,"menu_order":0,"comment_status":"closed","ping_status":"closed","template":"","meta":{"_uag_custom_page_level_css":"","site-sidebar-layout":"default","site-content-layout":"","ast-site-content-layout":"default","site-content-style":"default","site-sidebar-style":"default","ast-global-header-display":"","ast-banner-title-visibility":"","ast-main-header-display":"","ast-hfb-above-header-display":"","ast-hfb-below-header-display":"","ast-hfb-mobile-header-display":"","site-post-title":"","ast-breadcrumbs-content":"","ast-featured-img":"disabled","footer-sml-layout":"","ast-disable-related-posts":"","theme-transparent-header-meta":"","adv-header-id-meta":"","stick-header-meta":"","header-above-stick-meta":"","header-main-stick-meta":"","header-below-stick-meta":"","astra-migrate-meta-layouts":"set","ast-page-background-enabled":"default","ast-page-background-meta":{"desktop":{"background-color":"","background-image":"","background-repeat":"repeat","background-position":"center center","background-size":"auto","background-attachment":"scroll","background-type":"","background-media":"","overlay-type":"","overlay-color":"","overlay-opacity":"","overlay-gradient":""},"tablet":{"background-color":"","background-image":"","background-repeat":"repeat","background-position":"center center","background-size":"auto","background-attachment":"scroll","background-type":"","background-media":"","overlay-type":"","overlay-color":"","overlay-opacity":"","overlay-gradient":""},"mobile":{"background-color":"","background-image":"","background-repeat":"repeat","background-position":"center center","background-size":"auto","background-attachment":"scroll","background-type":"","background-media":"","overlay-type":"","overlay-color":"","overlay-opacity":"","overlay-gradient":""}},"ast-content-background-meta":{"desktop":{"background-color":"var(--ast-global-color-5)","background-image":"","background-repeat":"repeat","background-position":"center center","background-size":"auto","background-attachment":"scroll","background-type":"","background-media":"","overlay-type":"","overlay-color":"","overlay-opacity":"","overlay-gradient":""},"tablet":{"background-color":"var(--ast-global-color-5)","background-image":"","background-repeat":"repeat","background-position":"center center","background-size":"auto","background-attachment":"scroll","background-type":"","background-media":"","overlay-type":"","overlay-color":"","overlay-opacity":"","overlay-gradient":""},"mobile":{"background-color":"var(--ast-global-color-5)","background-image":"","background-repeat":"repeat","background-position":"center center","background-size":"auto","background-attachment":"scroll","background-type":"","background-media":"","overlay-type":"","overlay-color":"","overlay-opacity":"","overlay-gradient":""}},"footnotes":""},"class_list":["post-7898","page","type-page","status-publish","has-post-thumbnail","hentry"],"yoast_head":"<!-- This site is optimized with the Yoast SEO plugin v27.3 - https:\/\/yoast.com\/product\/yoast-seo-wordpress\/ -->\n<title>\ud83c\udf37 Mes codes de parrainage &amp; bons plans - L\u2019Atelier des Mondes \u00c9toil\u00e9s<\/title>\n<meta name=\"description\" content=\"D\u00e9couvre mes codes de parrainage et outils favoris pour booster ta cr\u00e9ativit\u00e9 : Abby, Hostinger, Metricool, Skillshare, XP-Pen et SumUp... \ud83c\udf19\" \/>\n<meta name=\"robots\" content=\"index, follow, max-snippet:-1, max-image-preview:large, max-video-preview:-1\" \/>\n<link rel=\"canonical\" href=\"https:\/\/www.shop.plumesdesetoiles.fr\/en\/codes-parrainage-bons-plans\/\" \/>\n<meta property=\"og:locale\" content=\"en_GB\" \/>\n<meta property=\"og:type\" content=\"article\" \/>\n<meta property=\"og:title\" content=\"\ud83c\udf37 Mes codes de parrainage &amp; bons plans - L\u2019Atelier des Mondes \u00c9toil\u00e9s\" \/>\n<meta property=\"og:description\" content=\"D\u00e9couvre mes codes de parrainage et outils favoris pour booster ta cr\u00e9ativit\u00e9 : Abby, Hostinger, Metricool, Skillshare, XP-Pen et SumUp... \ud83c\udf19\" \/>\n<meta property=\"og:url\" content=\"https:\/\/www.shop.plumesdesetoiles.fr\/en\/codes-parrainage-bons-plans\/\" \/>\n<meta property=\"og:site_name\" content=\"L\u2019Atelier des Mondes \u00c9toil\u00e9s\" \/>\n<meta property=\"article:modified_time\" content=\"2025-10-24T13:45:31+00:00\" \/>\n<meta property=\"og:image\" content=\"https:\/\/www.shop.plumesdesetoiles.fr\/wp-content\/uploads\/2025\/10\/codesdeparrainage.png\" \/>\n\t<meta property=\"og:image:width\" content=\"1200\" \/>\n\t<meta property=\"og:image:height\" content=\"500\" \/>\n\t<meta property=\"og:image:type\" content=\"image\/png\" \/>\n<meta name=\"twitter:card\" content=\"summary_large_image\" \/>\n<meta name=\"twitter:label1\" content=\"Estimated reading time\" \/>\n\t<meta name=\"twitter:data1\" content=\"3 minutes\" \/>\n<script type=\"application\/ld+json\" class=\"yoast-schema-graph\">{\"@context\":\"https:\\\/\\\/schema.org\",\"@graph\":[{\"@type\":\"WebPage\",\"@id\":\"https:\\\/\\\/www.shop.plumesdesetoiles.fr\\\/codes-parrainage-bons-plans\\\/\",\"url\":\"https:\\\/\\\/www.shop.plumesdesetoiles.fr\\\/codes-parrainage-bons-plans\\\/\",\"name\":\"\ud83c\udf37 Mes codes de parrainage &amp; bons plans - L\u2019Atelier des Mondes \u00c9toil\u00e9s\",\"isPartOf\":{\"@id\":\"https:\\\/\\\/www.shop.plumesdesetoiles.fr\\\/#website\"},\"primaryImageOfPage\":{\"@id\":\"https:\\\/\\\/www.shop.plumesdesetoiles.fr\\\/codes-parrainage-bons-plans\\\/#primaryimage\"},\"image\":{\"@id\":\"https:\\\/\\\/www.shop.plumesdesetoiles.fr\\\/codes-parrainage-bons-plans\\\/#primaryimage\"},\"thumbnailUrl\":\"https:\\\/\\\/www.shop.plumesdesetoiles.fr\\\/wp-content\\\/uploads\\\/2025\\\/10\\\/codesdeparrainage.png\",\"datePublished\":\"2025-10-24T08:38:21+00:00\",\"dateModified\":\"2025-10-24T13:45:31+00:00\",\"description\":\"D\u00e9couvre mes codes de parrainage et outils favoris pour booster ta cr\u00e9ativit\u00e9 : Abby, Hostinger, Metricool, Skillshare, XP-Pen et SumUp... \ud83c\udf19\",\"breadcrumb\":{\"@id\":\"https:\\\/\\\/www.shop.plumesdesetoiles.fr\\\/codes-parrainage-bons-plans\\\/#breadcrumb\"},\"inLanguage\":\"en-GB\",\"potentialAction\":[{\"@type\":\"ReadAction\",\"target\":[\"https:\\\/\\\/www.shop.plumesdesetoiles.fr\\\/codes-parrainage-bons-plans\\\/\"]}]},{\"@type\":\"ImageObject\",\"inLanguage\":\"en-GB\",\"@id\":\"https:\\\/\\\/www.shop.plumesdesetoiles.fr\\\/codes-parrainage-bons-plans\\\/#primaryimage\",\"url\":\"https:\\\/\\\/www.shop.plumesdesetoiles.fr\\\/wp-content\\\/uploads\\\/2025\\\/10\\\/codesdeparrainage.png\",\"contentUrl\":\"https:\\\/\\\/www.shop.plumesdesetoiles.fr\\\/wp-content\\\/uploads\\\/2025\\\/10\\\/codesdeparrainage.png\",\"width\":1200,\"height\":500,\"caption\":\"D\u00e9couvre mes codes de parrainage et outils favoris pour booster ta cr\u00e9ativit\u00e9 : Canva, Abby, Hostinger, Metricool, Skillshare, XP-Pen et SumUp. \ud83c\udf19\"},{\"@type\":\"BreadcrumbList\",\"@id\":\"https:\\\/\\\/www.shop.plumesdesetoiles.fr\\\/codes-parrainage-bons-plans\\\/#breadcrumb\",\"itemListElement\":[{\"@type\":\"ListItem\",\"position\":1,\"name\":\"Accueil\",\"item\":\"https:\\\/\\\/www.shop.plumesdesetoiles.fr\\\/\"},{\"@type\":\"ListItem\",\"position\":2,\"name\":\"\ud83c\udf37 Mes codes de parrainage &amp; bons plans\"}]},{\"@type\":\"WebSite\",\"@id\":\"https:\\\/\\\/www.shop.plumesdesetoiles.fr\\\/#website\",\"url\":\"https:\\\/\\\/www.shop.plumesdesetoiles.fr\\\/\",\"name\":\"L\u2019Atelier des Mondes \u00c9toil\u00e9s\",\"description\":\"\",\"publisher\":{\"@id\":\"https:\\\/\\\/www.shop.plumesdesetoiles.fr\\\/#organization\"},\"potentialAction\":[{\"@type\":\"SearchAction\",\"target\":{\"@type\":\"EntryPoint\",\"urlTemplate\":\"https:\\\/\\\/www.shop.plumesdesetoiles.fr\\\/?s={search_term_string}\"},\"query-input\":{\"@type\":\"PropertyValueSpecification\",\"valueRequired\":true,\"valueName\":\"search_term_string\"}}],\"inLanguage\":\"en-GB\"},{\"@type\":\"Organization\",\"@id\":\"https:\\\/\\\/www.shop.plumesdesetoiles.fr\\\/#organization\",\"name\":\"L\u2019Atelier des Mondes \u00c9toil\u00e9s\",\"url\":\"https:\\\/\\\/www.shop.plumesdesetoiles.fr\\\/\",\"logo\":{\"@type\":\"ImageObject\",\"inLanguage\":\"en-GB\",\"@id\":\"https:\\\/\\\/www.shop.plumesdesetoiles.fr\\\/#\\\/schema\\\/logo\\\/image\\\/\",\"url\":\"https:\\\/\\\/www.shop.plumesdesetoiles.fr\\\/wp-content\\\/uploads\\\/2026\\\/01\\\/Logo-site-2026.png\",\"contentUrl\":\"https:\\\/\\\/www.shop.plumesdesetoiles.fr\\\/wp-content\\\/uploads\\\/2026\\\/01\\\/Logo-site-2026.png\",\"width\":512,\"height\":512,\"caption\":\"L\u2019Atelier des Mondes \u00c9toil\u00e9s\"},\"image\":{\"@id\":\"https:\\\/\\\/www.shop.plumesdesetoiles.fr\\\/#\\\/schema\\\/logo\\\/image\\\/\"}}]}<\/script>\n<!-- \/ Yoast SEO plugin. -->","yoast_head_json":{"title":"\ud83c\udf37 Mes codes de parrainage &amp; bons plans - L\u2019Atelier des Mondes \u00c9toil\u00e9s","description":"D\u00e9couvre mes codes de parrainage et outils favoris pour booster ta cr\u00e9ativit\u00e9 : Abby, Hostinger, Metricool, Skillshare, XP-Pen et SumUp... \ud83c\udf19","robots":{"index":"index","follow":"follow","max-snippet":"max-snippet:-1","max-image-preview":"max-image-preview:large","max-video-preview":"max-video-preview:-1"},"canonical":"https:\/\/www.shop.plumesdesetoiles.fr\/en\/codes-parrainage-bons-plans\/","og_locale":"en_GB","og_type":"article","og_title":"\ud83c\udf37 Mes codes de parrainage &amp; bons plans - L\u2019Atelier des Mondes \u00c9toil\u00e9s","og_description":"D\u00e9couvre mes codes de parrainage et outils favoris pour booster ta cr\u00e9ativit\u00e9 : Abby, Hostinger, Metricool, Skillshare, XP-Pen et SumUp... \ud83c\udf19","og_url":"https:\/\/www.shop.plumesdesetoiles.fr\/en\/codes-parrainage-bons-plans\/","og_site_name":"L\u2019Atelier des Mondes \u00c9toil\u00e9s","article_modified_time":"2025-10-24T13:45:31+00:00","og_image":[{"width":1200,"height":500,"url":"https:\/\/www.shop.plumesdesetoiles.fr\/wp-content\/uploads\/2025\/10\/codesdeparrainage.png","type":"image\/png"}],"twitter_card":"summary_large_image","twitter_misc":{"Estimated reading time":"3 minutes"},"schema":{"@context":"https:\/\/schema.org","@graph":[{"@type":"WebPage","@id":"https:\/\/www.shop.plumesdesetoiles.fr\/codes-parrainage-bons-plans\/","url":"https:\/\/www.shop.plumesdesetoiles.fr\/codes-parrainage-bons-plans\/","name":"\ud83c\udf37 Mes codes de parrainage &amp; bons plans - L\u2019Atelier des Mondes \u00c9toil\u00e9s","isPartOf":{"@id":"https:\/\/www.shop.plumesdesetoiles.fr\/#website"},"primaryImageOfPage":{"@id":"https:\/\/www.shop.plumesdesetoiles.fr\/codes-parrainage-bons-plans\/#primaryimage"},"image":{"@id":"https:\/\/www.shop.plumesdesetoiles.fr\/codes-parrainage-bons-plans\/#primaryimage"},"thumbnailUrl":"https:\/\/www.shop.plumesdesetoiles.fr\/wp-content\/uploads\/2025\/10\/codesdeparrainage.png","datePublished":"2025-10-24T08:38:21+00:00","dateModified":"2025-10-24T13:45:31+00:00","description":"D\u00e9couvre mes codes de parrainage et outils favoris pour booster ta cr\u00e9ativit\u00e9 : Abby, Hostinger, Metricool, Skillshare, XP-Pen et SumUp... \ud83c\udf19","breadcrumb":{"@id":"https:\/\/www.shop.plumesdesetoiles.fr\/codes-parrainage-bons-plans\/#breadcrumb"},"inLanguage":"en-GB","potentialAction":[{"@type":"ReadAction","target":["https:\/\/www.shop.plumesdesetoiles.fr\/codes-parrainage-bons-plans\/"]}]},{"@type":"ImageObject","inLanguage":"en-GB","@id":"https:\/\/www.shop.plumesdesetoiles.fr\/codes-parrainage-bons-plans\/#primaryimage","url":"https:\/\/www.shop.plumesdesetoiles.fr\/wp-content\/uploads\/2025\/10\/codesdeparrainage.png","contentUrl":"https:\/\/www.shop.plumesdesetoiles.fr\/wp-content\/uploads\/2025\/10\/codesdeparrainage.png","width":1200,"height":500,"caption":"D\u00e9couvre mes codes de parrainage et outils favoris pour booster ta cr\u00e9ativit\u00e9 : Canva, Abby, Hostinger, Metricool, Skillshare, XP-Pen et SumUp. \ud83c\udf19"},{"@type":"BreadcrumbList","@id":"https:\/\/www.shop.plumesdesetoiles.fr\/codes-parrainage-bons-plans\/#breadcrumb","itemListElement":[{"@type":"ListItem","position":1,"name":"Accueil","item":"https:\/\/www.shop.plumesdesetoiles.fr\/"},{"@type":"ListItem","position":2,"name":"\ud83c\udf37 Mes codes de parrainage &amp; bons plans"}]},{"@type":"WebSite","@id":"https:\/\/www.shop.plumesdesetoiles.fr\/#website","url":"https:\/\/www.shop.plumesdesetoiles.fr\/","name":"L\u2019Atelier des Mondes \u00c9toil\u00e9s","description":"","publisher":{"@id":"https:\/\/www.shop.plumesdesetoiles.fr\/#organization"},"potentialAction":[{"@type":"SearchAction","target":{"@type":"EntryPoint","urlTemplate":"https:\/\/www.shop.plumesdesetoiles.fr\/?s={search_term_string}"},"query-input":{"@type":"PropertyValueSpecification","valueRequired":true,"valueName":"search_term_string"}}],"inLanguage":"en-GB"},{"@type":"Organization","@id":"https:\/\/www.shop.plumesdesetoiles.fr\/#organization","name":"L\u2019Atelier des Mondes \u00c9toil\u00e9s","url":"https:\/\/www.shop.plumesdesetoiles.fr\/","logo":{"@type":"ImageObject","inLanguage":"en-GB","@id":"https:\/\/www.shop.plumesdesetoiles.fr\/#\/schema\/logo\/image\/","url":"https:\/\/www.shop.plumesdesetoiles.fr\/wp-content\/uploads\/2026\/01\/Logo-site-2026.png","contentUrl":"https:\/\/www.shop.plumesdesetoiles.fr\/wp-content\/uploads\/2026\/01\/Logo-site-2026.png","width":512,"height":512,"caption":"L\u2019Atelier des Mondes \u00c9toil\u00e9s"},"image":{"@id":"https:\/\/www.shop.plumesdesetoiles.fr\/#\/schema\/logo\/image\/"}}]}},"uagb_featured_image_src":{"full":["https:\/\/www.shop.plumesdesetoiles.fr\/wp-content\/uploads\/2025\/10\/codesdeparrainage.png",1200,500,false],"thumbnail":["https:\/\/www.shop.plumesdesetoiles.fr\/wp-content\/uploads\/2025\/10\/codesdeparrainage-150x150.png",150,150,true],"medium":["https:\/\/www.shop.plumesdesetoiles.fr\/wp-content\/uploads\/2025\/10\/codesdeparrainage-300x125.png",300,125,true],"medium_large":["https:\/\/www.shop.plumesdesetoiles.fr\/wp-content\/uploads\/2025\/10\/codesdeparrainage-768x320.png",768,320,true],"large":["https:\/\/www.shop.plumesdesetoiles.fr\/wp-content\/uploads\/2025\/10\/codesdeparrainage-1024x427.png",1024,427,true],"1536x1536":["https:\/\/www.shop.plumesdesetoiles.fr\/wp-content\/uploads\/2025\/10\/codesdeparrainage.png",1200,500,false],"2048x2048":["https:\/\/www.shop.plumesdesetoiles.fr\/wp-content\/uploads\/2025\/10\/codesdeparrainage.png",1200,500,false],"trp-custom-language-flag":["https:\/\/www.shop.plumesdesetoiles.fr\/wp-content\/uploads\/2025\/10\/codesdeparrainage.png",18,8,false],"woocommerce_thumbnail":["https:\/\/www.shop.plumesdesetoiles.fr\/wp-content\/uploads\/2025\/10\/codesdeparrainage-300x300.png",300,300,true],"woocommerce_single":["https:\/\/www.shop.plumesdesetoiles.fr\/wp-content\/uploads\/2025\/10\/codesdeparrainage-600x250.png",600,250,true],"woocommerce_gallery_thumbnail":["https:\/\/www.shop.plumesdesetoiles.fr\/wp-content\/uploads\/2025\/10\/codesdeparrainage-150x150.png",100,100,true]},"uagb_author_info":{"display_name":"Plumes des Etoiles","author_link":"https:\/\/www.shop.plumesdesetoiles.fr\/en\/author\/contactplumesdesetoiles-fr\/"},"uagb_comment_info":0,"uagb_excerpt":"\ud83c\udf19 Une page pour partager ce qui m\u2019inspire Parce que j\u2019aime transmettre les outils qui m\u2019accompagnent chaque jour dans mes [&hellip;]","_links":{"self":[{"href":"https:\/\/www.shop.plumesdesetoiles.fr\/en\/wp-json\/wp\/v2\/pages\/7898","targetHints":{"allow":["GET"]}}],"collection":[{"href":"https:\/\/www.shop.plumesdesetoiles.fr\/en\/wp-json\/wp\/v2\/pages"}],"about":[{"href":"https:\/\/www.shop.plumesdesetoiles.fr\/en\/wp-json\/wp\/v2\/types\/page"}],"author":[{"embeddable":true,"href":"https:\/\/www.shop.plumesdesetoiles.fr\/en\/wp-json\/wp\/v2\/users\/1"}],"replies":[{"embeddable":true,"href":"https:\/\/www.shop.plumesdesetoiles.fr\/en\/wp-json\/wp\/v2\/comments?post=7898"}],"version-history":[{"count":14,"href":"https:\/\/www.shop.plumesdesetoiles.fr\/en\/wp-json\/wp\/v2\/pages\/7898\/revisions"}],"predecessor-version":[{"id":7926,"href":"https:\/\/www.shop.plumesdesetoiles.fr\/en\/wp-json\/wp\/v2\/pages\/7898\/revisions\/7926"}],"wp:featuredmedia":[{"embeddable":true,"href":"https:\/\/www.shop.plumesdesetoiles.fr\/en\/wp-json\/wp\/v2\/media\/7900"}],"wp:attachment":[{"href":"https:\/\/www.shop.plumesdesetoiles.fr\/en\/wp-json\/wp\/v2\/media?parent=7898"}],"curies":[{"name":"wp","href":"https:\/\/api.w.org\/{rel}","templated":true}]}}