{"id":5729,"date":"2025-04-23T19:37:02","date_gmt":"2025-04-23T17:37:02","guid":{"rendered":"https:\/\/shop.plumesdesetoiles.fr\/?page_id=5729"},"modified":"2026-01-22T13:52:21","modified_gmt":"2026-01-22T12:52:21","slug":"mentions-legales","status":"publish","type":"page","link":"https:\/\/www.shop.plumesdesetoiles.fr\/en\/mentions-legales\/","title":{"rendered":"Legal Notice"},"content":{"rendered":"<div class=\"wp-block-uagb-container uagb-block-582961f6 alignfull uagb-is-root-container\">\n<div class=\"wp-block-uagb-advanced-heading uagb-block-151a1593\"><h1 class=\"uagb-heading-text\">Legal Notice<\/h1><p class=\"uagb-desc-text\">Last update : January 2026<\/p><\/div>\n<\/div>\n\n\n\n<div class=\"wp-block-uagb-container uagb-block-96eb9c65 alignfull uagb-is-root-container\"><div class=\"uagb-container-inner-blocks-wrap\">\n<div class=\"wp-block-uagb-image aligncenter uagb-block-c1d734b6 wp-block-uagb-image--layout-default wp-block-uagb-image--effect-static wp-block-uagb-image--align-center\"><figure class=\"wp-block-uagb-image__figure\"><img decoding=\"async\" srcset=\"https:\/\/shop.plumesdesetoiles.fr\/wp-content\/uploads\/2025\/04\/Accueil_Separateur_Plume.png ,https:\/\/shop.plumesdesetoiles.fr\/wp-content\/uploads\/2025\/04\/Accueil_Separateur_Plume.png 780w, https:\/\/shop.plumesdesetoiles.fr\/wp-content\/uploads\/2025\/04\/Accueil_Separateur_Plume.png 360w\" sizes=\"auto, (max-width: 480px) 150px\" src=\"https:\/\/shop.plumesdesetoiles.fr\/wp-content\/uploads\/2025\/04\/Accueil_Separateur_Plume.png\" alt=\"\" class=\"uag-image-5470\" width=\"120\" height=\"47\" title=\"Accueil_Separateur_Plume\" loading=\"lazy\" role=\"img\"\/><\/figure><\/div>\n<\/div><\/div>\n\n\n\n\n\n\n\n<div class=\"wp-block-uagb-container uagb-block-33c367f4 alignfull uagb-is-root-container\"><div class=\"uagb-container-inner-blocks-wrap\">\n<div class=\"wp-block-uagb-advanced-heading uagb-block-b5bfb590\"><p class=\"uagb-heading-text\">In accordance with the provisions of French law n\u00b02004-575 of June 21, 2004, on Confidence in the Digital Economy (LCEN), we inform users and visitors (\u201cUser\u201d) of the website <a href=\"https:\/\/www.shop.plumesdesetoiles.fr\/en\/\">https:\/\/www.shop.plumesdesetoiles.fr<\/a> that by browsing this site, they fully accept these legal notices.<\/p><\/div>\n\n\n\n<div class=\"wp-block-uagb-advanced-heading uagb-block-bcc78df4\"><h4 class=\"uagb-heading-text\">Website Publisher<\/h4><\/div>\n\n\n\n<div class=\"wp-block-uagb-advanced-heading uagb-block-9cd6603a\"><p class=\"uagb-heading-text\">\u27a1\ufe0f <strong>Company name :<\/strong> Plumes des \u00c9toiles<br>\u27a1\ufe0f <strong>Legal form :<\/strong> Micro-enterprise<br>\u27a1\ufe0f <strong>Head office :<\/strong> 75 Route Nationale, 39380 SOUVANS, France<br>\u27a1\ufe0f <strong>SIRET number :<\/strong> Not disclosed in accordance with the law<br>\u27a1\ufe0f <strong>VAT number :<\/strong> None<br>\u27a1\ufe0f <strong>Phone :<\/strong> +33 6 42 81 33 12<br>\u27a1\ufe0f <strong>Email :<\/strong> <a href=\"mailto: contact@plumesdesetoiles.fr\">contact@plumesdesetoiles.fr<\/a><\/p><\/div>\n\n\n\n<div class=\"wp-block-uagb-advanced-heading uagb-block-50f50772\"><h4 class=\"uagb-heading-text\">Publication Director<\/h4><\/div>\n\n\n\n<div class=\"wp-block-uagb-advanced-heading uagb-block-fe6fa771\"><p class=\"uagb-heading-text\">\u27a1\ufe0f <strong>Name:<\/strong> Plumes des \u00c9toiles<br>\u27a1\ufe0f <strong>Position :<\/strong> Owner<\/p><\/div>\n\n\n\n<div class=\"wp-block-uagb-advanced-heading uagb-block-04186683\"><h4 class=\"uagb-heading-text\">Hosting<\/h4><\/div>\n\n\n\n<div class=\"wp-block-uagb-advanced-heading uagb-block-28c1666f\"><p class=\"uagb-heading-text\">\u27a1\ufe0f <strong>Host name :<\/strong> HOSTINGER operations<br>\u27a1\ufe0f <strong>Address :<\/strong> UAB \u0160vitrigailos str. 34, Vilnius 03230, Lithuania<br>\u27a1\ufe0f <strong>Phone :<\/strong> +37064503378<br>\u27a1\ufe0f <strong>Email :<\/strong> <a href=\"mailto: domains@hostinger.com\">domains@hostinger.com<\/a><\/p><\/div>\n\n\n\n<div class=\"wp-block-uagb-advanced-heading uagb-block-096b061f\"><h4 class=\"uagb-heading-text\">Intellectual Property<\/h4><\/div>\n\n\n\n<div class=\"wp-block-uagb-advanced-heading uagb-block-ed75783d\"><p class=\"uagb-heading-text\">All content on <a href=\"https:\/\/www.shop.plumesdesetoiles.fr\/en\/\">https:\/\/www.shop.plumesdesetoiles.fr<\/a>, including <strong>texts, images, graphics, logos, videos, sounds and digital resources<\/strong>, is protected by the copyright and intellectual property of Plumes des \u00c9toiles.<br>The <strong>digital resources provided are for personal and non-commercial use only<\/strong>. Any reproduction, representation, modification, publication or adaptation without prior written permission is prohibited.<\/p><\/div>\n<\/div><\/div>\n\n\n\n<p><\/p>","protected":false},"excerpt":{"rendered":"<p>Mentions L\u00e9gales Derni\u00e8re mise \u00e0 jour : janvier 2026 In accordance with the provisions of French law n\u00b02004-575 of June [&hellip;]<\/p>\n","protected":false},"author":1,"featured_media":5731,"parent":0,"menu_order":0,"comment_status":"closed","ping_status":"closed","template":"","meta":{"_uag_custom_page_level_css":"","site-sidebar-layout":"default","site-content-layout":"","ast-site-content-layout":"default","site-content-style":"default","site-sidebar-style":"default","ast-global-header-display":"","ast-banner-title-visibility":"","ast-main-header-display":"","ast-hfb-above-header-display":"","ast-hfb-below-header-display":"","ast-hfb-mobile-header-display":"","site-post-title":"disabled","ast-breadcrumbs-content":"","ast-featured-img":"","footer-sml-layout":"","ast-disable-related-posts":"","theme-transparent-header-meta":"","adv-header-id-meta":"","stick-header-meta":"","header-above-stick-meta":"","header-main-stick-meta":"","header-below-stick-meta":"","astra-migrate-meta-layouts":"set","ast-page-background-enabled":"default","ast-page-background-meta":{"desktop":{"background-color":"","background-image":"","background-repeat":"repeat","background-position":"center center","background-size":"auto","background-attachment":"scroll","background-type":"","background-media":"","overlay-type":"","overlay-color":"","overlay-opacity":"","overlay-gradient":""},"tablet":{"background-color":"","background-image":"","background-repeat":"repeat","background-position":"center center","background-size":"auto","background-attachment":"scroll","background-type":"","background-media":"","overlay-type":"","overlay-color":"","overlay-opacity":"","overlay-gradient":""},"mobile":{"background-color":"","background-image":"","background-repeat":"repeat","background-position":"center center","background-size":"auto","background-attachment":"scroll","background-type":"","background-media":"","overlay-type":"","overlay-color":"","overlay-opacity":"","overlay-gradient":""}},"ast-content-background-meta":{"desktop":{"background-color":"var(--ast-global-color-5)","background-image":"","background-repeat":"repeat","background-position":"center center","background-size":"auto","background-attachment":"scroll","background-type":"","background-media":"","overlay-type":"","overlay-color":"","overlay-opacity":"","overlay-gradient":""},"tablet":{"background-color":"var(--ast-global-color-5)","background-image":"","background-repeat":"repeat","background-position":"center center","background-size":"auto","background-attachment":"scroll","background-type":"","background-media":"","overlay-type":"","overlay-color":"","overlay-opacity":"","overlay-gradient":""},"mobile":{"background-color":"var(--ast-global-color-5)","background-image":"","background-repeat":"repeat","background-position":"center center","background-size":"auto","background-attachment":"scroll","background-type":"","background-media":"","overlay-type":"","overlay-color":"","overlay-opacity":"","overlay-gradient":""}},"footnotes":""},"class_list":["post-5729","page","type-page","status-publish","has-post-thumbnail","hentry"],"yoast_head":"<!-- This site is optimized with the Yoast SEO plugin v27.3 - https:\/\/yoast.com\/product\/yoast-seo-wordpress\/ -->\n<title>Mentions L\u00e9gales - L\u2019Atelier des Mondes \u00c9toil\u00e9s<\/title>\n<meta name=\"robots\" content=\"index, follow, max-snippet:-1, max-image-preview:large, max-video-preview:-1\" \/>\n<link rel=\"canonical\" href=\"https:\/\/www.shop.plumesdesetoiles.fr\/en\/mentions-legales\/\" \/>\n<meta property=\"og:locale\" content=\"en_GB\" \/>\n<meta property=\"og:type\" content=\"article\" \/>\n<meta property=\"og:title\" content=\"Mentions L\u00e9gales - L\u2019Atelier des Mondes \u00c9toil\u00e9s\" \/>\n<meta property=\"og:description\" content=\"Mentions L\u00e9gales Derni\u00e8re mise \u00e0 jour : janvier 2026 In accordance with the provisions of French law n\u00b02004-575 of June [&hellip;]\" \/>\n<meta property=\"og:url\" content=\"https:\/\/www.shop.plumesdesetoiles.fr\/en\/mentions-legales\/\" \/>\n<meta property=\"og:site_name\" content=\"L\u2019Atelier des Mondes \u00c9toil\u00e9s\" \/>\n<meta property=\"article:modified_time\" content=\"2026-01-22T12:52:21+00:00\" \/>\n<meta property=\"og:image\" content=\"https:\/\/www.shop.plumesdesetoiles.fr\/wp-content\/uploads\/2025\/04\/mentions-legales.jpg\" \/>\n\t<meta property=\"og:image:width\" content=\"1021\" \/>\n\t<meta property=\"og:image:height\" content=\"680\" \/>\n\t<meta property=\"og:image:type\" content=\"image\/jpeg\" \/>\n<meta name=\"twitter:card\" content=\"summary_large_image\" \/>\n<meta name=\"twitter:label1\" content=\"Estimated reading time\" \/>\n\t<meta name=\"twitter:data1\" content=\"2 minutes\" \/>\n<script type=\"application\/ld+json\" class=\"yoast-schema-graph\">{\"@context\":\"https:\\\/\\\/schema.org\",\"@graph\":[{\"@type\":\"WebPage\",\"@id\":\"https:\\\/\\\/www.shop.plumesdesetoiles.fr\\\/mentions-legales\\\/\",\"url\":\"https:\\\/\\\/www.shop.plumesdesetoiles.fr\\\/mentions-legales\\\/\",\"name\":\"Mentions L\u00e9gales - L\u2019Atelier des Mondes \u00c9toil\u00e9s\",\"isPartOf\":{\"@id\":\"https:\\\/\\\/www.shop.plumesdesetoiles.fr\\\/#website\"},\"primaryImageOfPage\":{\"@id\":\"https:\\\/\\\/www.shop.plumesdesetoiles.fr\\\/mentions-legales\\\/#primaryimage\"},\"image\":{\"@id\":\"https:\\\/\\\/www.shop.plumesdesetoiles.fr\\\/mentions-legales\\\/#primaryimage\"},\"thumbnailUrl\":\"https:\\\/\\\/www.shop.plumesdesetoiles.fr\\\/wp-content\\\/uploads\\\/2025\\\/04\\\/mentions-legales.jpg\",\"datePublished\":\"2025-04-23T17:37:02+00:00\",\"dateModified\":\"2026-01-22T12:52:21+00:00\",\"breadcrumb\":{\"@id\":\"https:\\\/\\\/www.shop.plumesdesetoiles.fr\\\/mentions-legales\\\/#breadcrumb\"},\"inLanguage\":\"en-GB\",\"potentialAction\":[{\"@type\":\"ReadAction\",\"target\":[\"https:\\\/\\\/www.shop.plumesdesetoiles.fr\\\/mentions-legales\\\/\"]}]},{\"@type\":\"ImageObject\",\"inLanguage\":\"en-GB\",\"@id\":\"https:\\\/\\\/www.shop.plumesdesetoiles.fr\\\/mentions-legales\\\/#primaryimage\",\"url\":\"https:\\\/\\\/www.shop.plumesdesetoiles.fr\\\/wp-content\\\/uploads\\\/2025\\\/04\\\/mentions-legales.jpg\",\"contentUrl\":\"https:\\\/\\\/www.shop.plumesdesetoiles.fr\\\/wp-content\\\/uploads\\\/2025\\\/04\\\/mentions-legales.jpg\",\"width\":1021,\"height\":680},{\"@type\":\"BreadcrumbList\",\"@id\":\"https:\\\/\\\/www.shop.plumesdesetoiles.fr\\\/mentions-legales\\\/#breadcrumb\",\"itemListElement\":[{\"@type\":\"ListItem\",\"position\":1,\"name\":\"Accueil\",\"item\":\"https:\\\/\\\/www.shop.plumesdesetoiles.fr\\\/\"},{\"@type\":\"ListItem\",\"position\":2,\"name\":\"Mentions L\u00e9gales\"}]},{\"@type\":\"WebSite\",\"@id\":\"https:\\\/\\\/www.shop.plumesdesetoiles.fr\\\/#website\",\"url\":\"https:\\\/\\\/www.shop.plumesdesetoiles.fr\\\/\",\"name\":\"L\u2019Atelier des Mondes \u00c9toil\u00e9s\",\"description\":\"\",\"publisher\":{\"@id\":\"https:\\\/\\\/www.shop.plumesdesetoiles.fr\\\/#organization\"},\"potentialAction\":[{\"@type\":\"SearchAction\",\"target\":{\"@type\":\"EntryPoint\",\"urlTemplate\":\"https:\\\/\\\/www.shop.plumesdesetoiles.fr\\\/?s={search_term_string}\"},\"query-input\":{\"@type\":\"PropertyValueSpecification\",\"valueRequired\":true,\"valueName\":\"search_term_string\"}}],\"inLanguage\":\"en-GB\"},{\"@type\":\"Organization\",\"@id\":\"https:\\\/\\\/www.shop.plumesdesetoiles.fr\\\/#organization\",\"name\":\"L\u2019Atelier des Mondes \u00c9toil\u00e9s\",\"url\":\"https:\\\/\\\/www.shop.plumesdesetoiles.fr\\\/\",\"logo\":{\"@type\":\"ImageObject\",\"inLanguage\":\"en-GB\",\"@id\":\"https:\\\/\\\/www.shop.plumesdesetoiles.fr\\\/#\\\/schema\\\/logo\\\/image\\\/\",\"url\":\"https:\\\/\\\/www.shop.plumesdesetoiles.fr\\\/wp-content\\\/uploads\\\/2026\\\/01\\\/Logo-site-2026.png\",\"contentUrl\":\"https:\\\/\\\/www.shop.plumesdesetoiles.fr\\\/wp-content\\\/uploads\\\/2026\\\/01\\\/Logo-site-2026.png\",\"width\":512,\"height\":512,\"caption\":\"L\u2019Atelier des Mondes \u00c9toil\u00e9s\"},\"image\":{\"@id\":\"https:\\\/\\\/www.shop.plumesdesetoiles.fr\\\/#\\\/schema\\\/logo\\\/image\\\/\"}}]}<\/script>\n<!-- \/ Yoast SEO plugin. -->","yoast_head_json":{"title":"Mentions L\u00e9gales - L\u2019Atelier des Mondes \u00c9toil\u00e9s","robots":{"index":"index","follow":"follow","max-snippet":"max-snippet:-1","max-image-preview":"max-image-preview:large","max-video-preview":"max-video-preview:-1"},"canonical":"https:\/\/www.shop.plumesdesetoiles.fr\/en\/mentions-legales\/","og_locale":"en_GB","og_type":"article","og_title":"Mentions L\u00e9gales - L\u2019Atelier des Mondes \u00c9toil\u00e9s","og_description":"Mentions L\u00e9gales Derni\u00e8re mise \u00e0 jour : janvier 2026 In accordance with the provisions of French law n\u00b02004-575 of June [&hellip;]","og_url":"https:\/\/www.shop.plumesdesetoiles.fr\/en\/mentions-legales\/","og_site_name":"L\u2019Atelier des Mondes \u00c9toil\u00e9s","article_modified_time":"2026-01-22T12:52:21+00:00","og_image":[{"width":1021,"height":680,"url":"https:\/\/www.shop.plumesdesetoiles.fr\/wp-content\/uploads\/2025\/04\/mentions-legales.jpg","type":"image\/jpeg"}],"twitter_card":"summary_large_image","twitter_misc":{"Estimated reading time":"2 minutes"},"schema":{"@context":"https:\/\/schema.org","@graph":[{"@type":"WebPage","@id":"https:\/\/www.shop.plumesdesetoiles.fr\/mentions-legales\/","url":"https:\/\/www.shop.plumesdesetoiles.fr\/mentions-legales\/","name":"Mentions L\u00e9gales - L\u2019Atelier des Mondes \u00c9toil\u00e9s","isPartOf":{"@id":"https:\/\/www.shop.plumesdesetoiles.fr\/#website"},"primaryImageOfPage":{"@id":"https:\/\/www.shop.plumesdesetoiles.fr\/mentions-legales\/#primaryimage"},"image":{"@id":"https:\/\/www.shop.plumesdesetoiles.fr\/mentions-legales\/#primaryimage"},"thumbnailUrl":"https:\/\/www.shop.plumesdesetoiles.fr\/wp-content\/uploads\/2025\/04\/mentions-legales.jpg","datePublished":"2025-04-23T17:37:02+00:00","dateModified":"2026-01-22T12:52:21+00:00","breadcrumb":{"@id":"https:\/\/www.shop.plumesdesetoiles.fr\/mentions-legales\/#breadcrumb"},"inLanguage":"en-GB","potentialAction":[{"@type":"ReadAction","target":["https:\/\/www.shop.plumesdesetoiles.fr\/mentions-legales\/"]}]},{"@type":"ImageObject","inLanguage":"en-GB","@id":"https:\/\/www.shop.plumesdesetoiles.fr\/mentions-legales\/#primaryimage","url":"https:\/\/www.shop.plumesdesetoiles.fr\/wp-content\/uploads\/2025\/04\/mentions-legales.jpg","contentUrl":"https:\/\/www.shop.plumesdesetoiles.fr\/wp-content\/uploads\/2025\/04\/mentions-legales.jpg","width":1021,"height":680},{"@type":"BreadcrumbList","@id":"https:\/\/www.shop.plumesdesetoiles.fr\/mentions-legales\/#breadcrumb","itemListElement":[{"@type":"ListItem","position":1,"name":"Accueil","item":"https:\/\/www.shop.plumesdesetoiles.fr\/"},{"@type":"ListItem","position":2,"name":"Mentions L\u00e9gales"}]},{"@type":"WebSite","@id":"https:\/\/www.shop.plumesdesetoiles.fr\/#website","url":"https:\/\/www.shop.plumesdesetoiles.fr\/","name":"L\u2019Atelier des Mondes \u00c9toil\u00e9s","description":"","publisher":{"@id":"https:\/\/www.shop.plumesdesetoiles.fr\/#organization"},"potentialAction":[{"@type":"SearchAction","target":{"@type":"EntryPoint","urlTemplate":"https:\/\/www.shop.plumesdesetoiles.fr\/?s={search_term_string}"},"query-input":{"@type":"PropertyValueSpecification","valueRequired":true,"valueName":"search_term_string"}}],"inLanguage":"en-GB"},{"@type":"Organization","@id":"https:\/\/www.shop.plumesdesetoiles.fr\/#organization","name":"L\u2019Atelier des Mondes \u00c9toil\u00e9s","url":"https:\/\/www.shop.plumesdesetoiles.fr\/","logo":{"@type":"ImageObject","inLanguage":"en-GB","@id":"https:\/\/www.shop.plumesdesetoiles.fr\/#\/schema\/logo\/image\/","url":"https:\/\/www.shop.plumesdesetoiles.fr\/wp-content\/uploads\/2026\/01\/Logo-site-2026.png","contentUrl":"https:\/\/www.shop.plumesdesetoiles.fr\/wp-content\/uploads\/2026\/01\/Logo-site-2026.png","width":512,"height":512,"caption":"L\u2019Atelier des Mondes \u00c9toil\u00e9s"},"image":{"@id":"https:\/\/www.shop.plumesdesetoiles.fr\/#\/schema\/logo\/image\/"}}]}},"uagb_featured_image_src":{"full":["https:\/\/www.shop.plumesdesetoiles.fr\/wp-content\/uploads\/2025\/04\/mentions-legales.jpg",1021,680,false],"thumbnail":["https:\/\/www.shop.plumesdesetoiles.fr\/wp-content\/uploads\/2025\/04\/mentions-legales-150x150.jpg",150,150,true],"medium":["https:\/\/www.shop.plumesdesetoiles.fr\/wp-content\/uploads\/2025\/04\/mentions-legales-300x200.jpg",300,200,true],"medium_large":["https:\/\/www.shop.plumesdesetoiles.fr\/wp-content\/uploads\/2025\/04\/mentions-legales-768x511.jpg",768,511,true],"large":["https:\/\/www.shop.plumesdesetoiles.fr\/wp-content\/uploads\/2025\/04\/mentions-legales.jpg",1021,680,false],"1536x1536":["https:\/\/www.shop.plumesdesetoiles.fr\/wp-content\/uploads\/2025\/04\/mentions-legales.jpg",1021,680,false],"2048x2048":["https:\/\/www.shop.plumesdesetoiles.fr\/wp-content\/uploads\/2025\/04\/mentions-legales.jpg",1021,680,false],"trp-custom-language-flag":["https:\/\/www.shop.plumesdesetoiles.fr\/wp-content\/uploads\/2025\/04\/mentions-legales.jpg",18,12,false],"woocommerce_thumbnail":["https:\/\/www.shop.plumesdesetoiles.fr\/wp-content\/uploads\/2025\/04\/mentions-legales-300x300.jpg",300,300,true],"woocommerce_single":["https:\/\/www.shop.plumesdesetoiles.fr\/wp-content\/uploads\/2025\/04\/mentions-legales-600x400.jpg",600,400,true],"woocommerce_gallery_thumbnail":["https:\/\/www.shop.plumesdesetoiles.fr\/wp-content\/uploads\/2025\/04\/mentions-legales-150x150.jpg",100,100,true]},"uagb_author_info":{"display_name":"Plumes des Etoiles","author_link":"https:\/\/www.shop.plumesdesetoiles.fr\/en\/author\/contactplumesdesetoiles-fr\/"},"uagb_comment_info":0,"uagb_excerpt":"Mentions L\u00e9gales Derni\u00e8re mise \u00e0 jour : janvier 2026 In accordance with the provisions of French law n\u00b02004-575 of June [&hellip;]","_links":{"self":[{"href":"https:\/\/www.shop.plumesdesetoiles.fr\/en\/wp-json\/wp\/v2\/pages\/5729","targetHints":{"allow":["GET"]}}],"collection":[{"href":"https:\/\/www.shop.plumesdesetoiles.fr\/en\/wp-json\/wp\/v2\/pages"}],"about":[{"href":"https:\/\/www.shop.plumesdesetoiles.fr\/en\/wp-json\/wp\/v2\/types\/page"}],"author":[{"embeddable":true,"href":"https:\/\/www.shop.plumesdesetoiles.fr\/en\/wp-json\/wp\/v2\/users\/1"}],"replies":[{"embeddable":true,"href":"https:\/\/www.shop.plumesdesetoiles.fr\/en\/wp-json\/wp\/v2\/comments?post=5729"}],"version-history":[{"count":5,"href":"https:\/\/www.shop.plumesdesetoiles.fr\/en\/wp-json\/wp\/v2\/pages\/5729\/revisions"}],"predecessor-version":[{"id":8379,"href":"https:\/\/www.shop.plumesdesetoiles.fr\/en\/wp-json\/wp\/v2\/pages\/5729\/revisions\/8379"}],"wp:featuredmedia":[{"embeddable":true,"href":"https:\/\/www.shop.plumesdesetoiles.fr\/en\/wp-json\/wp\/v2\/media\/5731"}],"wp:attachment":[{"href":"https:\/\/www.shop.plumesdesetoiles.fr\/en\/wp-json\/wp\/v2\/media?parent=5729"}],"curies":[{"name":"wp","href":"https:\/\/api.w.org\/{rel}","templated":true}]}}